{"id":9344,"date":"2026-02-16T18:46:26","date_gmt":"2026-02-16T18:46:26","guid":{"rendered":"https:\/\/snehascare.de\/?post_type=product&#038;p=9344"},"modified":"2026-02-16T18:49:41","modified_gmt":"2026-02-16T18:49:41","slug":"putali","status":"publish","type":"product","link":"https:\/\/snehascare.de\/en\/hund\/putali\/","title":{"rendered":"Putali"},"content":{"rendered":"<p><b>Putali <\/b>\ud83d\udc3e<b>\u00a0<\/b><\/p>\n<p>&nbsp;<\/p>\n<p>Putali kam Anfang letzten Jahres in unseren Shelter. Sie ist etwa 2019 geboren \u2013 und eine kleine K\u00e4mpferin.<\/p>\n<p>&nbsp;<\/p>\n<p>Als sie gefunden wurde, war ihr Zustand dramatisch. Sie hatte einen komplizierten Beckenbruch. Die Klinik wollte sie einschl\u00e4fern, da die Verletzung sehr schwer ist und in Nepal nicht operiert werden kann \ud83d\ude41 Niemand glaubte wirklich daran, dass sie \u00fcberleben w\u00fcrde.<\/p>\n<p>&nbsp;<\/p>\n<p>Doch Putali hatte ihren eigenen Plan.<\/p>\n<p>&nbsp;<\/p>\n<p>Mit viel Geduld, Schmerztherapie, Ruhe und liebevoller Pflege im Shelter hat sie sich zur\u00fcck ins Leben gek\u00e4mpft. Auch wenn ihr Becken nie operiert werden konnte, hat sie einen Weg gefunden, mit ihrer Einschr\u00e4nkung zu leben.<\/p>\n<p>&nbsp;<\/p>\n<p>Und inzwischen?<\/p>\n<p>Inzwischen rennt sie sogar durchs Shelter \u2013 auch wenn sie ihr rechtes hinteres Bein nicht richtig bewegen kann. Und dabei ist sie \u00fcberraschend flott unterwegs! \ud83d\udc9b<\/p>\n<p>&nbsp;<\/p>\n<p>Wir sind unendlich dankbar, dass Putali in Eva eine Patin gefunden hat. Dank ihrer Unterst\u00fctzung darf Putali in Sicherheit bleiben, bekommt die notwendige Versorgung.<\/p>\n<p>&nbsp;<\/p>\n<p>Putali ist ein stilles Wunder \u2013 ein Beweis daf\u00fcr, dass man niemals zu fr\u00fch aufgeben sollte. \ud83d\udc3e<\/p>\n<p>&nbsp;<\/p>\n<p>\u2e3b<\/p>\n<p><b>Putali <\/b>\ud83d\udc3e<b>\u00a0<\/b><\/p>\n<p>Putali came to our shelter at the beginning of last year. She was born around 2019 \u00a0\u2013 and a true little fighter.<\/p>\n<p>When she was found, her condition was critical. She had a very complicated pelvic fracture. The AMC wanted to euthanize her because the injury is severe and cannot be operated on in Nepal \ud83d\ude41 No one really believed she would survive.<\/p>\n<p>But Putali had her own plans.<\/p>\n<p>With patience, pain management, rest, and loving care in the shelter, she slowly fought her way back to life. Even though her pelvis could not be surgically repaired, she has found a way to live with her condition.<\/p>\n<p>And now?<\/p>\n<p>She is even running around the shelter \u2013 although she cannot properly move her right leg. And she is surprisingly fast! \ud83d\udc9b<\/p>\n<p>We are incredibly grateful that Putali has found a sponsor in Eva. Thanks to her support, Putali can stay safe, receive the care she needs.<\/p>\n<p>Putali is a quiet miracle \u2013 a reminder that we should never give up too soon. \ud83d\udc3e<\/p>","protected":false},"excerpt":{"rendered":"<p>Gender: Female<\/p>\n<p>Born: 2019<\/p>\n<p>Farbe: schwarz mit braun<\/p>","protected":false},"featured_media":9348,"template":"","meta":[],"product_brand":[],"product_cat":[63],"product_tag":[],"class_list":{"0":"post-9344","1":"product","2":"type-product","3":"status-publish","4":"has-post-thumbnail","6":"product_cat-paten-gefunden","8":"first","9":"instock","10":"shipping-taxable","11":"product-type-simple"},"_links":{"self":[{"href":"https:\/\/snehascare.de\/en\/wp-json\/wp\/v2\/product\/9344","targetHints":{"allow":["GET"]}}],"collection":[{"href":"https:\/\/snehascare.de\/en\/wp-json\/wp\/v2\/product"}],"about":[{"href":"https:\/\/snehascare.de\/en\/wp-json\/wp\/v2\/types\/product"}],"wp:featuredmedia":[{"embeddable":true,"href":"https:\/\/snehascare.de\/en\/wp-json\/wp\/v2\/media\/9348"}],"wp:attachment":[{"href":"https:\/\/snehascare.de\/en\/wp-json\/wp\/v2\/media?parent=9344"}],"wp:term":[{"taxonomy":"product_brand","embeddable":true,"href":"https:\/\/snehascare.de\/en\/wp-json\/wp\/v2\/product_brand?post=9344"},{"taxonomy":"product_cat","embeddable":true,"href":"https:\/\/snehascare.de\/en\/wp-json\/wp\/v2\/product_cat?post=9344"},{"taxonomy":"product_tag","embeddable":true,"href":"https:\/\/snehascare.de\/en\/wp-json\/wp\/v2\/product_tag?post=9344"}],"curies":[{"name":"wp","href":"https:\/\/api.w.org\/{rel}","templated":true}]}}