{"id":9338,"date":"2026-02-16T13:36:53","date_gmt":"2026-02-16T13:36:53","guid":{"rendered":"https:\/\/snehascare.de\/?post_type=product&#038;p=9338"},"modified":"2026-03-22T17:33:21","modified_gmt":"2026-03-22T17:33:21","slug":"rohan","status":"publish","type":"product","link":"https:\/\/snehascare.de\/en\/hund\/rohan\/","title":{"rendered":"Rohan"},"content":{"rendered":"<p>\ud83d\udd4a\ufe0f<b> Rohan \u2013 f\u00fcr immer in unseren Herzen<\/b><\/p>\n<p>Rohan kam am 27.01.2026 als schwer verletzter Welpe zu Sneha\u2019s Care, nachdem er von einem Schakal gebissen worden war. Mit viel Liebe und medizinischer Versorgung hat er sich ins Leben zur\u00fcckgek\u00e4mpft.<\/p>\n<p>Er wurde zu einem lebensfrohen, neugierigen und wunderbar frechen jungen Hund, der jeden Tag Freude ins Shelter brachte.<\/p>\n<p>Umso schwerer trifft uns sein Verlust:<\/p>\n<p>Nach kurzer Krankheit ist Rohan trotz aller Bem\u00fchungen an <b>Parvovirose<\/b> verstorben.<\/p>\n<p>Wir sind unendlich traurig, aber auch dankbar f\u00fcr die Zeit mit ihm.<\/p>\n<p>Ein besonderer Dank gilt seiner Patin <b>Sandra<\/b>, die ihm ein sicheres und umsorgtes Leben erm\u00f6glicht hat. \ud83d\udc9b<\/p>\n<p>Run free, kleiner Rohan. \ud83c\udf08\ud83d\udc3e<\/p>\n<p>\u2e3b<\/p>\n<p>\ud83d\udd4a\ufe0f<b> Rohan \u2013 forever in our hearts<\/b><\/p>\n<p>Rohan came to Sneha\u2019s Care on January 27, 2026, as a badly injured puppy after being attacked by a jackal. With love and medical care, he fought his way back to life.<\/p>\n<p>He grew into a joyful, curious and wonderfully cheeky young dog who brought happiness to the shelter every day.<\/p>\n<p>Sadly, after a short illness, Rohan passed away from <b>parvovirus<\/b>, despite all our efforts.<\/p>\n<p>We are heartbroken, but grateful for the time we had with him.<\/p>\n<p>A special thank you to his sponsor <b>Sandra<\/b>, who gave him a safe and cared-for life. \ud83d\udc9b<\/p>\n<p>Run free, little Rohan. \ud83c\udf08\ud83d\udc3e<\/p>\n<p>&nbsp;<\/p>\n<p>&nbsp;<\/p>\n<p>&nbsp;<\/p>\n<p><b>Rohan <\/b>\ud83d\udc3e<\/p>\n<p>&nbsp;<\/p>\n<p>Rohan kam am 27.01.2026 in unseren Shelter von Sneha\u2019s Care. Der damals erst etwa 5 Monate alte R\u00fcde wurde in einem Weidegebiet gefunden, nachdem er von einem Schakal an mehreren Stellen seines kleinen K\u00f6rpers gebissen worden war.<\/p>\n<p>&nbsp;<\/p>\n<p>Er wurde sofort medizinisch versorgt, seine Wunden wurden behandelt und er erhielt die notwendigen Medikamente. Zum Gl\u00fcck ist Rohan vollst\u00e4ndig genesen.<\/p>\n<p>&nbsp;<\/p>\n<p>Und heute?<\/p>\n<p>Heute ist Rohan ein lebensfroher, aufgeweckter und \u2013 ja \u2013 auch ziemlich frecher junger Hund \ud83d\ude09 Er steckt voller Energie und bringt mit seiner neugierigen Art jeden Tag ein bisschen Trubel in den Shelter-Alltag.<\/p>\n<p>&nbsp;<\/p>\n<p>Wir sind sehr dankbar, dass Rohan in Sandra bereits eine liebevolle Patin gefunden hat. Dank ihrer Unterst\u00fctzung darf er in Sicherheit leben und muss nicht auf der Stra\u00dfe ums \u00dcberleben k\u00e4mpfen.<\/p>\n<p>&nbsp;<\/p>\n<p>\u2014\u2014-<\/p>\n<p><b>Rohan <\/b>\ud83d\udc3e<\/p>\n<p>Rohan came to Sneha\u2019s Care on 27 January 2026. At only about 5 months old, he was found in a cattle grazing area after being bitten by a jackal in several parts of his small body.<\/p>\n<p>He received immediate medical treatment, his wounds were carefully dressed, and he was given the necessary medication. Thankfully, Rohan made a full recovery.<\/p>\n<p>And today?<\/p>\n<p>Today Rohan is a happy, lively and \u2013 yes \u2013 quite cheeky young boy \ud83d\ude09 He is full of energy and curiosity, bringing joy and a little bit of mischief to everyday life at the shelter.<\/p>\n<p>We are very grateful that Rohan has already found a loving sponsor in Sandra. Thanks to her support, he can live in safety and does not have to struggle to survive on the streets.<\/p>","protected":false},"excerpt":{"rendered":"<p>Gender: Male<\/p>\n<p>Geboren: ca. 27.08.2025<\/p>\n<p>Verstorben: 27.02.2026<\/p>\n<p>&nbsp;<\/p>\n<p>Farbe: schwarz \/ braun<\/p>","protected":false},"featured_media":9341,"template":"","meta":[],"product_brand":[],"product_cat":[64],"product_tag":[],"class_list":{"0":"post-9338","1":"product","2":"type-product","3":"status-publish","4":"has-post-thumbnail","6":"product_cat-verstorben","8":"first","9":"instock","10":"shipping-taxable","11":"product-type-simple"},"_links":{"self":[{"href":"https:\/\/snehascare.de\/en\/wp-json\/wp\/v2\/product\/9338","targetHints":{"allow":["GET"]}}],"collection":[{"href":"https:\/\/snehascare.de\/en\/wp-json\/wp\/v2\/product"}],"about":[{"href":"https:\/\/snehascare.de\/en\/wp-json\/wp\/v2\/types\/product"}],"wp:featuredmedia":[{"embeddable":true,"href":"https:\/\/snehascare.de\/en\/wp-json\/wp\/v2\/media\/9341"}],"wp:attachment":[{"href":"https:\/\/snehascare.de\/en\/wp-json\/wp\/v2\/media?parent=9338"}],"wp:term":[{"taxonomy":"product_brand","embeddable":true,"href":"https:\/\/snehascare.de\/en\/wp-json\/wp\/v2\/product_brand?post=9338"},{"taxonomy":"product_cat","embeddable":true,"href":"https:\/\/snehascare.de\/en\/wp-json\/wp\/v2\/product_cat?post=9338"},{"taxonomy":"product_tag","embeddable":true,"href":"https:\/\/snehascare.de\/en\/wp-json\/wp\/v2\/product_tag?post=9338"}],"curies":[{"name":"wp","href":"https:\/\/api.w.org\/{rel}","templated":true}]}}