{"id":9325,"date":"2026-01-01T18:23:05","date_gmt":"2026-01-01T18:23:05","guid":{"rendered":"https:\/\/snehascare.de\/?post_type=product&#038;p=9325"},"modified":"2026-01-04T17:28:57","modified_gmt":"2026-01-04T17:28:57","slug":"whity","status":"publish","type":"product","link":"https:\/\/snehascare.de\/en\/hund\/whity\/","title":{"rendered":"Whity"},"content":{"rendered":"<p>Namaste zusammen! Ich bin <b>Whity<\/b> \u2013 eines der Mitglieder der ber\u00fchmt-ber\u00fcchtigten Schweinebande im Tierheim. Mein Name erkl\u00e4rt sich ganz einfach: Ich hei\u00dfe Whity wegen meines sch\u00f6nen wei\u00dfen Fells. Auch wenn ich manchmal ein wenig schelmisch bin, bin ich definitiv der freundlichste aus unserer Gruppe. Ich liebe es, wenn neue Besucher kommen und Zeit mit mir verbringen. Mit meinem fr\u00f6hlichen Grunzen, meinem geringelten Schw\u00e4nzchen und meiner verspielten Art bin ich nur schwer zu widerstehen \u2013 Spielen geh\u00f6rt zu meinen absoluten Lieblingsbesch\u00e4ftigungen.<\/p>\n<p>&nbsp;<\/p>\n<p>Meine Geschichte begann in <b>Kailali<\/b>, gemeinsam mit meinen Schweinefreunden. Wir wurden f\u00fcr den Fleischkonsum gez\u00fcchtet und hatten kaum Bewegungsfreiheit. Alles, was z\u00e4hlte, war zuzunehmen. Wir waren stark \u00fcbergewichtig, unbeweglich und f\u00fchrten ein sehr ungesundes Leben \u2013 niemand k\u00fcmmerte sich um unser Wohl.<\/p>\n<p>&nbsp;<\/p>\n<p>Bis <b>Sneha Shrestha<\/b> unser Leid erkannte. Sie sah die ungerechte und unmenschliche Haltung, in der wir lebten, und rettete uns aus dieser Situation. Dank ihr durften wir endlich an einen Ort kommen, an dem wir uns frei bewegen, spielen und einfach Schwein sein d\u00fcrfen. Mit der Zeit erreichten wir wieder ein gesundes Gewicht und genie\u00dfen nun unser Leben im <b>Farm Animal Sanctuary<\/b> von Sneha\u2019s Care.<\/p>\n<p>&nbsp;<\/p>\n<p>Da immer mehr Tiere in Not gerettet werden, w\u00e4chst das Tierheim stetig. F\u00fcr sogenannte Nutztiere sind Adoptionen leider sehr selten. Umso wichtiger ist Unterst\u00fctzung durch Patenschaften. Mit deiner Hilfe k\u00f6nnen wir weiterhin ein sicheres, erf\u00fclltes Leben f\u00fchren.<\/p>\n<p>&nbsp;<\/p>\n<p>Ich bin gl\u00fccklich mit Stephanie eine Patin gefunden zu haben &#8211; DANKE!<\/p>\n<p>\u2e3b<\/p>\n<p>Namaste everyone! My name is <b>Whity<\/b>, and I am one of the members of the infamous piggy gang at the shelter. My name is quite simple\u2014I\u2019m called Whity because of my white coat. Even though I can be a little mischievous at times, I\u2019m the friendliest one in our group. I absolutely love meeting new visitors and interacting with them. With my cheerful oinking, curly tail, and playful nature, I\u2019m hard to resist\u2014playing with people is one of my favorite things to do.<\/p>\n<p>My story began in <b>Kailali<\/b>, together with my piggy friends. We were bred for meat consumption and had very little freedom. Our only purpose was to gain weight. We were severely overweight, struggled to move, and lived very unhealthy lives. No one seemed to care\u2014except for <b>Sneha Shrestha<\/b>.<\/p>\n<p>She noticed the unfair and inhumane conditions we were kept in and rescued us from that terrible place. Thanks to her, we now have a home where we can move freely, exercise, and truly live. Over time, we returned to a healthy weight and now enjoy our days at the <b>farm animal sanctuary<\/b> of Sneha\u2019s Care.<\/p>\n<p>As more animals in need are rescued, the shelter continues to grow. Unfortunately, farm animals are rarely adopted. That\u2019s why sponsorships are so important. With your support, we can live a safe and fulfilling life.<\/p>\n<p>I am happy to have found a godmother in Stephanie &#8211; THANK YOU!<\/p>","protected":false},"excerpt":{"rendered":"<p><b>Gender: Female<\/b><\/p>\n<p><b>Geboren: unbekannt<\/b><\/p>\n<p><b>Colour: White<\/b><\/p>","protected":false},"featured_media":9327,"template":"","meta":[],"product_brand":[],"product_cat":[63],"product_tag":[],"class_list":{"0":"post-9325","1":"product","2":"type-product","3":"status-publish","4":"has-post-thumbnail","6":"product_cat-paten-gefunden","8":"first","9":"instock","10":"shipping-taxable","11":"product-type-simple"},"_links":{"self":[{"href":"https:\/\/snehascare.de\/en\/wp-json\/wp\/v2\/product\/9325","targetHints":{"allow":["GET"]}}],"collection":[{"href":"https:\/\/snehascare.de\/en\/wp-json\/wp\/v2\/product"}],"about":[{"href":"https:\/\/snehascare.de\/en\/wp-json\/wp\/v2\/types\/product"}],"wp:featuredmedia":[{"embeddable":true,"href":"https:\/\/snehascare.de\/en\/wp-json\/wp\/v2\/media\/9327"}],"wp:attachment":[{"href":"https:\/\/snehascare.de\/en\/wp-json\/wp\/v2\/media?parent=9325"}],"wp:term":[{"taxonomy":"product_brand","embeddable":true,"href":"https:\/\/snehascare.de\/en\/wp-json\/wp\/v2\/product_brand?post=9325"},{"taxonomy":"product_cat","embeddable":true,"href":"https:\/\/snehascare.de\/en\/wp-json\/wp\/v2\/product_cat?post=9325"},{"taxonomy":"product_tag","embeddable":true,"href":"https:\/\/snehascare.de\/en\/wp-json\/wp\/v2\/product_tag?post=9325"}],"curies":[{"name":"wp","href":"https:\/\/api.w.org\/{rel}","templated":true}]}}