{"id":9313,"date":"2025-12-30T17:15:31","date_gmt":"2025-12-30T17:15:31","guid":{"rendered":"https:\/\/snehascare.de\/?post_type=product&#038;p=9313"},"modified":"2025-12-30T17:15:31","modified_gmt":"2025-12-30T17:15:31","slug":"chinuu","status":"publish","type":"product","link":"https:\/\/snehascare.de\/en\/hund\/chinuu\/","title":{"rendered":"Chinuu"},"content":{"rendered":"<p><b>Chinuu \u2013 auf dem Weg der Heilung<\/b><\/p>\n<p>&nbsp;<\/p>\n<p>Chinuu wurde aus dem Gebiet rund um den Batsaladevi Mandir zu uns ins Tierheim gebracht. Als man ihn fand, befand er sich in einem \u00e4u\u00dferst kritischen Zustand \u2013 gezeichnet von schwerer Pyodermie und den Folgen langer Vernachl\u00e4ssigung.<\/p>\n<p>&nbsp;<\/p>\n<p>Bei seiner Ankunft war sein Zustand herzzerrei\u00dfend. Chinuu war so geschw\u00e4cht, dass er nicht einmal mehr den Kopf heben konnte. Tage voller Hunger, Dehydrierung und Schmerzen hatten ihm jede Kraft genommen. Seine Haut war stark entz\u00fcndet und \u00fcbers\u00e4t mit tiefen, schmerzhaften Wunden durch die unbehandelte Infektion.<\/p>\n<p>&nbsp;<\/p>\n<p>Heute sind wir dankbar sagen zu k\u00f6nnen, dass Chinuu deutlich aktiver ist als noch zu Beginn. Dennoch befindet sich seine Haut weiterhin im Heilungsprozess. Die Infektion ist noch nicht vollst\u00e4ndig abgeklungen, und es wird Zeit, konsequente medizinische Behandlung und viel liebevolle Pflege brauchen, bis sein K\u00f6rper sich ganz erholen kann.<\/p>\n<p>&nbsp;<\/p>\n<p>Umso wertvoller ist die Unterst\u00fctzung seiner Patin <b>Annette<\/b>, die Chinuu auf diesem Weg begleitet. Dank ihrer Hilfe kann er die Versorgung und F\u00fcrsorge erhalten, die er so dringend braucht.<\/p>\n<p>&nbsp;<\/p>\n<p>\u2e3b<\/p>\n<p><b>Chinuu \u2013 on his journey to recovery<\/b><\/p>\n<p>Chinuu was brought to our shelter from the area around Batsaladevi Mandir. When he was found, he was in an extremely critical condition, suffering from severe pyoderma and the effects of long-term neglect.<\/p>\n<p>At the time of his arrival, his state was truly heartbreaking. Chinuu was so weak that he couldn\u2019t even lift his head. Days of hunger, dehydration, and pain had drained every bit of strength from his small body. His skin was badly infected and inflamed, covered with deep and painful lesions caused by untreated pyoderma.<\/p>\n<p>Today, we are grateful to share that Chinuu is more active than before. However, his skin is still in the recovery phase. The infection has not fully healed yet, and it will take time, consistent treatment, and gentle, loving care for his body to fully recover.<\/p>\n<p>We are deeply thankful for the support of his sponsor <b>Annette<\/b>, whose commitment makes it possible for Chinuu to receive the medical care and compassion he needs on his healing journey.<\/p>","protected":false},"excerpt":{"rendered":"<p><b>Gender: Male<\/b><\/p>\n<p><b>Geboren: unbekannt<\/b><\/p>\n<p><b>Farbe: derzeit ohne Fell<\/b><\/p>","protected":false},"featured_media":9315,"template":"","meta":[],"product_brand":[],"product_cat":[63],"product_tag":[],"class_list":{"0":"post-9313","1":"product","2":"type-product","3":"status-publish","4":"has-post-thumbnail","6":"product_cat-paten-gefunden","8":"first","9":"instock","10":"shipping-taxable","11":"product-type-simple"},"_links":{"self":[{"href":"https:\/\/snehascare.de\/en\/wp-json\/wp\/v2\/product\/9313","targetHints":{"allow":["GET"]}}],"collection":[{"href":"https:\/\/snehascare.de\/en\/wp-json\/wp\/v2\/product"}],"about":[{"href":"https:\/\/snehascare.de\/en\/wp-json\/wp\/v2\/types\/product"}],"wp:featuredmedia":[{"embeddable":true,"href":"https:\/\/snehascare.de\/en\/wp-json\/wp\/v2\/media\/9315"}],"wp:attachment":[{"href":"https:\/\/snehascare.de\/en\/wp-json\/wp\/v2\/media?parent=9313"}],"wp:term":[{"taxonomy":"product_brand","embeddable":true,"href":"https:\/\/snehascare.de\/en\/wp-json\/wp\/v2\/product_brand?post=9313"},{"taxonomy":"product_cat","embeddable":true,"href":"https:\/\/snehascare.de\/en\/wp-json\/wp\/v2\/product_cat?post=9313"},{"taxonomy":"product_tag","embeddable":true,"href":"https:\/\/snehascare.de\/en\/wp-json\/wp\/v2\/product_tag?post=9313"}],"curies":[{"name":"wp","href":"https:\/\/api.w.org\/{rel}","templated":true}]}}