{"id":9300,"date":"2025-11-04T14:10:20","date_gmt":"2025-11-04T14:10:20","guid":{"rendered":"https:\/\/snehascare.de\/?post_type=product&#038;p=9300"},"modified":"2025-11-04T14:10:20","modified_gmt":"2025-11-04T14:10:20","slug":"ronak","status":"publish","type":"product","link":"https:\/\/snehascare.de\/en\/hund\/ronak\/","title":{"rendered":"Ronak"},"content":{"rendered":"<p><b>Meine Geschichte:<\/b><\/p>\n<p>Ich bin Ronak \u2013 ein kleiner Welpe mit einem gro\u00dfen K\u00e4mpferherz. In Dhapakhel, Lalitpur wurde ich Opfer eines tragischen Hit-and-Run-Unfalls. Zum Gl\u00fcck fand mich eine tierliebe Frau namens Rejina Chualagain, als ich verletzt und v\u00f6llig entkr\u00e4ftet am Stra\u00dfenrand lag. Sie brachte mich sicher zu Sneha\u2019s Care, wo ich nun medizinische Hilfe und liebevolle Pflege bekomme.<\/p>\n<p>&nbsp;<\/p>\n<p><b>Mein Zustand:<\/b><\/p>\n<p>Bei der Untersuchung stellte sich heraus, dass ich mein rechtes Vorderbein verloren habe. Doch das Team hier k\u00fcmmert sich r\u00fchrend um mich, damit ich wieder zu Kr\u00e4ften komme. Ich bekomme nicht nur Medikamente, sondern auch ganz viel Liebe, W\u00e4rme und Hoffnung.<\/p>\n<p>&nbsp;<\/p>\n<p>Ich hatte gro\u00dfes Gl\u00fcck \u2013 <b>mit Nicole und J\u00fcrgen habe ich zwei wunderbare Pat:innen gefunden<\/b>, die mich auf meinem Weg begleiten und mir eine Zukunft schenken. \ud83d\udc96<\/p>\n<p>&nbsp;<\/p>\n<p>&nbsp;<\/p>\n<p>\u2e3b<\/p>\n<p><b>My Story:<\/b><\/p>\n<p>My name is Ronak \u2013 a tiny puppy with a big fighter\u2019s heart. I was the victim of a hit-and-run accident in Dhapakhel, Lalitpur. Thankfully, a kind woman named Rejina Chualagain found me in a very fragile state and brought me safely to Sneha\u2019s Care. Now I\u2019m under their care, receiving medical treatment and lots of love.<\/p>\n<p><b>My Condition:<\/b><\/p>\n<p>After examination, the team discovered that I had lost my right front leg. But I\u2019m getting stronger every day, surrounded by people who truly care for me. Their dedication gives me hope and the strength to heal.<\/p>\n<p>I\u2019m a very lucky boy \u2013 <b>Nicole and J\u00fcrgen have become my wonderful sponsors<\/b>, giving me love, support, and a bright future. \ud83d\udc96<\/p>","protected":false},"excerpt":{"rendered":"<p><b>Gender: Male<\/b><\/p>\n<p><b>Geboren: ca. August 2025<\/b><\/p>\n<p><b>Colour: Black and white<\/b><\/p>","protected":false},"featured_media":9303,"template":"","meta":[],"product_brand":[],"product_cat":[63],"product_tag":[],"class_list":{"0":"post-9300","1":"product","2":"type-product","3":"status-publish","4":"has-post-thumbnail","6":"product_cat-paten-gefunden","8":"first","9":"instock","10":"shipping-taxable","11":"product-type-simple"},"_links":{"self":[{"href":"https:\/\/snehascare.de\/en\/wp-json\/wp\/v2\/product\/9300","targetHints":{"allow":["GET"]}}],"collection":[{"href":"https:\/\/snehascare.de\/en\/wp-json\/wp\/v2\/product"}],"about":[{"href":"https:\/\/snehascare.de\/en\/wp-json\/wp\/v2\/types\/product"}],"wp:featuredmedia":[{"embeddable":true,"href":"https:\/\/snehascare.de\/en\/wp-json\/wp\/v2\/media\/9303"}],"wp:attachment":[{"href":"https:\/\/snehascare.de\/en\/wp-json\/wp\/v2\/media?parent=9300"}],"wp:term":[{"taxonomy":"product_brand","embeddable":true,"href":"https:\/\/snehascare.de\/en\/wp-json\/wp\/v2\/product_brand?post=9300"},{"taxonomy":"product_cat","embeddable":true,"href":"https:\/\/snehascare.de\/en\/wp-json\/wp\/v2\/product_cat?post=9300"},{"taxonomy":"product_tag","embeddable":true,"href":"https:\/\/snehascare.de\/en\/wp-json\/wp\/v2\/product_tag?post=9300"}],"curies":[{"name":"wp","href":"https:\/\/api.w.org\/{rel}","templated":true}]}}