{"id":9289,"date":"2025-06-18T17:46:24","date_gmt":"2025-06-18T17:46:24","guid":{"rendered":"https:\/\/snehascare.de\/?post_type=product&#038;p=9289"},"modified":"2025-06-18T17:53:27","modified_gmt":"2025-06-18T17:53:27","slug":"khaire-2","status":"publish","type":"product","link":"https:\/\/snehascare.de\/en\/hund\/khaire-2\/","title":{"rendered":"Khaire"},"content":{"rendered":"<p><b><span class=\"Apple-converted-space\">\u00a0<\/span>Namaste, ich bin Khaire!<\/b><\/p>\n<p>&nbsp;<\/p>\n<p>Ich wurde <b>vor 2020<\/b> geboren, das genaue Jahr wei\u00df niemand. Daf\u00fcr erinnere ich mich gut an die vielen harten Tage auf der Stra\u00dfe. Ich musste um Futter k\u00e4mpfen, wurde verletzt und wusste oft nicht, wo ich die n\u00e4chste Nacht schlafen sollte. Mein K\u00f6rper tr\u00e4gt noch immer <b>die Spuren dieser Zeit<\/b> \u2013 kleine Narben, die von meinem \u00dcberlebenswillen erz\u00e4hlen.<\/p>\n<p>&nbsp;<\/p>\n<p>Heute bin ich endlich in Sicherheit bei Sneha\u2019s Care. Ich genie\u00dfe mein Leben, bin aber lieber <b>Beobachter als Mittelpunkt<\/b>. Wenn du mich einfach in Ruhe meine Umgebung wahrnehmen l\u00e4sst, bin ich gl\u00fccklich. Zu viel N\u00e4he macht mich noch nerv\u00f6s \u2013 aber wer wei\u00df, vielleicht lerne ich mit der Zeit, mehr Vertrauen zu fassen.<\/p>\n<p>&nbsp;<\/p>\n<p>Ich suche eine Patin oder einen Paten, der mich genau so akzeptiert, wie ich bin: still, vorsichtig und doch voller Lebensfreude.<\/p>\n<p>&nbsp;<\/p>\n<p><b>Mit Abstand und Dankbarkeit,<\/b><\/p>\n<p><b>dein Khaire<\/b><\/p>\n<p>&nbsp;<\/p>\n<p>\u2e3b<\/p>\n<p><b>Namaste, I\u2019m Khaire!<\/b><\/p>\n<p>I was born <b>sometime before 2020<\/b> \u2014 no one knows exactly when. But what I do remember are the long, difficult days I spent on the streets. I fought for food, for a place to sleep, and my body still shows the <b>scars from those hard times<\/b> \u2014 scratches, cuts, and bruises that tell a story of survival.<\/p>\n<p>Now I\u2019m safe at Sneha\u2019s Care, and I truly love life. I just prefer to love it <b>from a distance<\/b>. I enjoy watching people, but I feel anxious when someone gets too close. Give me space and I\u2019m content. Maybe one day I\u2019ll learn to fully trust \u2014 I\u2019m trying, slowly.<\/p>\n<p>I\u2019m looking for a <b>sponsor<\/b> who understands my quiet spirit and is willing to stand by me, just as I am.<\/p>\n<p><b>With gentle gratitude,<\/b><\/p>\n<p><b>your Khaire<\/b><\/p>\n\n<div class=\"wpcf7 no-js\" id=\"wpcf7-f8093-o1\" lang=\"de-DE\" dir=\"ltr\" data-wpcf7-id=\"8093\">\n<div class=\"screen-reader-response\"><p role=\"status\" aria-live=\"polite\" aria-atomic=\"true\"><\/p> <ul><\/ul><\/div>\n<form action=\"\/en\/wp-json\/wp\/v2\/product\/9289#wpcf7-f8093-o1\" method=\"post\" class=\"wpcf7-form init\" aria-label=\"Kontaktformular\" novalidate=\"novalidate\" data-status=\"init\" data-trp-original-action=\"\/en\/wp-json\/wp\/v2\/product\/9289#wpcf7-f8093-o1\">\n<fieldset class=\"hidden-fields-container\"><input type=\"hidden\" name=\"_wpcf7\" value=\"8093\" \/><input type=\"hidden\" name=\"_wpcf7_version\" value=\"6.1\" \/><input type=\"hidden\" name=\"_wpcf7_locale\" value=\"de_DE\" \/><input type=\"hidden\" name=\"_wpcf7_unit_tag\" value=\"wpcf7-f8093-o1\" \/><input type=\"hidden\" name=\"_wpcf7_container_post\" value=\"0\" \/><input type=\"hidden\" name=\"_wpcf7_posted_data_hash\" value=\"\" \/>\n<\/fieldset>\n<h2>Yes, I want do be a sponsor!<\/h2>\n\n<span class=\"wpcf7-form-control-wrap\" data-name=\"radio-185\"><span class=\"wpcf7-form-control wpcf7-radio\"><span class=\"wpcf7-list-item first\"><input type=\"radio\" name=\"radio-185\" value=\"Dazu zahle ich 20 Euro im Monat f\u00fcr\" checked=\"checked\" \/><span class=\"wpcf7-list-item-label\">I pay 20 Euros per Month for:<\/span><\/span><span class=\"wpcf7-list-item last\"><input type=\"radio\" name=\"radio-185\" value=\"Ich werde Jahrespate und zahle 150 Euro einmalig f\u00fcr\" \/><span class=\"wpcf7-list-item-label\">I will become an annual sponsor and pay 150 Euros one-time for:<\/span><\/span><\/span><\/span>\n<\/br>\n\n<label>Name of the Animal (Required)\n    <span class=\"wpcf7-form-control-wrap\" data-name=\"tiername\"><input size=\"40\" maxlength=\"400\" class=\"wpcf7-form-control wpcf7-text\" aria-invalid=\"false\" value=\"\" type=\"text\" name=\"tiername\" \/><\/span> <\/label>\n\n<label>Surename (Required)\n    <span class=\"wpcf7-form-control-wrap\" data-name=\"lastname\"><input size=\"40\" maxlength=\"400\" class=\"wpcf7-form-control wpcf7-text wpcf7-validates-as-required\" aria-required=\"true\" aria-invalid=\"false\" value=\"\" type=\"text\" name=\"lastname\" \/><\/span> <\/label>\n\n<label>First Name (Required)\n    <span class=\"wpcf7-form-control-wrap\" data-name=\"firstname\"><input size=\"40\" maxlength=\"400\" class=\"wpcf7-form-control wpcf7-text wpcf7-validates-as-required\" aria-required=\"true\" aria-invalid=\"false\" value=\"\" type=\"text\" name=\"firstname\" \/><\/span> <\/label>\n\n<label> Street, Number (Required)\n    <span class=\"wpcf7-form-control-wrap\" data-name=\"address1\"><input size=\"40\" maxlength=\"400\" class=\"wpcf7-form-control wpcf7-text wpcf7-validates-as-required\" aria-required=\"true\" aria-invalid=\"false\" value=\"\" type=\"text\" name=\"address1\" \/><\/span> <\/label>\n\n<label> Postcode (Required)\n    <span class=\"wpcf7-form-control-wrap\" data-name=\"address2\"><input size=\"40\" maxlength=\"400\" class=\"wpcf7-form-control wpcf7-text wpcf7-validates-as-required\" aria-required=\"true\" aria-invalid=\"false\" value=\"\" type=\"text\" name=\"address2\" \/><\/span> <\/label>\n\n<label> City (Required)\n    <span class=\"wpcf7-form-control-wrap\" data-name=\"address3\"><input size=\"40\" maxlength=\"400\" class=\"wpcf7-form-control wpcf7-text wpcf7-validates-as-required\" aria-required=\"true\" aria-invalid=\"false\" value=\"\" type=\"text\" name=\"address3\" \/><\/span> <\/label>\n\n<label> Country (Required)\n    <span class=\"wpcf7-form-control-wrap\" data-name=\"address4\"><input size=\"40\" maxlength=\"400\" class=\"wpcf7-form-control wpcf7-text wpcf7-validates-as-required\" aria-required=\"true\" aria-invalid=\"false\" value=\"\" type=\"text\" name=\"address4\" \/><\/span> <\/label>\n\n<label> Mailadress (Required)\n    <span class=\"wpcf7-form-control-wrap\" data-name=\"email\"><input size=\"40\" maxlength=\"400\" class=\"wpcf7-form-control wpcf7-email wpcf7-validates-as-required wpcf7-text wpcf7-validates-as-email\" aria-required=\"true\" aria-invalid=\"false\" value=\"\" type=\"email\" name=\"email\" \/><\/span> <\/label>\n\n<label> I am giving a sponsorship as a gift. Please enter the name of the recipient here. \n    <span class=\"wpcf7-form-control-wrap\" data-name=\"pate\"><input size=\"40\" maxlength=\"400\" class=\"wpcf7-form-control wpcf7-text\" aria-invalid=\"false\" value=\"\" type=\"text\" name=\"pate\" \/><\/span> <\/label>\n<\/br>\n<h2> Direct debit mandate <\/h2>\n\n<span class=\"wpcf7-form-control-wrap\" data-name=\"einzugsermaechtigung-checkbox\"><span class=\"wpcf7-form-control wpcf7-acceptance\"><span class=\"wpcf7-list-item\"><label><input type=\"checkbox\" name=\"einzugsermaechtigung-checkbox\" value=\"1\" aria-invalid=\"false\" \/><span class=\"wpcf7-list-item-label\">I authorise Sneha's Care e.V. to debit my bank account with the amount due until further notice.<\/span><\/label><\/span><\/span><\/span>\n<label> Name Account holder (Required) \n    <span class=\"wpcf7-form-control-wrap\" data-name=\"kontoinhaber\"><input size=\"40\" maxlength=\"400\" class=\"wpcf7-form-control wpcf7-text wpcf7-validates-as-required\" aria-required=\"true\" aria-invalid=\"false\" value=\"\" type=\"text\" name=\"kontoinhaber\" \/><\/span> <\/label>\n<label> IBAN Number (Required) \n    <span class=\"wpcf7-form-control-wrap\" data-name=\"iban\"><input size=\"40\" maxlength=\"400\" class=\"wpcf7-form-control wpcf7-text wpcf7-validates-as-required\" aria-required=\"true\" aria-invalid=\"false\" value=\"\" type=\"text\" name=\"iban\" \/><\/span> <\/label>\n<label> BIC Number (Required) \n    <span class=\"wpcf7-form-control-wrap\" data-name=\"bic\"><input size=\"40\" maxlength=\"400\" class=\"wpcf7-form-control wpcf7-text wpcf7-validates-as-required\" aria-required=\"true\" aria-invalid=\"false\" value=\"\" type=\"text\" name=\"bic\" \/><\/span> <\/label>\n<label> Name of the Bank (Required)\n    <span class=\"wpcf7-form-control-wrap\" data-name=\"kreditinstitut\"><input size=\"40\" maxlength=\"400\" class=\"wpcf7-form-control wpcf7-text wpcf7-validates-as-required\" aria-required=\"true\" aria-invalid=\"false\" value=\"\" type=\"text\" name=\"kreditinstitut\" \/><\/span> <\/label>\n<\/br>\n\n<p>We use a secure SSL certificate to encrypt the information you send to us.<\/p>\n<p>By using this form, you consent to the storage and processing of your data by this website.<\/p>\n<button class=\"wpcf7-form-control wpcf7-submit qodef-button qodef-size--normal qodef-type--filled qodef-m\" type=\"submit\"><span class=\"qodef-m-text\">Send<\/span><\/button><div class=\"wpcf7-response-output\" aria-hidden=\"true\"><\/div>\n<input type=\"hidden\" name=\"trp-form-language\" value=\"en\"\/><\/form>\n<\/div>\n\n<p>Bank Account Sneha's Care Deutschland e.V.<\/p>\n<p>Germany - Bank f\u00fcr Sozialwirtschaft<\/p>\n<p>IBAN: DE96 3702 0500 0001 6055 00<\/p>\n<p>BIC: BFSWDE33XXX<\/p>","protected":false},"excerpt":{"rendered":"<p><b>Gender: Male<\/b><\/p>\n<p><b>Born: 2018<\/b><\/p>\n<p><b>Colour: White<\/b><\/p>\n<p>&nbsp;<\/p>","protected":false},"featured_media":9290,"template":"","meta":[],"product_brand":[],"product_cat":[68],"product_tag":[],"class_list":{"0":"post-9289","1":"product","2":"type-product","3":"status-publish","4":"has-post-thumbnail","6":"product_cat-patenschaft","8":"first","9":"instock","10":"shipping-taxable","11":"purchasable","12":"product-type-simple"},"_links":{"self":[{"href":"https:\/\/snehascare.de\/en\/wp-json\/wp\/v2\/product\/9289","targetHints":{"allow":["GET"]}}],"collection":[{"href":"https:\/\/snehascare.de\/en\/wp-json\/wp\/v2\/product"}],"about":[{"href":"https:\/\/snehascare.de\/en\/wp-json\/wp\/v2\/types\/product"}],"wp:featuredmedia":[{"embeddable":true,"href":"https:\/\/snehascare.de\/en\/wp-json\/wp\/v2\/media\/9290"}],"wp:attachment":[{"href":"https:\/\/snehascare.de\/en\/wp-json\/wp\/v2\/media?parent=9289"}],"wp:term":[{"taxonomy":"product_brand","embeddable":true,"href":"https:\/\/snehascare.de\/en\/wp-json\/wp\/v2\/product_brand?post=9289"},{"taxonomy":"product_cat","embeddable":true,"href":"https:\/\/snehascare.de\/en\/wp-json\/wp\/v2\/product_cat?post=9289"},{"taxonomy":"product_tag","embeddable":true,"href":"https:\/\/snehascare.de\/en\/wp-json\/wp\/v2\/product_tag?post=9289"}],"curies":[{"name":"wp","href":"https:\/\/api.w.org\/{rel}","templated":true}]}}