{"id":9283,"date":"2025-06-17T17:45:59","date_gmt":"2025-06-17T17:45:59","guid":{"rendered":"https:\/\/snehascare.de\/?post_type=product&#038;p=9283"},"modified":"2026-02-01T17:41:07","modified_gmt":"2026-02-01T17:41:07","slug":"seru","status":"publish","type":"product","link":"https:\/\/snehascare.de\/en\/hund\/seru\/","title":{"rendered":"Seru"},"content":{"rendered":"<p>\ud83d\udd4a\ufe0f<b> Nachruf Seru\u00a0<\/b><\/p>\n<p><b>Seru \u2013 f\u00fcr immer in unseren Herzen<\/b><\/p>\n<p>Seru lebte seit 2019 bei Sneha\u2019s Care. Nach einem grausamen Start ins Leben durfte er hier endlich Sicherheit, F\u00fcrsorge und W\u00fcrde erfahren.<\/p>\n<p>Trotz schwerer Verletzungen und seiner Behinderung verlor er nie seinen Lebenswillen. Mit seinem Rollstuhl konnte er sich wieder bewegen und die Sonne genie\u00dfen.<\/p>\n<p>F\u00fcr nepalesische Verh\u00e4ltnisse ist Seru sehr alt geworden \u2013 auch dank seiner Patin <b>Ute<\/b>, deren Unterst\u00fctzung ihm ein umsorgtes Leben erm\u00f6glichte.<\/p>\n<p>Nun ist Seru frei, jenseits der Regenbogenbr\u00fccke. \ud83c\udf08\ud83d\udda4<\/p>\n<p>Er wird immer Teil unserer Familie bleiben.<\/p>\n<p>&nbsp;<\/p>\n<p>&nbsp;<\/p>\n<p>\u2e3b<\/p>\n<p>\ud83d\udd4a\ufe0f<b> Obituary Seru<\/b><\/p>\n<p><b>Seru \u2013 forever in our hearts<\/b><\/p>\n<p>Seru lived at Sneha\u2019s Care since 2019. After surviving severe abuse, he finally found safety, care, and dignity at the shelter.<\/p>\n<p>Despite his injuries and disability, Seru remained strong and gentle. With his wheelchair, he could move freely again and enjoy life.<\/p>\n<p>For Nepalese conditions, Seru grew very old \u2013 made possible through the loving support of his sponsor <b>Ute<\/b>.<\/p>\n<p>Now Seru is free, beyond the Rainbow Bridge. \ud83c\udf08\ud83d\udda4<\/p>\n<p>He will always be remembered.<\/p>\n<p>&nbsp;<\/p>\n<hr \/>\n<p>&nbsp;<\/p>\n<p>Hallo lieber Mensch,<\/p>\n<p>&nbsp;<\/p>\n<p>ich bin <b>Seru<\/b> und lebe seit 2019 bei Sneha\u2019s Care. Urspr\u00fcnglich komme ich aus <b>Nakhipot<\/b>.<\/p>\n<p>&nbsp;<\/p>\n<p>Ich habe Schreckliches erlebt. Mein damaliger Besitzer steckte mich in einen Jutesack, nur um mich zu schlagen und zu t\u00f6ten. Ich hatte solche Angst und Schmerzen \u2013 ich dachte, es ist aus. Doch jemand sah mich, h\u00f6rte mein Wimmern und <b>rettete mich in letzter Sekunde<\/b>.<\/p>\n<p>&nbsp;<\/p>\n<p>Seitdem lebe ich im Tierheim \u2013 in Sicherheit. Ich bin noch vorsichtig gegen\u00fcber Menschen. Es f\u00e4llt mir schwer, sofort zu vertrauen. Aber wei\u00dft du was? <b>Wenn ich jemanden ins Herz geschlossen habe, bin ich unglaublich verschmust und liebevoll.<\/b> Ich brauche einfach ein bisschen Geduld und Verst\u00e4ndnis.<\/p>\n<p>&nbsp;<\/p>\n<p>Durch meine Verletzungen brauche ich einen <b>Rollstuhl<\/b> \u2013 aber das ist gar kein Problem! <b>Ich komme damit prima zurecht und kann damit endlich wieder laufen.<\/b> Es macht mir sogar richtig Spa\u00df, mich wieder frei zu bewegen.<\/p>\n<p>&nbsp;<\/p>\n<p>Mit Ute habe ich einen lieben Menschen gefunden, der mich aus der Ferne unterst\u00fctzt \u2013 Dankesch\u00f6n\u00a0\u00a0\ud83d\udc3e\u2764\ufe0f<\/p>\n<p>&nbsp;<\/p>\n<p><b>In tiefer Dankbarkeit,<\/b><\/p>\n<p><b>dein Seru<\/b><\/p>\n<p>&nbsp;<\/p>\n<p>\u2e3b<\/p>\n<p><b>Hello dear human,<\/b><\/p>\n<p>My name is <b>Seru<\/b>, and I\u2019ve been living at Sneha\u2019s Care since <b>2019<\/b>. I originally come from <b>Nakhipot<\/b>.<\/p>\n<p>My past is filled with pain. My former owner put me in a jute bag just to beat me and end my life. I was terrified, hurting, and sure that everything was over. But someone saw me struggling \u2014 and <b>rescued me just in time<\/b>.<\/p>\n<p>Since then, I\u2019ve been safe at the shelter. I\u2019m still cautious around people, and it\u2019s hard for me to trust right away. But here\u2019s a little secret: <b>once I open up, I\u2019m very cuddly and affectionate.<\/b> I just need some time and patience.<\/p>\n<p>Because of my injuries, I now <b>use a wheelchair<\/b> \u2013 but that\u2019s not a problem at all! <b>I\u2019ve gotten used to it and can finally walk again.<\/b> It actually feels amazing to move around freely again.<\/p>\n<p>With Ute I have found a lovely person who supports me from afar \u2013 thank you \ud83d\udc36\u2764\ufe0f<\/p>\n<p><b>With love,<\/b><\/p>\n<p><b>your Seru<\/b><\/p>\n<p>&nbsp;<\/p>\n<p>&nbsp;<\/p>\n<p>Bank Account Sneha's Care Deutschland e.V.<\/p>\n<p>Germany - Bank f\u00fcr Sozialwirtschaft<\/p>\n<p>IBAN: DE96 3702 0500 0001 6055 00<\/p>\n<p>BIC: BFSWDE33XXX<\/p>","protected":false},"excerpt":{"rendered":"<p>Gender: Male<\/p>\n<p>Born: 2018<\/p>\n<p>Verstorben: 28.01.2026<\/p>\n<p>Farbe: schwarz \/ braun<\/p>","protected":false},"featured_media":9284,"template":"","meta":[],"product_brand":[],"product_cat":[64],"product_tag":[],"class_list":{"0":"post-9283","1":"product","2":"type-product","3":"status-publish","4":"has-post-thumbnail","6":"product_cat-verstorben","8":"first","9":"instock","10":"shipping-taxable","11":"product-type-simple"},"_links":{"self":[{"href":"https:\/\/snehascare.de\/en\/wp-json\/wp\/v2\/product\/9283","targetHints":{"allow":["GET"]}}],"collection":[{"href":"https:\/\/snehascare.de\/en\/wp-json\/wp\/v2\/product"}],"about":[{"href":"https:\/\/snehascare.de\/en\/wp-json\/wp\/v2\/types\/product"}],"wp:featuredmedia":[{"embeddable":true,"href":"https:\/\/snehascare.de\/en\/wp-json\/wp\/v2\/media\/9284"}],"wp:attachment":[{"href":"https:\/\/snehascare.de\/en\/wp-json\/wp\/v2\/media?parent=9283"}],"wp:term":[{"taxonomy":"product_brand","embeddable":true,"href":"https:\/\/snehascare.de\/en\/wp-json\/wp\/v2\/product_brand?post=9283"},{"taxonomy":"product_cat","embeddable":true,"href":"https:\/\/snehascare.de\/en\/wp-json\/wp\/v2\/product_cat?post=9283"},{"taxonomy":"product_tag","embeddable":true,"href":"https:\/\/snehascare.de\/en\/wp-json\/wp\/v2\/product_tag?post=9283"}],"curies":[{"name":"wp","href":"https:\/\/api.w.org\/{rel}","templated":true}]}}