{"id":9272,"date":"2025-06-15T17:57:22","date_gmt":"2025-06-15T17:57:22","guid":{"rendered":"https:\/\/snehascare.de\/?post_type=product&#038;p=9272"},"modified":"2026-02-16T09:49:11","modified_gmt":"2026-02-16T09:49:11","slug":"luna","status":"publish","type":"product","link":"https:\/\/snehascare.de\/en\/hund\/luna\/","title":{"rendered":"Luna"},"content":{"rendered":"<p>Hallo, ich bin <b>Luna<\/b>.<\/p>\n<p>&nbsp;<\/p>\n<p>Ich bin eher zur\u00fcckhaltend und brauche meinen Raum \u2013 N\u00e4he ist f\u00fcr mich nicht immer einfach. Aber ich w\u00fcnsche mir dennoch jemanden, der mich im Herzen tr\u00e4gt und mir hilft, mein Leben ein kleines bisschen leichter zu machen.<\/p>\n<p>&nbsp;<\/p>\n<p>Ich wurde am 18. Mai 2023 bei Sneha\u2019s Care aufgenommen, nachdem ich schwer verletzt aufgefunden wurde. Ich glaube, jemand hat mir gezielt auf die Vorderbeine geschlagen. Der Schmerz war \u00fcberw\u00e4ltigend. Bis heute ist die Fraktur nicht vollst\u00e4ndig verheilt. Jeder Schritt tut weh \u2013 k\u00f6rperlich und seelisch.<\/p>\n<p>&nbsp;<\/p>\n<p>Ich wei\u00df nicht, wo ich urspr\u00fcnglich herkomme. Aber ich wei\u00df, dass ich hier in Sicherheit bin.<\/p>\n<p>&nbsp;<\/p>\n<p>Dank Tina als Patin habe ich einen Menschen, der mich unterst\u00fctzt \u2013 mit einem Beitrag f\u00fcr meine Versorgung, Behandlungen und mein Leben im Shelter.<\/p>\n<p>&nbsp;<\/p>\n<p>\ud83d\udc3e Danke f\u00fcr Deine Unterst\u00fctzung, die mir Hoffnung schenkt.<\/p>\n<p>&nbsp;<\/p>\n<p>\u2e3b<\/p>\n<p>Hello, I\u2019m <b>Luna<\/b>.<\/p>\n<p>I\u2019m an independent girl who likes her space. I get nervous when people reach for me \u2013 closeness isn\u2019t easy for me. But I still dream of someone who can hold me in their heart and help make my life just a little bit better.<\/p>\n<p>I arrived at Sneha\u2019s Care on <b>May 18, 2023<\/b>, after being found badly injured. I believe someone struck my front legs, and the pain was overwhelming. I still have a fractured wound, and it hurts every time I try to move. The injury is deep, and it feels like it will never fully heal.<\/p>\n<p>I don\u2019t know where I originally came from.<\/p>\n<p>But here, I\u2019m safe.<\/p>\n<p>Thanks to Tina as my sponsor, I have someone who supports me \u2013 with a contribution towards my care, treatments, and life in the shelter.<\/p>\n<p>\ud83d\udc3e Thank you for your support, which gives me hope.<\/p>\n<p>&nbsp;<\/p>","protected":false},"excerpt":{"rendered":"<p><b>Geschlecht:<\/b> weiblich<\/p>\n<p><b>Born:<\/b> ca. 2020<\/p>\n<p><b>Farbe:<\/b> braun<\/p>\n<p>&nbsp;<\/p>","protected":false},"featured_media":9275,"template":"","meta":[],"product_brand":[],"product_cat":[63],"product_tag":[],"class_list":{"0":"post-9272","1":"product","2":"type-product","3":"status-publish","4":"has-post-thumbnail","6":"product_cat-paten-gefunden","8":"first","9":"instock","10":"shipping-taxable","11":"product-type-simple"},"_links":{"self":[{"href":"https:\/\/snehascare.de\/en\/wp-json\/wp\/v2\/product\/9272","targetHints":{"allow":["GET"]}}],"collection":[{"href":"https:\/\/snehascare.de\/en\/wp-json\/wp\/v2\/product"}],"about":[{"href":"https:\/\/snehascare.de\/en\/wp-json\/wp\/v2\/types\/product"}],"wp:featuredmedia":[{"embeddable":true,"href":"https:\/\/snehascare.de\/en\/wp-json\/wp\/v2\/media\/9275"}],"wp:attachment":[{"href":"https:\/\/snehascare.de\/en\/wp-json\/wp\/v2\/media?parent=9272"}],"wp:term":[{"taxonomy":"product_brand","embeddable":true,"href":"https:\/\/snehascare.de\/en\/wp-json\/wp\/v2\/product_brand?post=9272"},{"taxonomy":"product_cat","embeddable":true,"href":"https:\/\/snehascare.de\/en\/wp-json\/wp\/v2\/product_cat?post=9272"},{"taxonomy":"product_tag","embeddable":true,"href":"https:\/\/snehascare.de\/en\/wp-json\/wp\/v2\/product_tag?post=9272"}],"curies":[{"name":"wp","href":"https:\/\/api.w.org\/{rel}","templated":true}]}}