{"id":9256,"date":"2025-06-09T11:30:54","date_gmt":"2025-06-09T11:30:54","guid":{"rendered":"https:\/\/snehascare.de\/?post_type=product&#038;p=9256"},"modified":"2025-06-09T11:45:21","modified_gmt":"2025-06-09T11:45:21","slug":"kali-2","status":"publish","type":"product","link":"https:\/\/snehascare.de\/en\/hund\/kali-2\/","title":{"rendered":"Kali"},"content":{"rendered":"<p>Hallo lieber Mensch,<\/p>\n<p>&nbsp;<\/p>\n<p>ich bin Kali \u2013 freundlich, sensibel und gern mit meinen Hundefreund:innen unterwegs. Ich liebe auch Menschen sehr, brauche aber ein bisschen Zeit, um Vertrauen zu fassen.<\/p>\n<p>&nbsp;<\/p>\n<p>Bevor ich ins Tierheim kam, hatte ich gro\u00dfes Gl\u00fcck im Ungl\u00fcck: Ein Auto erfasste mich, brach mir die Beine und lie\u00df mich voller Angst und Schmerzen am Stra\u00dfenrand zur\u00fcck. Ich konnte mich nicht mehr bewegen \u2013 jeder Moment f\u00fchlte sich ewig an. Ich war allein, ver\u00e4ngstigt und hilflos. Doch tief in mir hielt ich an der Hoffnung fest, dass jemand mich retten w\u00fcrde. Und so kam ich zu Sneha\u2019s Care.<\/p>\n<p>&nbsp;<\/p>\n<p>Heute geht es mir besser \u2013 und ich habe sogar eine Patin gefunden!<\/p>\n<p>Liebe Andrea, danke von Herzen, dass du mir zur Seite stehst. Dein Vertrauen und deine Unterst\u00fctzung bedeuten mir ganz viel.<\/p>\n<p>\u2e3b<\/p>\n<p>Hello dear human,<\/p>\n<p>I\u2019m Kali \u2013 friendly and gentle, and I love spending time with my furry friends. I also like people a lot, but I need a little time to open up.<\/p>\n<p>Before I came to the shelter, something terrible happened: A speeding car hit me, fracturing my legs and leaving me helpless and terrified. The pain was unbearable, and I lay on the cold ground unable to move. Each moment felt like an eternity. I was scared and alone, but deep down I held on to a flicker of hope that someone would save me. And someone did \u2013 that\u2019s how I came to Sneha\u2019s Care.<\/p>\n<p>Now I\u2019m doing better \u2013 and I even found a sponsor!<\/p>\n<p>Dear Andrea, thank you from the bottom of my heart for being by my side. Your trust and support mean so much to me.<\/p>\n<p>&nbsp;<\/p>\n<p>&nbsp;<\/p>\n<p>Bank Account Sneha's Care Deutschland e.V.<\/p>\n<p>Germany - Bank f\u00fcr Sozialwirtschaft<\/p>\n<p>IBAN: DE96 3702 0500 0001 6055 00<\/p>\n<p>BIC: BFSWDE33XXX<\/p>","protected":false},"excerpt":{"rendered":"<p>Gender: Female<span class=\"Apple-converted-space\">\u00a0<\/span><\/p>\n<p>Born: 2019<\/p>\n<p>Colour: black<\/p>","protected":false},"featured_media":9257,"template":"","meta":[],"product_brand":[],"product_cat":[63],"product_tag":[],"class_list":{"0":"post-9256","1":"product","2":"type-product","3":"status-publish","4":"has-post-thumbnail","6":"product_cat-paten-gefunden","8":"first","9":"instock","10":"shipping-taxable","11":"product-type-simple"},"_links":{"self":[{"href":"https:\/\/snehascare.de\/en\/wp-json\/wp\/v2\/product\/9256","targetHints":{"allow":["GET"]}}],"collection":[{"href":"https:\/\/snehascare.de\/en\/wp-json\/wp\/v2\/product"}],"about":[{"href":"https:\/\/snehascare.de\/en\/wp-json\/wp\/v2\/types\/product"}],"wp:featuredmedia":[{"embeddable":true,"href":"https:\/\/snehascare.de\/en\/wp-json\/wp\/v2\/media\/9257"}],"wp:attachment":[{"href":"https:\/\/snehascare.de\/en\/wp-json\/wp\/v2\/media?parent=9256"}],"wp:term":[{"taxonomy":"product_brand","embeddable":true,"href":"https:\/\/snehascare.de\/en\/wp-json\/wp\/v2\/product_brand?post=9256"},{"taxonomy":"product_cat","embeddable":true,"href":"https:\/\/snehascare.de\/en\/wp-json\/wp\/v2\/product_cat?post=9256"},{"taxonomy":"product_tag","embeddable":true,"href":"https:\/\/snehascare.de\/en\/wp-json\/wp\/v2\/product_tag?post=9256"}],"curies":[{"name":"wp","href":"https:\/\/api.w.org\/{rel}","templated":true}]}}