{"id":9239,"date":"2025-05-11T16:15:01","date_gmt":"2025-05-11T16:15:01","guid":{"rendered":"https:\/\/snehascare.de\/?post_type=product&#038;p=9239"},"modified":"2025-05-11T16:15:04","modified_gmt":"2025-05-11T16:15:04","slug":"alba","status":"publish","type":"product","link":"https:\/\/snehascare.de\/en\/hund\/alba\/","title":{"rendered":"Alba"},"content":{"rendered":"<p><b>Hallo, ich bin Alba <\/b>\ud83d\udc3e<\/p>\n<p>Ich bin eine tapfere H\u00fcndin \u2013 und eine echte \u00dcberlebende.<br \/>\nNach einem schweren <i>Hit-and-Run<\/i>-Unfall wurde ich schwer verletzt auf der Stra\u00dfe gefunden. Ich hatte einen komplizierten, doppelten Beinbruch und gro\u00dfe Schmerzen. Doch zum Gl\u00fcck wurde ich rechtzeitig gefunden und in die Obhut von Sneha\u2019s Care gebracht.<\/p>\n<p>Inzwischen wurde ich operiert \u2013 ein wichtiger erster Schritt auf meinem Weg zur\u00fcck ins Leben. Doch ich habe noch einen weiten Weg vor mir: Ich brauche viel Ruhe, liebevolle Pflege und Zeit, um vollst\u00e4ndig zu heilen.<\/p>\n<p>Ich bin mutig, ich k\u00e4mpfe \u2013 aber ich schaffe das nicht allein.<\/p>\n<p>Umso dankbarer bin ich, dass <b>Franziska und Manuel<\/b> mich auf meinem Weg begleiten. Dank ihrer Patenschaft bekomme ich die medizinische Versorgung und Pflege, die ich so dringend brauche.<\/p>\n<p><b>Danke, dass ihr mir helft, wieder auf die Beine zu kommen.<\/b><\/p>\n<p>Eure<br \/>\n<b>Alba<\/b><\/p>\n<p>&nbsp;<\/p>\n<p>\u2014\u2014<\/p>\n<p><b>Hello, I&#8217;m Alba <\/b>\ud83d\udc3e<\/p>\n<p>I&#8217;m a brave girl \u2013 and a true survivor.<br \/>\nAfter a terrible <i>hit-and-run<\/i> accident, I was found lying on the street with a complicated double leg fracture and in a lot of pain. Luckily, I was rescued in time and brought to the safety of Sneha\u2019s Care.<\/p>\n<p>I\u2019ve already undergone surgery \u2013 an important first step on my journey back to life. But I still have a long road ahead of me: I need rest, loving care, and time to fully recover.<\/p>\n<p>I&#8217;m strong and determined \u2013 but I can\u2019t do this alone.<\/p>\n<p>That\u2019s why I\u2019m so deeply thankful to <b>Franziska and Manuel<\/b>, who are now by my side as my sponsors. Thanks to their support, I\u2019m receiving the medical care and attention I need so badly.<\/p>\n<p><b>Thank you for helping me get back on my feet.<\/b><\/p>\n<p>With love,<br \/>\n<b>Alba<\/b><\/p>","protected":false},"excerpt":{"rendered":"<p>Gender: Female<\/p>\n<p>Geboren: ca. Januar\/Februar 2025<\/p>\n<p>Farbe: braun gestromt<\/p>","protected":false},"featured_media":9240,"template":"","meta":[],"product_brand":[],"product_cat":[63],"product_tag":[],"class_list":{"0":"post-9239","1":"product","2":"type-product","3":"status-publish","4":"has-post-thumbnail","6":"product_cat-paten-gefunden","8":"first","9":"instock","10":"shipping-taxable","11":"product-type-simple"},"_links":{"self":[{"href":"https:\/\/snehascare.de\/en\/wp-json\/wp\/v2\/product\/9239","targetHints":{"allow":["GET"]}}],"collection":[{"href":"https:\/\/snehascare.de\/en\/wp-json\/wp\/v2\/product"}],"about":[{"href":"https:\/\/snehascare.de\/en\/wp-json\/wp\/v2\/types\/product"}],"wp:featuredmedia":[{"embeddable":true,"href":"https:\/\/snehascare.de\/en\/wp-json\/wp\/v2\/media\/9240"}],"wp:attachment":[{"href":"https:\/\/snehascare.de\/en\/wp-json\/wp\/v2\/media?parent=9239"}],"wp:term":[{"taxonomy":"product_brand","embeddable":true,"href":"https:\/\/snehascare.de\/en\/wp-json\/wp\/v2\/product_brand?post=9239"},{"taxonomy":"product_cat","embeddable":true,"href":"https:\/\/snehascare.de\/en\/wp-json\/wp\/v2\/product_cat?post=9239"},{"taxonomy":"product_tag","embeddable":true,"href":"https:\/\/snehascare.de\/en\/wp-json\/wp\/v2\/product_tag?post=9239"}],"curies":[{"name":"wp","href":"https:\/\/api.w.org\/{rel}","templated":true}]}}