{"id":9228,"date":"2025-05-03T16:12:42","date_gmt":"2025-05-03T16:12:42","guid":{"rendered":"https:\/\/snehascare.de\/?post_type=product&#038;p=9228"},"modified":"2025-05-03T19:41:35","modified_gmt":"2025-05-03T19:41:35","slug":"charlotte","status":"publish","type":"product","link":"https:\/\/snehascare.de\/en\/hund\/charlotte\/","title":{"rendered":"Charlotte"},"content":{"rendered":"<h3 class=\"\" data-start=\"179\" data-end=\"220\"><strong data-start=\"188\" data-end=\"220\">Hallo, ich bin Charlotte! \ud83d\udc37<\/strong><\/h3>\n<p>&nbsp;<\/p>\n<p class=\"\" data-start=\"222\" data-end=\"493\">Ich liebe gutes Essen, gem\u00fctliche Ruhepausen und beobachte das bunte Treiben um mich herum am liebsten ganz entspannt aus der Ferne. Wenn ich geschlafen habe, brauche ich manchmal einen Moment, um wieder in Schwung zu kommen \u2013 aber dann bin ich mit allen Sinnen dabei! \ud83d\udc9b<\/p>\n<p class=\"\" data-start=\"495\" data-end=\"735\">Ich habe eine verkr\u00fcmmte, kurze Vorderpfote \u2013 so bin ich geboren. Laufen kann ich damit zwar nicht richtig, aber das st\u00f6rt mich nicht im Geringsten. F\u00fcr mich ist das ganz normal \u2013 ich kenne es ja nicht anders und komme wunderbar zurecht. \ud83d\udc3e<\/p>\n<p class=\"\" data-start=\"737\" data-end=\"1114\">Fr\u00fcher lebte ich in einer Schweinezucht in Kailali, gemeinsam mit f\u00fcnf anderen Schweinen. Die Bedingungen waren hart und wir wurden f\u00fcr die Fleischproduktion gehalten. Doch dann kam Sneha Shrestha und hat uns gerettet. Heute leben wir in Sicherheit auf dem Lebenshof, wo wir endlich einfach Schwein sein d\u00fcrfen \u2013 spielen, schlafen, fressen, w\u00fchlen und in der Sonne liegen. \ud83d\udc16\ud83c\udf3f<\/p>\n<p class=\"\" data-start=\"1116\" data-end=\"1323\">Wir Schweine brauchen viel Futter, Pflege und Zuwendung \u2013 und obwohl Sneha alles gibt, ist die Versorgung vieler Tiere wie Hunde, Schweine und anderer Hofbewohner auch eine gro\u00dfe finanzielle Herausforderung.<\/p>\n<p class=\"\" data-start=\"1325\" data-end=\"1491\">Ich habe mit Hanna eine liebe Patin gefunden \u2013 danke, dass du an meiner Seite bist! \ud83d\udc95<\/p>\n<p class=\"\" data-start=\"1493\" data-end=\"1597\"><strong data-start=\"1493\" data-end=\"1597\">Mit liebevollen Gr\u00fc\u00dfen und einem kleinen Schn\u00fcffler,<br data-start=\"1547\" data-end=\"1550\" \/>deine Charlotte \ud83d\udc37<br data-start=\"1568\" data-end=\"1571\" \/><br \/>\n<\/strong><\/p>\n<hr class=\"\" data-start=\"1599\" data-end=\"1602\" \/>\n<h3 class=\"\" data-start=\"1604\" data-end=\"1638\"><strong data-start=\"1613\" data-end=\"1638\">Hi, I\u2019m Charlotte! \ud83d\udc37<\/strong><\/h3>\n<p class=\"\" data-start=\"1640\" data-end=\"1859\">I love tasty food, peaceful naps, and watching the world go by in calm contentment. After a good snooze, I sometimes need a little time to get going \u2013 but once I\u2019m up, I enjoy everything around me with all my senses. \ud83d\udc9b<\/p>\n<p class=\"\" data-start=\"1861\" data-end=\"2045\">I was born with a short, curved front leg. I can\u2019t really walk on it, but it doesn\u2019t bother me at all. It\u2019s all I\u2019ve ever known, and I get around just fine \u2013 it\u2019s no big deal to me. \ud83d\udc3e<\/p>\n<p class=\"\" data-start=\"2047\" data-end=\"2382\">I was rescued from a pig farm in Kailali together with five other pigs. Life there was tough \u2013 we were kept in poor conditions and raised for meat. But then Sneha Shrestha stepped in and gave us a second chance. Now we live safely at the sanctuary, where we can truly enjoy life: rooting, resting, playing, eating, and sunbathing. \ud83d\udc16\ud83c\udf3f<\/p>\n<p class=\"\" data-start=\"2384\" data-end=\"2577\">Pigs like us need plenty of food, care, and love \u2013 and while Sneha does everything she can, caring for all the animals, including dogs and other farm friends, comes with a big financial burden.<\/p>\n<p class=\"\" data-start=\"2579\" data-end=\"2744\">I\u2019ve found a wonderful sponsor in Hanna \u2013 thank you for being by my side! \ud83d\udc95<\/p>\n<p class=\"\" data-start=\"2746\" data-end=\"2832\"><strong data-start=\"2746\" data-end=\"2832\">With a warm oink and lots of love,<br data-start=\"2782\" data-end=\"2785\" \/>your Charlotte \ud83d\udc37<br data-start=\"2802\" data-end=\"2805\" \/><br \/>\n<\/strong><\/p>\n<p>&nbsp;<\/p>\n<p>Bank Account Sneha's Care Deutschland e.V.<\/p>\n<p>Germany - Bank f\u00fcr Sozialwirtschaft<\/p>\n<p>IBAN: DE96 3702 0500 0001 6055 00<\/p>\n<p>BIC: BFSWDE33XXX<\/p>","protected":false},"excerpt":{"rendered":"<p>Gender: Female<\/p>\n<p>Geboren: unbekannt<\/p>\n<p>Colour: black<\/p>","protected":false},"featured_media":9229,"template":"","meta":[],"product_brand":[],"product_cat":[63],"product_tag":[],"class_list":{"0":"post-9228","1":"product","2":"type-product","3":"status-publish","4":"has-post-thumbnail","6":"product_cat-paten-gefunden","8":"first","9":"instock","10":"shipping-taxable","11":"product-type-simple"},"_links":{"self":[{"href":"https:\/\/snehascare.de\/en\/wp-json\/wp\/v2\/product\/9228","targetHints":{"allow":["GET"]}}],"collection":[{"href":"https:\/\/snehascare.de\/en\/wp-json\/wp\/v2\/product"}],"about":[{"href":"https:\/\/snehascare.de\/en\/wp-json\/wp\/v2\/types\/product"}],"wp:featuredmedia":[{"embeddable":true,"href":"https:\/\/snehascare.de\/en\/wp-json\/wp\/v2\/media\/9229"}],"wp:attachment":[{"href":"https:\/\/snehascare.de\/en\/wp-json\/wp\/v2\/media?parent=9228"}],"wp:term":[{"taxonomy":"product_brand","embeddable":true,"href":"https:\/\/snehascare.de\/en\/wp-json\/wp\/v2\/product_brand?post=9228"},{"taxonomy":"product_cat","embeddable":true,"href":"https:\/\/snehascare.de\/en\/wp-json\/wp\/v2\/product_cat?post=9228"},{"taxonomy":"product_tag","embeddable":true,"href":"https:\/\/snehascare.de\/en\/wp-json\/wp\/v2\/product_tag?post=9228"}],"curies":[{"name":"wp","href":"https:\/\/api.w.org\/{rel}","templated":true}]}}