{"id":9220,"date":"2025-04-05T10:31:23","date_gmt":"2025-04-05T10:31:23","guid":{"rendered":"https:\/\/snehascare.de\/?post_type=product&#038;p=9220"},"modified":"2025-04-05T10:31:23","modified_gmt":"2025-04-05T10:31:23","slug":"elvis","status":"publish","type":"product","link":"https:\/\/snehascare.de\/en\/hund\/elvis\/","title":{"rendered":"Elvis"},"content":{"rendered":"<p><b>Hallo, ich bin Elvis <\/b>\ud83d\udc10<\/p>\n<p>&nbsp;<\/p>\n<p>Mein Leben begann alles andere als sch\u00f6n: Ich wurde an einem Hindu-Tempel entdeckt \u2013 angebunden mit einem engen Strick, voller Schmutz, ver\u00e4ngstigt und aggressiv. Ich war auf ewig dort festgebunden, hatte keine Chance auf Freiheit oder ein artgerechtes Leben. Auch mit Menschen hatte ich keine guten Erfahrungen gemacht \u2013 ich wurde geschlagen, misshandelt, und niemand k\u00fcmmerte sich wirklich um mich.<\/p>\n<p>&nbsp;<\/p>\n<p>Als das Team von Sneha\u2019s Care mich fand, konnten sie mich nicht einfach zur\u00fccklassen. Es gab Gespr\u00e4che mit der Tempelgemeinde \u2013 unter der Bedingung, dass ich sofort mitgenommen werde, durfte ich mitgehen. Und das passierte dann auch: ein Taxi brachte mich direkt ins Tierheim.<\/p>\n<p>&nbsp;<\/p>\n<p>Anfangs war ich sehr misstrauisch, durfte nicht zu den anderen Ziegen, sondern bekam meinen eigenen sicheren Bereich. Nach und nach durfte ich mich den anderen anschlie\u00dfen \u2013 heute lebe ich gemeinsam mit ihnen, aber ein Menschenfreund werde ich wohl nie mehr. Und das ist okay. Ich habe Schreckliches erlebt, doch ich habe ein Recht auf ein freies, sicheres und w\u00fcrdiges Leben \u2013 ohne Schmerz, ohne Angst.<\/p>\n<p>&nbsp;<\/p>\n<p>Hier werde ich nur noch kurz angebunden, wenn mein Fell gepflegt werden muss. Ansonsten kann ich mich endlich frei bewegen \u2013 so, wie es mir gef\u00e4llt.<\/p>\n<p>&nbsp;<\/p>\n<p>Den Namen <i>Elvis<\/i> habe ich \u00fcbrigens wegen meiner wilden M\u00e4hne bekommen \u2013 inzwischen bin ich geschoren und ein richtig s\u00fc\u00dfer Kerl geworden. Ich genie\u00dfe meine Freiheit, mein sauberes Fell und das Gef\u00fchl, endlich in Sicherheit zu sein.<\/p>\n<p>&nbsp;<\/p>\n<p>Ein gro\u00dfes Dankesch\u00f6n geht an Tina, die meine Patenschaft \u00fcbernommen hat \u2013 danke, dass du mir dieses Leben erm\u00f6glichst! \ud83d\udc9b<\/p>\n<p>&nbsp;<\/p>\n<p>\u2014\u2014\u2014<\/p>\n<p><b>Hello, my name is Elvis <\/b>\ud83d\udc10<\/p>\n<p>My life didn\u2019t start out well. I was found tied up with a tight rope at a Hindu temple \u2013 filthy, scared, and aggressive. I had been tethered there indefinitely, with no chance for freedom or a life that suited me. I had suffered abuse at the hands of people, and I didn\u2019t trust anyone anymore.<\/p>\n<p>When the team from Sneha\u2019s Care discovered me, they couldn\u2019t just leave me behind. After some conversations with the temple community, they agreed to let me go \u2013 but only if I was removed immediately. So I was. A taxi brought me straight to the shelter.<\/p>\n<p>At first, I was kept separate from the other goats because I needed time to feel safe. Eventually, I was able to join the herd. I\u2019m still not fond of humans \u2013 after what I\u2019ve been through, that\u2019s no surprise. But I deserve a life of freedom and safety, and that\u2019s what I have now.<\/p>\n<p>At the shelter, I\u2019m only ever tied briefly when my coat needs to be groomed. Other than that, I can roam freely and live the way I choose.<\/p>\n<p>I was named <i>Elvis<\/i> because of my wild mane \u2013 but now that I\u2019ve been sheared, I\u2019m quite the handsome little guy. I enjoy my freedom, my clean coat, and most of all, the safety of my new home.<\/p>\n<p>A huge thank-you to Tina, who has taken me on as her sponsor animal \u2013 thank you for giving me this second chance at life! \ud83d\udc9b<\/p>\n<p>&nbsp;<\/p>\n<p>&nbsp;<\/p>\n<p>Bank Account Sneha's Care Deutschland e.V.<\/p>\n<p>Germany - Bank f\u00fcr Sozialwirtschaft<\/p>\n<p>IBAN: DE96 3702 0500 0001 6055 00<\/p>\n<p>BIC: BFSWDE33XXX<\/p>","protected":false},"excerpt":{"rendered":"<p>Gender: Male<\/p>\n<p>Geboren: unbekannt<\/p>\n<p>Farbe: schwarz\/wei\u00df\/braun<\/p>\n<p>&nbsp;<\/p>","protected":false},"featured_media":9221,"template":"","meta":[],"product_brand":[],"product_cat":[63],"product_tag":[],"class_list":{"0":"post-9220","1":"product","2":"type-product","3":"status-publish","4":"has-post-thumbnail","6":"product_cat-paten-gefunden","8":"first","9":"instock","10":"shipping-taxable","11":"product-type-simple"},"_links":{"self":[{"href":"https:\/\/snehascare.de\/en\/wp-json\/wp\/v2\/product\/9220","targetHints":{"allow":["GET"]}}],"collection":[{"href":"https:\/\/snehascare.de\/en\/wp-json\/wp\/v2\/product"}],"about":[{"href":"https:\/\/snehascare.de\/en\/wp-json\/wp\/v2\/types\/product"}],"wp:featuredmedia":[{"embeddable":true,"href":"https:\/\/snehascare.de\/en\/wp-json\/wp\/v2\/media\/9221"}],"wp:attachment":[{"href":"https:\/\/snehascare.de\/en\/wp-json\/wp\/v2\/media?parent=9220"}],"wp:term":[{"taxonomy":"product_brand","embeddable":true,"href":"https:\/\/snehascare.de\/en\/wp-json\/wp\/v2\/product_brand?post=9220"},{"taxonomy":"product_cat","embeddable":true,"href":"https:\/\/snehascare.de\/en\/wp-json\/wp\/v2\/product_cat?post=9220"},{"taxonomy":"product_tag","embeddable":true,"href":"https:\/\/snehascare.de\/en\/wp-json\/wp\/v2\/product_tag?post=9220"}],"curies":[{"name":"wp","href":"https:\/\/api.w.org\/{rel}","templated":true}]}}