{"id":9179,"date":"2024-12-08T16:43:52","date_gmt":"2024-12-08T16:43:52","guid":{"rendered":"https:\/\/snehascare.de\/?post_type=product&#038;p=9179"},"modified":"2025-05-03T17:34:47","modified_gmt":"2025-05-03T17:34:47","slug":"maya-2","status":"publish","type":"product","link":"https:\/\/snehascare.de\/en\/hund\/maya-2\/","title":{"rendered":"Maya"},"content":{"rendered":"<p>VERMITTELT &#8211; 5 \/ 2025 Deutschland<\/p>\n<p>Hallo, ich bin Maya!<\/p>\n<p>Ich wurde wahrscheinlich im Juni 2024 auf den Stra\u00dfen Nepals in der Region Sunakothi geboren. Mein Leben hat gerade erst begonnen, doch ich habe schon mehr erlebt, als sich die meisten vorstellen k\u00f6nnen. <span class=\"Apple-converted-space\">\u00a0<\/span><\/p>\n<p>&nbsp;<\/p>\n<p>Eines kalten Wintermorgens wurde ich von einem Auto erfasst und schwer verletzt zur\u00fcckgelassen. Ich konnte mich nicht bewegen, schrie vor Schmerz und dachte, das sei das Ende. Doch dann fand mich eine freundliche Frau. Sie hob mich sanft auf, nahm mich in ihre Arme und brachte mich in ihr warmes Zuhause. Von dort rief sie Sneha\u2019s Care um Hilfe, und so kam ich ins Tierheim, wo meine Schmerzen endlich gelindert wurden. <span class=\"Apple-converted-space\">\u00a0<\/span><\/p>\n<p>&nbsp;<\/p>\n<p>Jetzt bin ich hier und versuche zu heilen \u2013 nicht nur meine k\u00f6rperlichen Wunden, sondern auch die in meinem Herzen. Ich bin noch nicht bereit, mein wahres Ich zu zeigen, aber ich bin einfach ein s\u00fc\u00dfes Hundem\u00e4dchen, das ihren Weg aus dem Schmerz in ein besseres Leben sucht. <span class=\"Apple-converted-space\">\u00a0<\/span><\/p>\n<p>&nbsp;<\/p>\n<p>Bei Sneha\u2019s Care sind wir ungef\u00e4hr 170 Hunde mit verschiedenen Problemen und unsere Pflege kostet viel. Weil hier viele Hunde auf sich gestellt auf der Stra\u00dfe leben m\u00fcssen, k\u00f6nnen die Menschen sich einfach einen passenden Stra\u00dfenhund aussuchen \u2013 und das sind meist gesunde, zutrauliche, h\u00fcbsche Welpen. In ein Tierheim muss daf\u00fcr niemand fahren. Ich werde vermutlich dauerhaft im Tierheim leben m\u00fcssen.<span class=\"Apple-converted-space\">\u00a0<\/span><\/p>\n<p>&nbsp;<\/p>\n<p>Dank Franziskas Unterst\u00fctzung als meine Patin habe ich nun die Sicherheit, dass ich nicht mehr allein bin. Vielleicht helfen mir diese wunderbare Geste und das Geschenk dabei, meine Wunden zu heilen \u2013 nicht nur die k\u00f6rperlichen, sondern auch die in meinem Herzen.<\/p>\n<p>Ich freue mich schon darauf, eines Tages mein fr\u00f6hliches, geheiltes Ich zeigen zu k\u00f6nnen.<\/p>\n<p>Deine Maya \ud83d\udc3e <span class=\"Apple-converted-space\">\u00a0<\/span><\/p>\n<p>&#8212; <span class=\"Apple-converted-space\">\u00a0<\/span><\/p>\n<p>Hello, I\u2019m Maya!<\/p>\n<p>I was probably born in June 2024 on the streets of Nepal in the Sunakothi region. My life has just begun, but I\u2019ve already experienced more than most can imagine. <span class=\"Apple-converted-space\">\u00a0<\/span><\/p>\n<p>One cold winter morning, I was hit by a car and left behind with severe injuries. I couldn\u2019t move, cried out in pain, and thought it was the end. But then, a kind woman found me. She gently picked me up, held me in her arms, and took me to her warm home. From there, she called Sneha\u2019s Care for help, and that\u2019s how I came to the shelter, where my pain was finally eased. <span class=\"Apple-converted-space\">\u00a0<\/span><\/p>\n<p>Now I\u2019m here, trying to heal\u2014not just my physical wounds but also the ones in my heart. I\u2019m not ready yet to show my true self, but I\u2019m just a sweet young dog trying to find her way out of the pain into a better life. <span class=\"Apple-converted-space\">\u00a0<\/span><\/p>\n<p>At Sneha\u2019s Care, there are about 170 dogs with various challenges, and taking care of us all costs a lot. Here in Nepal, many dogs have to fend for themselves on the streets, and people can easily choose a friendly street dog to adopt\u2014usually healthy, trusting, and adorable puppies. No one has to visit a shelter to find one. That\u2019s why I might end up staying at the shelter long-term. <span class=\"Apple-converted-space\">\u00a0<\/span><\/p>\n<p>Thanks to Franziska\u2019s support as my sponsor, I now have the security of never being alone again. Perhaps this wonderful gesture and gift will help heal my wounds\u2014not just the physical ones but also the ones in my heart.<\/p>\n<p>I\u2019m looking forward to one day showing my cheerful, healed self.<\/p>\n<p>Your Maya \ud83d\udc3e <span class=\"Apple-converted-space\">\u00a0<\/span><\/p>\n<p>&nbsp;<\/p>\n<p>Bank Account Sneha's Care Deutschland e.V.<\/p>\n<p>Germany - Bank f\u00fcr Sozialwirtschaft<\/p>\n<p>IBAN: DE96 3702 0500 0001 6055 00<\/p>\n<p>BIC: BFSWDE33XXX<\/p>","protected":false},"excerpt":{"rendered":"<p>Gender: Female<\/p>\n<p>Geboren: ca. Juni 2024<\/p>\n<p>Farbe: wei\u00df\/schwarz<\/p>","protected":false},"featured_media":9181,"template":"","meta":[],"product_brand":[],"product_cat":[62],"product_tag":[],"class_list":{"0":"post-9179","1":"product","2":"type-product","3":"status-publish","4":"has-post-thumbnail","6":"product_cat-unkategorisiert","8":"first","9":"instock","10":"shipping-taxable","11":"product-type-simple"},"_links":{"self":[{"href":"https:\/\/snehascare.de\/en\/wp-json\/wp\/v2\/product\/9179","targetHints":{"allow":["GET"]}}],"collection":[{"href":"https:\/\/snehascare.de\/en\/wp-json\/wp\/v2\/product"}],"about":[{"href":"https:\/\/snehascare.de\/en\/wp-json\/wp\/v2\/types\/product"}],"wp:featuredmedia":[{"embeddable":true,"href":"https:\/\/snehascare.de\/en\/wp-json\/wp\/v2\/media\/9181"}],"wp:attachment":[{"href":"https:\/\/snehascare.de\/en\/wp-json\/wp\/v2\/media?parent=9179"}],"wp:term":[{"taxonomy":"product_brand","embeddable":true,"href":"https:\/\/snehascare.de\/en\/wp-json\/wp\/v2\/product_brand?post=9179"},{"taxonomy":"product_cat","embeddable":true,"href":"https:\/\/snehascare.de\/en\/wp-json\/wp\/v2\/product_cat?post=9179"},{"taxonomy":"product_tag","embeddable":true,"href":"https:\/\/snehascare.de\/en\/wp-json\/wp\/v2\/product_tag?post=9179"}],"curies":[{"name":"wp","href":"https:\/\/api.w.org\/{rel}","templated":true}]}}