{"id":9168,"date":"2024-09-13T12:46:12","date_gmt":"2024-09-13T12:46:12","guid":{"rendered":"https:\/\/snehascare.de\/?post_type=product&#038;p=9168"},"modified":"2024-12-08T17:01:34","modified_gmt":"2024-12-08T17:01:34","slug":"eric","status":"publish","type":"product","link":"https:\/\/snehascare.de\/en\/hund\/eric\/","title":{"rendered":"Eric"},"content":{"rendered":"<p>Hallo, ich bin Eric!<\/p>\n<p>&nbsp;<\/p>\n<p>und am 27.08.2023 bin ich ins Tierheim gekommen \u2013 mit einem gebrochenen Bein und einem gebrochenen Herzen. Mein Bein heilt gut, auch wenn ich immer noch ein wenig damit zu k\u00e4mpfen habe. Am meisten schmerzt mich aber, dass ich meinen fr\u00fcheren Besitzer sehr vermisse. Irgendwann wurde ich einfach ausgesetzt, und seitdem sehne ich mich nach der Zuneigung, die ich so sehr brauche.<\/p>\n<p>&nbsp;<\/p>\n<p>Ich liebe es, wenn mich jemand streichelt oder mir ein bisschen Aufmerksamkeit schenkt. Ich bin ein Hund, der menschliche N\u00e4he wirklich sch\u00e4tzt \u2013 sie gibt mir das Gef\u00fchl, dass ich nicht vergessen wurde. Manchmal kann ich anderen Hunden gegen\u00fcber ein bisschen aggressiv sein. Vielleicht liegt das daran, dass ich noch immer versuche, meinen Platz in dieser neuen Welt zu finden.<\/p>\n<p>&nbsp;<\/p>\n<p>Bei Sneha\u2019s Care sind wir ungef\u00e4hr 170 Hunde mit verschiedenen Problemen und unsere Pflege kostet viel. Weil hier viele Hunde auf sich gestellt auf der Stra\u00dfe leben m\u00fcssen, k\u00f6nnen die Menschen sich einfach einen passenden Stra\u00dfenhund aussuchen \u2013 und das sind meist gesunde, zutrauliche, h\u00fcbsche Welpen. In ein Tierheim muss daf\u00fcr niemand fahren. Ich werde vermutlich dauerhaft im Tierheim leben m\u00fcssen.<span class=\"Apple-converted-space\">\u00a0<\/span><\/p>\n<p>&nbsp;<\/p>\n<p>Ich danke Eva, die mich als ihren Patenhund ausgew\u00e4hlt hat von Herzen DANKE !<\/p>\n<p>&nbsp;<\/p>\n<p>Dein Eric \ud83d\udc3e<\/p>\n<p>\u2014\u2014\u2014\u2014<\/p>\n<p>Hello, I&#8217;m Eric!<\/p>\n<p>and on August 27th, 2023 I came to the animal shelter &#8211; with a broken leg and a broken heart. My leg is healing well, although I still struggle a bit with it. But what pains me most is that I miss my former owner very much. At some point I was simply abandoned, and ever since I&#8217;ve been craving the affection I so desperately need.<\/p>\n<p>I love it when someone caresses me or gives me a little attention. I&#8217;m a dog who really appreciates human touch &#8211; it makes me feel like I haven&#8217;t been forgotten. Sometimes I can be a bit aggressive towards other dogs. Maybe that&#8217;s because I&#8217;m still trying to find my place in this new world.<\/p>\n<p>At Sneha\u2019s Care we are about 170 dogs with various problems and our care costs a lot. Because many dogs here have to live on the streets on their own, people can simply choose a suitable street dog &#8211; and these are usually healthy, trusting, pretty puppies. Nobody has to go to an animal shelter for this. I will probably have to live in an animal shelter permanently.<span class=\"Apple-converted-space\">\u00a0<\/span><\/p>\n<p>I would like to thank Eva, who chose me as her sponsor dog, from the bottom of my heart THANK YOU!<\/p>\n<p>Your Eric \ud83d\udc3e<\/p>\n<p>&nbsp;<\/p>\n<p>Bank Account Sneha's Care Deutschland e.V.<\/p>\n<p>Germany - Bank f\u00fcr Sozialwirtschaft<\/p>\n<p>IBAN: DE96 3702 0500 0001 6055 00<\/p>\n<p>BIC: BFSWDE33XXX<\/p>","protected":false},"excerpt":{"rendered":"<p>Gender: Male<\/p>\n<p>Geboren: ca. 2021<\/p>\n<p>Farbe: braun, wei\u00df<\/p>","protected":false},"featured_media":9169,"template":"","meta":[],"product_brand":[],"product_cat":[63],"product_tag":[],"class_list":{"0":"post-9168","1":"product","2":"type-product","3":"status-publish","4":"has-post-thumbnail","6":"product_cat-paten-gefunden","8":"first","9":"instock","10":"shipping-taxable","11":"product-type-simple"},"_links":{"self":[{"href":"https:\/\/snehascare.de\/en\/wp-json\/wp\/v2\/product\/9168","targetHints":{"allow":["GET"]}}],"collection":[{"href":"https:\/\/snehascare.de\/en\/wp-json\/wp\/v2\/product"}],"about":[{"href":"https:\/\/snehascare.de\/en\/wp-json\/wp\/v2\/types\/product"}],"wp:featuredmedia":[{"embeddable":true,"href":"https:\/\/snehascare.de\/en\/wp-json\/wp\/v2\/media\/9169"}],"wp:attachment":[{"href":"https:\/\/snehascare.de\/en\/wp-json\/wp\/v2\/media?parent=9168"}],"wp:term":[{"taxonomy":"product_brand","embeddable":true,"href":"https:\/\/snehascare.de\/en\/wp-json\/wp\/v2\/product_brand?post=9168"},{"taxonomy":"product_cat","embeddable":true,"href":"https:\/\/snehascare.de\/en\/wp-json\/wp\/v2\/product_cat?post=9168"},{"taxonomy":"product_tag","embeddable":true,"href":"https:\/\/snehascare.de\/en\/wp-json\/wp\/v2\/product_tag?post=9168"}],"curies":[{"name":"wp","href":"https:\/\/api.w.org\/{rel}","templated":true}]}}