{"id":9165,"date":"2024-09-13T12:30:09","date_gmt":"2024-09-13T12:30:09","guid":{"rendered":"https:\/\/snehascare.de\/?post_type=product&#038;p=9165"},"modified":"2024-10-12T13:11:21","modified_gmt":"2024-10-12T13:11:21","slug":"fire","status":"publish","type":"product","link":"https:\/\/snehascare.de\/en\/hund\/fire\/","title":{"rendered":"Fire"},"content":{"rendered":"<p>Hallo, ich bin Fire!<\/p>\n<p>&nbsp;<\/p>\n<p>und am 26.11.2021 kam ich ins Tierheim, als es mir gar nicht gut ging. Ich war ein Welpe, alleine, unterern\u00e4hrt und kr\u00e4nklich, aber die Leute hier haben sich liebevoll um mich gek\u00fcmmert, und ich wurde schnell wieder gesund!<\/p>\n<p>&nbsp;<\/p>\n<p>Allerdings bin ich ein Hund mit einer etwas wechselhaften Stimmung \u2013 es kommt ganz auf meine Laune an! Manchmal bin ich ganz f\u00fcgsam und ruhig, aber es gibt auch Tage, an denen ich meine Ruhe brauche und nicht so gesellig bin.<span class=\"Apple-converted-space\">\u00a0<\/span><\/p>\n<p>&nbsp;<\/p>\n<p>Hier im Tierheim habe ich durch die F\u00fcrsorge schon gro\u00dfe Fortschritte gemacht, aber ich wei\u00df, dass es noch ein bisschen Zeit braucht, bis ich mich vollkommen \u00f6ffnen kann.<\/p>\n<p>Bei Sneha\u2019s Care sind wir ungef\u00e4hr 170 Hunde mit verschiedenen Problemen und unsere Pflege kostet viel. Weil hier viele Hunde auf sich gestellt auf der Stra\u00dfe leben m\u00fcssen, k\u00f6nnen die Menschen sich einfach einen passenden Stra\u00dfenhund aussuchen \u2013 und das sind meist gesunde, zutrauliche, h\u00fcbsche Welpen. In ein Tierheim muss daf\u00fcr niemand fahren. Ich werde vermutlich dauerhaft im Tierheim leben m\u00fcssen.<span class=\"Apple-converted-space\">\u00a0<\/span><\/p>\n<p>&nbsp;<\/p>\n<p>Ich bin \u00fcbergl\u00fccklich mit Madita eine liebevolle Patin gefunden zu haben &#8211; DANKE!<\/p>\n<p>\u2014\u2014\u2014\u2014<\/p>\n<p>Hello, I&#8217;m Fire!<\/p>\n<p>and on November 26th, 2021 I came to the animal shelter when I wasn&#8217;t feeling well at all. I was just a puppy, by myself, malnourished and sickly, but the people here took loving care of me and I recovered quickly!<\/p>\n<p>However, I&#8217;m a dog with a bit of a changeable mood &#8211; it all depends on my mood! Sometimes I&#8217;m very docile and quiet, but there are also days when I need some peace and quiet and I&#8217;m not so sociable.<span class=\"Apple-converted-space\">\u00a0<\/span><\/p>\n<p>I have already made a lot of progress through the care here at the animal shelter, but I know that it will still take a little time before I can fully open up.<\/p>\n<p>At Sneha\u2019s Care we are about 170 dogs with various problems and our care costs a lot. Because many dogs here have to live on the streets on their own, people can simply choose a suitable street dog &#8211; and these are usually healthy, trusting, pretty puppies. Nobody has to go to an animal shelter for this. I will probably have to live in an animal shelter permanently.<span class=\"Apple-converted-space\">\u00a0<\/span><\/p>\n<p>I am overjoyed to have found a loving sponsor in Madita &#8211; THANK YOU!<\/p>\n<p>Bank Account Sneha's Care Deutschland e.V.<\/p>\n<p>Germany - Bank f\u00fcr Sozialwirtschaft<\/p>\n<p>IBAN: DE96 3702 0500 0001 6055 00<\/p>\n<p>BIC: BFSWDE33XXX<\/p>","protected":false},"excerpt":{"rendered":"<p>Gender: Male<\/p>\n<p>Geboren: 2021<\/p>\n<p>Colour: black<\/p>","protected":false},"featured_media":9166,"template":"","meta":[],"product_brand":[],"product_cat":[63],"product_tag":[],"class_list":{"0":"post-9165","1":"product","2":"type-product","3":"status-publish","4":"has-post-thumbnail","6":"product_cat-paten-gefunden","8":"first","9":"instock","10":"shipping-taxable","11":"product-type-simple"},"_links":{"self":[{"href":"https:\/\/snehascare.de\/en\/wp-json\/wp\/v2\/product\/9165","targetHints":{"allow":["GET"]}}],"collection":[{"href":"https:\/\/snehascare.de\/en\/wp-json\/wp\/v2\/product"}],"about":[{"href":"https:\/\/snehascare.de\/en\/wp-json\/wp\/v2\/types\/product"}],"wp:featuredmedia":[{"embeddable":true,"href":"https:\/\/snehascare.de\/en\/wp-json\/wp\/v2\/media\/9166"}],"wp:attachment":[{"href":"https:\/\/snehascare.de\/en\/wp-json\/wp\/v2\/media?parent=9165"}],"wp:term":[{"taxonomy":"product_brand","embeddable":true,"href":"https:\/\/snehascare.de\/en\/wp-json\/wp\/v2\/product_brand?post=9165"},{"taxonomy":"product_cat","embeddable":true,"href":"https:\/\/snehascare.de\/en\/wp-json\/wp\/v2\/product_cat?post=9165"},{"taxonomy":"product_tag","embeddable":true,"href":"https:\/\/snehascare.de\/en\/wp-json\/wp\/v2\/product_tag?post=9165"}],"curies":[{"name":"wp","href":"https:\/\/api.w.org\/{rel}","templated":true}]}}