{"id":9160,"date":"2024-09-12T14:41:06","date_gmt":"2024-09-12T14:41:06","guid":{"rendered":"https:\/\/snehascare.de\/?post_type=product&#038;p=9160"},"modified":"2025-01-10T17:58:43","modified_gmt":"2025-01-10T17:58:43","slug":"ganga","status":"publish","type":"product","link":"https:\/\/snehascare.de\/en\/hund\/ganga\/","title":{"rendered":"Ganga"},"content":{"rendered":"<p><b>Hallo, ich bin Ganga!<\/b><\/p>\n<p>&nbsp;<\/p>\n<p>und bin seit dem 09.06.2022 im Tierheim. Man hat mich einfach vor dem Tierheim ausgesetzt, aber ich trage niemandem etwas nach. Ich bin eine sehr freundliche H\u00fcndin, die sowohl Menschen als auch andere Hunde liebt. Jeder hier sagt, dass ich ein gro\u00dfes Herz habe, und das stimmt auch \u2013 ich genie\u00dfe es, von allen geliebt zu werden!<\/p>\n<p>&nbsp;<\/p>\n<p>Ob ein freundliches Streicheln, ein sanftes Wort oder einfach ein bisschen Zeit zusammen: Ich freue mich \u00fcber jede Zuneigung und Aufmerksamkeit, die ich bekomme. Meine Tage hier im Tierheim sind viel sch\u00f6ner, wenn ich sp\u00fcre, dass ich nicht alleine bin und jemand f\u00fcr mich da ist.<\/p>\n<p>&nbsp;<\/p>\n<p>Bei Sneha\u2019s Care sind wir ungef\u00e4hr 170 Hunde mit verschiedenen Problemen und unsere Pflege kostet viel. Weil hier viele Hunde auf sich gestellt auf der Stra\u00dfe leben m\u00fcssen, k\u00f6nnen die Menschen sich einfach einen passenden Stra\u00dfenhund aussuchen \u2013 und das sind meist gesunde, zutrauliche, h\u00fcbsche Welpen. In ein Tierheim muss daf\u00fcr niemand fahren. Ich werde vermutlich dauerhaft im Tierheim leben m\u00fcssen.<span class=\"Apple-converted-space\">\u00a0<\/span><\/p>\n<p>&nbsp;<\/p>\n<p>Mit Isabella habe ich eine liebe Patin gefunden und bin daf\u00fcr sehr dankbar!<\/p>\n<p>&nbsp;<\/p>\n<p>Mit einem fr\u00f6hlichen Schwanzwedeln,<br \/>\nDeine Ganga \ud83d\udc3e<\/p>\n<p>\u2014\u2014\u2014\u2014<\/p>\n<p>Hello, I&#8217;m Ganga!<\/p>\n<p>and have been at the animal shelter since June 9th, 2022. I was simply abandoned in front of the animal shelter, but I don&#8217;t hold any grudges against anyone. I am a very friendly dog \u200b\u200bwho loves both people and other dogs. Everyone here says I have a big heart, and it&#8217;s true &#8211; I enjoy being loved by everyone!<\/p>\n<p>Whether it&#8217;s a friendly caress, a gentle word or just a little time together: I appreciate any affection and attention I receive. My days here at the animal shelter are much nicer when I feel that I am not alone and that someone is there for me.<\/p>\n<p>At Sneha\u2019s Care we are about 170 dogs with various problems and our care costs a lot. Because many dogs here have to live on the streets on their own, people can simply choose a suitable street dog &#8211; and these are usually healthy, trusting, pretty puppies. Nobody has to go to an animal shelter for this. I will probably have to live in an animal shelter permanently.<span class=\"Apple-converted-space\">\u00a0<\/span><\/p>\n<p>I have found a lovely sponsor in Isabella and I am very grateful for that!<\/p>\n<p>With a happy wagging tail, your Ganga \ud83d\udc3e<\/p>\n<p>&nbsp;<\/p>\n<p>Bank Account Sneha's Care Deutschland e.V.<\/p>\n<p>Germany - Bank f\u00fcr Sozialwirtschaft<\/p>\n<p>IBAN: DE96 3702 0500 0001 6055 00<\/p>\n<p>BIC: BFSWDE33XXX<\/p>","protected":false},"excerpt":{"rendered":"<p>Gender: Female<\/p>\n<p>Born: 2020<\/p>\n<p>Colour: Brown<\/p>","protected":false},"featured_media":9161,"template":"","meta":[],"product_brand":[],"product_cat":[63],"product_tag":[],"class_list":{"0":"post-9160","1":"product","2":"type-product","3":"status-publish","4":"has-post-thumbnail","6":"product_cat-paten-gefunden","8":"first","9":"instock","10":"shipping-taxable","11":"product-type-simple"},"_links":{"self":[{"href":"https:\/\/snehascare.de\/en\/wp-json\/wp\/v2\/product\/9160","targetHints":{"allow":["GET"]}}],"collection":[{"href":"https:\/\/snehascare.de\/en\/wp-json\/wp\/v2\/product"}],"about":[{"href":"https:\/\/snehascare.de\/en\/wp-json\/wp\/v2\/types\/product"}],"wp:featuredmedia":[{"embeddable":true,"href":"https:\/\/snehascare.de\/en\/wp-json\/wp\/v2\/media\/9161"}],"wp:attachment":[{"href":"https:\/\/snehascare.de\/en\/wp-json\/wp\/v2\/media?parent=9160"}],"wp:term":[{"taxonomy":"product_brand","embeddable":true,"href":"https:\/\/snehascare.de\/en\/wp-json\/wp\/v2\/product_brand?post=9160"},{"taxonomy":"product_cat","embeddable":true,"href":"https:\/\/snehascare.de\/en\/wp-json\/wp\/v2\/product_cat?post=9160"},{"taxonomy":"product_tag","embeddable":true,"href":"https:\/\/snehascare.de\/en\/wp-json\/wp\/v2\/product_tag?post=9160"}],"curies":[{"name":"wp","href":"https:\/\/api.w.org\/{rel}","templated":true}]}}