{"id":9157,"date":"2024-09-12T14:26:06","date_gmt":"2024-09-12T14:26:06","guid":{"rendered":"https:\/\/snehascare.de\/?post_type=product&#038;p=9157"},"modified":"2025-01-06T09:01:56","modified_gmt":"2025-01-06T09:01:56","slug":"maxi","status":"publish","type":"product","link":"https:\/\/snehascare.de\/en\/hund\/maxi\/","title":{"rendered":"Maxi"},"content":{"rendered":"<p><b>Hallo, ich bin Maxi<\/b><\/p>\n<p>&nbsp;<\/p>\n<p>und am 11.12.2023 ins Tierheim gekommen, nachdem ich in eine Bei\u00dferei verwickelt war. Zum Gl\u00fcck bin ich inzwischen wieder gesund, aber ich brauche noch etwas Zeit, um mich von allem zu erholen. Hier im Tierheim halte ich mich gerne im hinteren Bereich auf, wo es ruhiger ist und ich meine Ruhe habe. Menschen und andere Hunde um mich herum? Nicht so mein Ding!<\/p>\n<p>&nbsp;<\/p>\n<p>Ich habe bisher noch nicht viel Gutes erlebt und muss erst lernen, Vertrauen zu fassen. Es braucht Zeit, Geduld und jemanden, der versteht, dass ich es lieber langsam angehen lasse. Aber ich wei\u00df, dass tief in mir ein Hund steckt, der auch mal wieder fr\u00f6hlich sein kann \u2013 ich brauche nur die Chance, das zu zeigen.<\/p>\n<p>&nbsp;<\/p>\n<p>Bei Sneha\u2019s Care sind wir ungef\u00e4hr 170 Hunde mit verschiedenen Problemen und unsere Pflege kostet viel. Weil hier viele Hunde auf sich gestellt auf der Stra\u00dfe leben m\u00fcssen, k\u00f6nnen die Menschen sich einfach einen passenden Stra\u00dfenhund aussuchen \u2013 und das sind meist gesunde, zutrauliche, h\u00fcbsche Welpen. In ein Tierheim muss daf\u00fcr niemand fahren. Ich werde vermutlich dauerhaft im Tierheim leben m\u00fcssen.<span class=\"Apple-converted-space\">\u00a0<\/span><\/p>\n<p>&nbsp;<\/p>\n<p>Ich bin dankbar f\u00fcr Tina und ihre 4 Patenkinder, die ein Herz f\u00fcr mich haben und meine Paten sind! DANKESCH\u00d6N!<\/p>\n<p>&nbsp;<\/p>\n<p>Dein Maxi \ud83d\udc3e<\/p>\n<p>\u2014\u2014\u2014\u2014<\/p>\n<p>Hello, I&#8217;m Maxi<\/p>\n<p>and came to the animal shelter on December 11th, 2023 after I was involved in a biting fight. Luckily I&#8217;m healthy again now, but I still need some time to recover from everything. Here at the animal shelter I like to stay in the back area where it is quieter and I have peace and quiet. People and other dogs around me? Not my thing!<\/p>\n<p>I haven&#8217;t experienced much good so far and I still have to learn to trust. It takes time, patience and someone who understands that I prefer to take things slowly. But I know that deep inside me there is a dog that can be happy every now and then &#8211; I just need the chance to show it.<\/p>\n<p>At Sneha\u2019s Care we are about 170 dogs with various problems and our care costs a lot. Because many dogs here have to live on the streets on their own, people can simply choose a suitable street dog &#8211; and these are usually healthy, trusting, pretty puppies. Nobody has to go to an animal shelter for this. I will probably have to live in an animal shelter permanently.<span class=\"Apple-converted-space\">\u00a0<\/span><\/p>\n<p>&nbsp;<\/p>\n<p>I am grateful for Tina and her 4 godchildren who have a heart for me. THANK YOU VERY MUCH!<\/p>\n<p>your Maxi \ud83d\udc3e<\/p>\n<p>&nbsp;<\/p>\n<p>&nbsp;<\/p>\n<p>Bank Account Sneha's Care Deutschland e.V.<\/p>\n<p>Germany - Bank f\u00fcr Sozialwirtschaft<\/p>\n<p>IBAN: DE96 3702 0500 0001 6055 00<\/p>\n<p>BIC: BFSWDE33XXX<\/p>","protected":false},"excerpt":{"rendered":"<p>Gender: Male<\/p>\n<p>Born: 2017<\/p>\n<p>Colour: Brown<\/p>","protected":false},"featured_media":9158,"template":"","meta":[],"product_brand":[],"product_cat":[63],"product_tag":[],"class_list":{"0":"post-9157","1":"product","2":"type-product","3":"status-publish","4":"has-post-thumbnail","6":"product_cat-paten-gefunden","8":"first","9":"instock","10":"shipping-taxable","11":"product-type-simple"},"_links":{"self":[{"href":"https:\/\/snehascare.de\/en\/wp-json\/wp\/v2\/product\/9157","targetHints":{"allow":["GET"]}}],"collection":[{"href":"https:\/\/snehascare.de\/en\/wp-json\/wp\/v2\/product"}],"about":[{"href":"https:\/\/snehascare.de\/en\/wp-json\/wp\/v2\/types\/product"}],"wp:featuredmedia":[{"embeddable":true,"href":"https:\/\/snehascare.de\/en\/wp-json\/wp\/v2\/media\/9158"}],"wp:attachment":[{"href":"https:\/\/snehascare.de\/en\/wp-json\/wp\/v2\/media?parent=9157"}],"wp:term":[{"taxonomy":"product_brand","embeddable":true,"href":"https:\/\/snehascare.de\/en\/wp-json\/wp\/v2\/product_brand?post=9157"},{"taxonomy":"product_cat","embeddable":true,"href":"https:\/\/snehascare.de\/en\/wp-json\/wp\/v2\/product_cat?post=9157"},{"taxonomy":"product_tag","embeddable":true,"href":"https:\/\/snehascare.de\/en\/wp-json\/wp\/v2\/product_tag?post=9157"}],"curies":[{"name":"wp","href":"https:\/\/api.w.org\/{rel}","templated":true}]}}