{"id":9153,"date":"2024-09-11T14:06:59","date_gmt":"2024-09-11T14:06:59","guid":{"rendered":"https:\/\/snehascare.de\/?post_type=product&#038;p=9153"},"modified":"2024-12-14T17:46:57","modified_gmt":"2024-12-14T17:46:57","slug":"mintu-2","status":"publish","type":"product","link":"https:\/\/snehascare.de\/en\/hund\/mintu-2\/","title":{"rendered":"Mintu"},"content":{"rendered":"<p>Hallo, ich bin Mintu!<\/p>\n<p>&nbsp;<\/p>\n<p>Ich bin zusammen mit meiner Freundin Chintu am 17.12.2023 ins Tierheim gekommen. Genau wie Chintu leide ich an Rachitis, was bedeutet, dass meine Beine leicht nach au\u00dfen gebogen sind, weil meine Knochen nicht so fest gewachsen sind, wie sie sollten. Aber keine Sorge \u2013 davon lasse ich mich nicht unterkriegen! Abgesehen davon bin ich ein gesunder, lebensfroher Hund und bereit f\u00fcr jedes Abenteuer.<\/p>\n<p>&nbsp;<\/p>\n<p>Ich bin ein junger R\u00fcde, der das Leben liebt! Spielen, toben und Neues entdecken geh\u00f6ren zu meinen liebsten Besch\u00e4ftigungen. Ich habe jede Menge Energie, und ehrlich gesagt, h\u00f6re ich nicht immer so gern auf das, was die Menschen von mir wollen \u2013 ich bin eben ein Hund mit Charakter und genie\u00dfe meine Freiheit.<\/p>\n<p>&nbsp;<\/p>\n<p>Dank Tanja und Valentin, die mich zu Weihnachten als ihren Patenhund ausgew\u00e4hlt haben, darf ich mich \u00fcber liebevolle Unterst\u00fctzung freuen. Ihre Hilfe bedeutet mir unglaublich viel und macht meinen Alltag im Tierheim ein St\u00fcck sch\u00f6ner. Durch ihre Unterst\u00fctzung kann ich die Aufmerksamkeit und Dinge bekommen, die mich gl\u00fccklich machen \u2013 sei es Spielzeug, Leckereien oder einfach das Wissen, dass jemand an mich denkt.<\/p>\n<p>&nbsp;<\/p>\n<p>Bei Sneha\u2019s Care sind wir ungef\u00e4hr 170 Hunde mit ganz unterschiedlichen Geschichten und Bed\u00fcrfnissen. Hier auf der Stra\u00dfe in Nepal haben die meisten Hunde keine leichte Zukunft \u2013 vor allem wir, die im Tierheim bleiben m\u00fcssen, sind auf die Hilfe von wunderbaren Menschen wie Tanja und Valentin angewiesen.<\/p>\n<p>&nbsp;<\/p>\n<p>Mit ihrer Unterst\u00fctzung habe ich jetzt ein bisschen mehr Sicherheit und kann mich auf all die Abenteuer freuen, die noch vor mir liegen!<\/p>\n<p>&nbsp;<\/p>\n<p>Mit einem verspielten Wuff und einer gro\u00dfen Portion Freude,<br \/>\nEuer Mintu<\/p>\n<p>&nbsp;<\/p>\n<hr \/>\n<p>Hello, I\u2019m Mintu!<\/p>\n<p>I came to the shelter with my friend Chintu on December 17th, 2023. Like Chintu, I suffer from rickets, which means my legs are slightly bent outward because my bones didn\u2019t grow as strongly as they should. But don\u2019t worry \u2013 that doesn\u2019t stop me from enjoying life to the fullest! Other than that, I\u2019m a healthy and happy dog, ready for every adventure.<\/p>\n<p>I\u2019m a young male who absolutely loves life! Playing, running around, and discovering new things are my favorite activities. I\u2019m full of energy and, to be honest, I don\u2019t always like to do what people want me to do \u2013 I\u2019m a dog with personality, and I enjoy living out my freedom.<\/p>\n<p>Thanks to Tanja and Valentin, who chose me as their sponsored dog for Christmas, I now have loving support to brighten my days. Their help means the world to me and makes my time in the shelter so much better. With their sponsorship, I can enjoy the extra care and things that make me happy \u2013 be it toys, treats, or simply knowing that someone out there cares about me.<\/p>\n<p>At Sneha\u2019s Care, there are about 170 dogs with different stories and needs. Here in Nepal, most street dogs face a tough life, and especially those of us who have to stay in the shelter rely on the kindness of amazing people like Tanja and Valentin.<\/p>\n<p>With their support, I feel a little more secure and can look forward to all the adventures that await me!<\/p>\n<p>With a playful woof and lots of joy,<br \/>\nYour Mintu<\/p>\n<p>&nbsp;<\/p>\n<p>Bank Account Sneha's Care Deutschland e.V.<\/p>\n<p>Germany - Bank f\u00fcr Sozialwirtschaft<\/p>\n<p>IBAN: DE96 3702 0500 0001 6055 00<\/p>\n<p>BIC: BFSWDE33XXX<\/p>","protected":false},"excerpt":{"rendered":"<p>Gender: Male<\/p>\n<p>Geboren: ca. 2023<\/p>\n<p>Farbe: braun, wei\u00df<\/p>","protected":false},"featured_media":9156,"template":"","meta":[],"product_brand":[],"product_cat":[63],"product_tag":[],"class_list":{"0":"post-9153","1":"product","2":"type-product","3":"status-publish","4":"has-post-thumbnail","6":"product_cat-paten-gefunden","8":"first","9":"instock","10":"shipping-taxable","11":"product-type-simple"},"_links":{"self":[{"href":"https:\/\/snehascare.de\/en\/wp-json\/wp\/v2\/product\/9153","targetHints":{"allow":["GET"]}}],"collection":[{"href":"https:\/\/snehascare.de\/en\/wp-json\/wp\/v2\/product"}],"about":[{"href":"https:\/\/snehascare.de\/en\/wp-json\/wp\/v2\/types\/product"}],"wp:featuredmedia":[{"embeddable":true,"href":"https:\/\/snehascare.de\/en\/wp-json\/wp\/v2\/media\/9156"}],"wp:attachment":[{"href":"https:\/\/snehascare.de\/en\/wp-json\/wp\/v2\/media?parent=9153"}],"wp:term":[{"taxonomy":"product_brand","embeddable":true,"href":"https:\/\/snehascare.de\/en\/wp-json\/wp\/v2\/product_brand?post=9153"},{"taxonomy":"product_cat","embeddable":true,"href":"https:\/\/snehascare.de\/en\/wp-json\/wp\/v2\/product_cat?post=9153"},{"taxonomy":"product_tag","embeddable":true,"href":"https:\/\/snehascare.de\/en\/wp-json\/wp\/v2\/product_tag?post=9153"}],"curies":[{"name":"wp","href":"https:\/\/api.w.org\/{rel}","templated":true}]}}