{"id":9140,"date":"2024-09-09T15:29:32","date_gmt":"2024-09-09T15:29:32","guid":{"rendered":"https:\/\/snehascare.de\/?post_type=product&#038;p=9140"},"modified":"2025-05-03T20:12:36","modified_gmt":"2025-05-03T20:12:36","slug":"twake","status":"publish","type":"product","link":"https:\/\/snehascare.de\/en\/hund\/twake\/","title":{"rendered":"Twake"},"content":{"rendered":"<p><b>Hallo, ich bin Twake!<\/b><\/p>\n<p>&nbsp;<\/p>\n<p>und ich bin ein Hund mit einem ganz eigenen Charme \u2013 und einem etwas lustigen Gang! Ich habe n\u00e4mlich eine neurologische St\u00f6rung, die daf\u00fcr sorgt, dass ich mich ein bisschen anders bewege als andere Hunde. Das sieht vielleicht ein bisschen ungew\u00f6hnlich aus, aber ich f\u00fchle mich trotzdem pudelwohl und bin ansonsten gesund und munter!<\/p>\n<p>&nbsp;<\/p>\n<p>Im Tierheim habe ich meine eigenen Regeln und verstehe mich nicht mit jedem Hund hier \u2013 aber das ist okay! Ich habe meine besonderen Freunde, mit denen ich gerne herumtobe und die Welt erkunde. Was Menschen angeht, bin ich ein echter Kuschelfreund! Vor allem die Tierheim-Mitarbeiter mag ich besonders gern, und ich freue mich jedes Mal, wenn sie mir ein paar Streicheleinheiten oder ein Leckerli schenken.<\/p>\n<p>&nbsp;<\/p>\n<p>Vielleicht findest du meine Bewegungen ein bisschen lustig, aber genau das macht mich besonders und einzigartig! Wenn du mir als Patin oder Pate zur Seite stehst, k\u00f6nntest du mir dabei helfen, ein paar Extra-Leckerlis zu bekommen, die ich so liebe, oder mich einfach durch deine Unterst\u00fctzung noch ein St\u00fcck gl\u00fccklicher machen.<\/p>\n<p>&nbsp;<\/p>\n<p>Bei Sneha\u2019s Care sind wir ungef\u00e4hr 170 Hunde mit verschiedenen Problemen und unsere Pflege kostet viel. Weil hier viele Hunde auf sich gestellt auf der Stra\u00dfe leben m\u00fcssen, k\u00f6nnen die Menschen sich einfach einen passenden Stra\u00dfenhund aussuchen \u2013 und das sind meist gesunde, zutrauliche, h\u00fcbsche Welpen. In ein Tierheim muss daf\u00fcr niemand fahren. Ich werde vermutlich dauerhaft im Tierheim leben m\u00fcssen.<span class=\"Apple-converted-space\">\u00a0<\/span><\/p>\n<p>&nbsp;<\/p>\n<p>Ich habe mit Isabelle eine liebe Patin gefunden \u2013 danke, dass du f\u00fcr mich da bist! \ud83d\udc95<\/p>\n<p>&nbsp;<\/p>\n<p>Mit fr\u00f6hlichem Wuff und einem lustigen T\u00e4nzchen,<br \/>\nDein Twake \ud83d\udc3e<\/p>\n<p>\u2014\u2014\u2014\u2014<\/p>\n<p>Hello, I&#8217;m Twake!<\/p>\n<p>and I am a dog with a charm all his own &#8211; and a somewhat funny walk! I have a neurological disorder that causes me to move a little differently than other dogs. This may look a bit unusual, but I still feel great and am otherwise healthy and happy!<\/p>\n<p>I have my own rules at the animal shelter and don&#8217;t get along with every dog \u200b\u200bhere &#8211; but that&#8217;s okay! I have my special friends with whom I enjoy running around and exploring the world. When it comes to people, I&#8217;m a real cuddler! I especially like the animal shelter employees, and I&#8217;m always happy when they give me a few cuddles or a treat.<\/p>\n<p>Maybe you find my movements a bit funny, but that&#8217;s exactly what makes me special and unique! If you support me as a sponsor, you could help me get a few extra treats that I love so much, or simply make me a little happier with your support.<\/p>\n<p>At Sneha\u2019s Care we are about 170 dogs with various problems and our care costs a lot. Because many dogs here have to live on the streets on their own, people can simply choose a suitable street dog &#8211; and these are usually healthy, trusting, pretty puppies. Nobody has to go to an animal shelter for this. I will probably have to live in an animal shelter permanently.<span class=\"Apple-converted-space\">\u00a0<\/span><\/p>\n<p>I\u2019ve found a loving sponsor in Isabelle \u2013 thank you for being there for me! \ud83d\udc95<\/p>\n<p>With a happy woof and a funny dance,<span class=\"Apple-converted-space\">\u00a0<\/span><\/p>\n<p>your Twake \ud83d\udc3e<\/p>\n<p>&nbsp;<\/p>\n<p>&nbsp;<\/p>\n<p>&nbsp;<\/p>\n<p>Bank Account Sneha's Care Deutschland e.V.<\/p>\n<p>Germany - Bank f\u00fcr Sozialwirtschaft<\/p>\n<p>IBAN: DE96 3702 0500 0001 6055 00<\/p>\n<p>BIC: BFSWDE33XXX<\/p>","protected":false},"excerpt":{"rendered":"<p>Gender: Male<\/p>\n<p>Born: 2017<\/p>\n<p>Colour: Brown<\/p>","protected":false},"featured_media":9143,"template":"","meta":[],"product_brand":[],"product_cat":[63],"product_tag":[],"class_list":{"0":"post-9140","1":"product","2":"type-product","3":"status-publish","4":"has-post-thumbnail","6":"product_cat-paten-gefunden","8":"first","9":"instock","10":"shipping-taxable","11":"product-type-simple"},"_links":{"self":[{"href":"https:\/\/snehascare.de\/en\/wp-json\/wp\/v2\/product\/9140","targetHints":{"allow":["GET"]}}],"collection":[{"href":"https:\/\/snehascare.de\/en\/wp-json\/wp\/v2\/product"}],"about":[{"href":"https:\/\/snehascare.de\/en\/wp-json\/wp\/v2\/types\/product"}],"wp:featuredmedia":[{"embeddable":true,"href":"https:\/\/snehascare.de\/en\/wp-json\/wp\/v2\/media\/9143"}],"wp:attachment":[{"href":"https:\/\/snehascare.de\/en\/wp-json\/wp\/v2\/media?parent=9140"}],"wp:term":[{"taxonomy":"product_brand","embeddable":true,"href":"https:\/\/snehascare.de\/en\/wp-json\/wp\/v2\/product_brand?post=9140"},{"taxonomy":"product_cat","embeddable":true,"href":"https:\/\/snehascare.de\/en\/wp-json\/wp\/v2\/product_cat?post=9140"},{"taxonomy":"product_tag","embeddable":true,"href":"https:\/\/snehascare.de\/en\/wp-json\/wp\/v2\/product_tag?post=9140"}],"curies":[{"name":"wp","href":"https:\/\/api.w.org\/{rel}","templated":true}]}}