{"id":9136,"date":"2024-09-09T15:13:22","date_gmt":"2024-09-09T15:13:22","guid":{"rendered":"https:\/\/snehascare.de\/?post_type=product&#038;p=9136"},"modified":"2024-12-14T19:42:04","modified_gmt":"2024-12-14T19:42:04","slug":"simmy","status":"publish","type":"product","link":"https:\/\/snehascare.de\/en\/hund\/simmy\/","title":{"rendered":"Simmy"},"content":{"rendered":"<p>Hallo, ich bin Simmy!<\/p>\n<p>&nbsp;<\/p>\n<p>Ich habe schon einiges hinter mir! Am 18.03.2024 kam ich ins Tierheim, weil ich mit mehreren Tumoren zu k\u00e4mpfen hatte \u2013 in meiner Nase, am Rektum, vaginal und sogar im linken Auge. K\u00fcrzlich wurde ich operiert, und der Tumor in meinem linken Auge konnte erfolgreich entfernt werden. Die anderen Tumore werden weiterhin behandelt, und ich k\u00e4mpfe mich tapfer durch \u2013 ich bin eben eine echte K\u00e4mpferin!<\/p>\n<p>&nbsp;<\/p>\n<p>Auch wenn meine Gesundheit mich manchmal herausfordert, bleibe ich eine gl\u00fcckliche H\u00fcndin, die das Leben liebt und voller Energie steckt! Ich genie\u00dfe es, im Mittelpunkt zu stehen und Aufmerksamkeit zu bekommen. Mit meinen vierbeinigen Freunden gehe ich gerne auf Abenteuer, und ich gebe gerne den Ton an \u2013 man sagt, ich h\u00e4tte das Zeug zur Alpha-H\u00fcndin. Aber keine Sorge, das macht mich nur noch liebenswerter!<\/p>\n<p>&nbsp;<\/p>\n<p>Ich freue mich sehr, dass ich mit Stefanie bereits eine wunderbare Patin gefunden habe! Dank ihrer Unterst\u00fctzung kann ich die bestm\u00f6gliche Versorgung erhalten, die ich brauche, um wieder vollst\u00e4ndig gesund zu werden. Tierarztbesuche werden mit ihr an meiner Seite weniger be\u00e4ngstigend und meine Tage fr\u00f6hlicher!<\/p>\n<p>&nbsp;<\/p>\n<p>Bei Sneha\u2019s Care leben \u00fcber 170 Hunde, die unterschiedliche Herausforderungen haben, und die Pflege kostet viel. Viele Hunde m\u00fcssen auf der Stra\u00dfe leben, und es gibt nicht immer die M\u00f6glichkeit, ein Tierheim aufzusuchen. Ich werde vermutlich dauerhaft im Tierheim leben m\u00fcssen, aber mit Stefanies Hilfe habe ich Hoffnung und Unterst\u00fctzung, die mich auf meinem Weg begleiten.<\/p>\n<p>Danke !<br \/>\nDeine Simmy<\/p>\n<p>\u2014\u2014\u2014\u2014<\/p>\n<p>Hello, I&#8217;m Simmy!<\/p>\n<p>I&#8217;ve been through quite a lot already! On March 18, 2024, I came to the shelter because I had several tumors \u2013 in my nose, near my rectum, vaginally, and even in my left eye. I was recently operated on, and the tumor in my left eye was successfully removed. The other tumors are still being treated, and I&#8217;m bravely fighting through it all \u2013 I&#8217;m a real fighter!<\/p>\n<p>Even though my health presents some challenges, I stay a happy dog who loves life and is full of energy! I enjoy being the center of attention and getting lots of love. I also like to take the lead when I&#8217;m with my four-legged friends \u2013 some say I have a bit of an alpha dog personality. But don\u2019t worry, it only makes me more lovable!<\/p>\n<p>I&#8217;m so happy to have already found a wonderful sponsor in Stefanie! Thanks to her support, I\u2019m getting the best care I need to get back to full health. With her by my side, vet visits are less scary, and my days are brighter!<\/p>\n<p>At Sneha\u2019s Care, there are over 170 dogs with different challenges, and the care costs a lot. Many dogs have to live on the street, and there isn\u2019t always an option to go to a shelter. I\u2019ll probably have to live at the shelter long-term, but with Stefanie&#8217;s help, I have hope and support to guide me on my journey.<\/p>\n<p>Thank you !<\/p>\n<p>Your Simmy<\/p>\n<p>&nbsp;<\/p>\n<hr \/>\n<p>&nbsp;<\/p>\n<p>Bank Account Sneha's Care Deutschland e.V.<\/p>\n<p>Germany - Bank f\u00fcr Sozialwirtschaft<\/p>\n<p>IBAN: DE96 3702 0500 0001 6055 00<\/p>\n<p>BIC: BFSWDE33XXX<\/p>","protected":false},"excerpt":{"rendered":"<p>Gender: Female<\/p>\n<p>Born: 2019<\/p>\n<p>Farbe: wei\u00df mit braun<\/p>","protected":false},"featured_media":9137,"template":"","meta":[],"product_brand":[],"product_cat":[63],"product_tag":[],"class_list":{"0":"post-9136","1":"product","2":"type-product","3":"status-publish","4":"has-post-thumbnail","6":"product_cat-paten-gefunden","8":"first","9":"instock","10":"shipping-taxable","11":"product-type-simple"},"_links":{"self":[{"href":"https:\/\/snehascare.de\/en\/wp-json\/wp\/v2\/product\/9136","targetHints":{"allow":["GET"]}}],"collection":[{"href":"https:\/\/snehascare.de\/en\/wp-json\/wp\/v2\/product"}],"about":[{"href":"https:\/\/snehascare.de\/en\/wp-json\/wp\/v2\/types\/product"}],"wp:featuredmedia":[{"embeddable":true,"href":"https:\/\/snehascare.de\/en\/wp-json\/wp\/v2\/media\/9137"}],"wp:attachment":[{"href":"https:\/\/snehascare.de\/en\/wp-json\/wp\/v2\/media?parent=9136"}],"wp:term":[{"taxonomy":"product_brand","embeddable":true,"href":"https:\/\/snehascare.de\/en\/wp-json\/wp\/v2\/product_brand?post=9136"},{"taxonomy":"product_cat","embeddable":true,"href":"https:\/\/snehascare.de\/en\/wp-json\/wp\/v2\/product_cat?post=9136"},{"taxonomy":"product_tag","embeddable":true,"href":"https:\/\/snehascare.de\/en\/wp-json\/wp\/v2\/product_tag?post=9136"}],"curies":[{"name":"wp","href":"https:\/\/api.w.org\/{rel}","templated":true}]}}