{"id":9129,"date":"2024-09-09T14:25:52","date_gmt":"2024-09-09T14:25:52","guid":{"rendered":"https:\/\/snehascare.de\/?post_type=product&#038;p=9129"},"modified":"2024-11-13T18:21:45","modified_gmt":"2024-11-13T18:21:45","slug":"tommy","status":"publish","type":"product","link":"https:\/\/snehascare.de\/en\/hund\/tommy\/","title":{"rendered":"Tommy"},"content":{"rendered":"<p>Hallo, ich bin Tommy,<\/p>\n<p>&nbsp;<\/p>\n<p>Ich bin eine lebensfrohe H\u00fcndin mit einem besonderen Merkmal: Ich habe nur drei Beine! Ein Unfall hat mich mein rechtes Hinterbein gekostet, aber das h\u00e4lt mich nicht auf. Ich laufe, spiele und genie\u00dfe das Leben genauso wie jeder andere Hund hier im Tierheim \u2013 vielleicht sogar ein bisschen mehr, weil ich jeden Tag ein kleines Abenteuer daraus mache.<\/p>\n<p>&nbsp;<\/p>\n<p>Ich liebe es, mit meinen Hundekumpels zu spielen, und finde immer einen Weg, den Tag spannend zu gestalten. Die Menschen hier sagen, dass ich ein sehr freundliches Wesen habe . Mein Handicap st\u00f6rt mich \u00fcberhaupt nicht, und das sollte es dich auch nicht! Ich bin voller Energie, gesund und bereit, die Welt zu erkunden \u2013 nat\u00fcrlich mit dir an meiner Seite!<\/p>\n<p>&nbsp;<\/p>\n<p>Bei Sneha\u2019s Care sind wir ungef\u00e4hr 170 Hunde mit verschiedenen Problemen und unsere Pflege kostet viel. Weil hier viele Hunde auf sich gestellt auf der Stra\u00dfe leben m\u00fcssen, k\u00f6nnen die Menschen sich einfach einen passenden Stra\u00dfenhund aussuchen \u2013 und das sind meist gesunde, zutrauliche, h\u00fcbsche Welpen. In ein Tierheim muss daf\u00fcr niemand fahren. Ich werde vermutlich dauerhaft im Tierheim leben m\u00fcssen.<span class=\"Apple-converted-space\">\u00a0<\/span><\/p>\n<p>&nbsp;<\/p>\n<p>Danke Eileen, dass du meine Patin bist &lt;3<\/p>\n<p>Deine Tommy \ud83d\udc3e<\/p>\n<p>\u2014\u2014\u2014\u2014<\/p>\n<p>Hello, I&#8217;m Tommy,<\/p>\n<p>I am a cheerful dog with a special feature: I only have three legs! An accident cost me my front right back limb, but that doesn&#8217;t stop me. I run, play and enjoy life just as much as any other dog here at the shelter &#8211; maybe even a little more because I make a little adventure out of it every day.<\/p>\n<p>I love playing with my buddies and always find a way to make the day exciting. People here say that I have a very friendly personality. My handicap doesn&#8217;t bother me at all, and neither should you! I&#8217;m full of energy, healthy and ready to explore the world &#8211; with you by my side of course!<\/p>\n<p>At Sneha\u2019s Care we are about 170 dogs with various problems and our care costs a lot. Because many dogs here have to live on the streets on their own, people can simply choose a suitable street dog &#8211; and these are usually healthy, trusting, pretty puppies. Nobody has to go to an animal shelter for this. I will probably have to live in the shelter permanently.<span class=\"Apple-converted-space\">\u00a0<\/span><\/p>\n<p>Thank you Eileen for being my sponsor &lt;3<\/p>\n<p>With a wagging tail, your Tommy \ud83d\udc3e<\/p>\n<p>&nbsp;<\/p>\n<p>&nbsp;<\/p>\n<p>Bank Account Sneha's Care Deutschland e.V.<\/p>\n<p>Germany - Bank f\u00fcr Sozialwirtschaft<\/p>\n<p>IBAN: DE96 3702 0500 0001 6055 00<\/p>\n<p>BIC: BFSWDE33XXX<\/p>","protected":false},"excerpt":{"rendered":"<p>Gender: Female<\/p>\n<p>Born: 2019<\/p>\n<p>Farbe: wei\u00df mit braun<\/p>","protected":false},"featured_media":9130,"template":"","meta":[],"product_brand":[],"product_cat":[63],"product_tag":[],"class_list":{"0":"post-9129","1":"product","2":"type-product","3":"status-publish","4":"has-post-thumbnail","6":"product_cat-paten-gefunden","8":"first","9":"instock","10":"shipping-taxable","11":"product-type-simple"},"_links":{"self":[{"href":"https:\/\/snehascare.de\/en\/wp-json\/wp\/v2\/product\/9129","targetHints":{"allow":["GET"]}}],"collection":[{"href":"https:\/\/snehascare.de\/en\/wp-json\/wp\/v2\/product"}],"about":[{"href":"https:\/\/snehascare.de\/en\/wp-json\/wp\/v2\/types\/product"}],"wp:featuredmedia":[{"embeddable":true,"href":"https:\/\/snehascare.de\/en\/wp-json\/wp\/v2\/media\/9130"}],"wp:attachment":[{"href":"https:\/\/snehascare.de\/en\/wp-json\/wp\/v2\/media?parent=9129"}],"wp:term":[{"taxonomy":"product_brand","embeddable":true,"href":"https:\/\/snehascare.de\/en\/wp-json\/wp\/v2\/product_brand?post=9129"},{"taxonomy":"product_cat","embeddable":true,"href":"https:\/\/snehascare.de\/en\/wp-json\/wp\/v2\/product_cat?post=9129"},{"taxonomy":"product_tag","embeddable":true,"href":"https:\/\/snehascare.de\/en\/wp-json\/wp\/v2\/product_tag?post=9129"}],"curies":[{"name":"wp","href":"https:\/\/api.w.org\/{rel}","templated":true}]}}