{"id":9126,"date":"2024-08-25T18:05:51","date_gmt":"2024-08-25T18:05:51","guid":{"rendered":"https:\/\/snehascare.de\/?post_type=product&#038;p=9126"},"modified":"2025-02-08T17:06:25","modified_gmt":"2025-02-08T17:06:25","slug":"ruby","status":"publish","type":"product","link":"https:\/\/snehascare.de\/en\/hund\/ruby\/","title":{"rendered":"Ruby"},"content":{"rendered":"<p>Mit schwerem Herzen nehmen wir Abschied von Ruby, die uns viel zu fr\u00fch verlassen hat. Ihr unerwarteter Verlust schmerzt uns sehr. Ruby war eine besondere Seele, voller Liebe und Lebensfreude.<\/p>\n<p>Ein besonderer Dank gilt ihrer Patin Tina, die sie auf ihrem Weg begleitet und unterst\u00fctzt hat. Es tr\u00f6stet uns zu wissen, dass Ruby Liebe und F\u00fcrsorge erfahren durfte. Sie wird immer einen Platz in unseren Herzen haben.<\/p>\n<p>Ruhe in Frieden, liebe Ruby. \ud83c\udf3f\ud83d\udc94<\/p>\n<p>&nbsp;<\/p>\n<hr \/>\n<p>With heavy hearts, we say goodbye to Ruby, who left us far too soon. Her unexpected loss deeply saddens us. Ruby was a special soul, full of love and joy.<\/p>\n<p>A special thank you goes to her sponsor, Tina, who accompanied and supported her along the way. It brings us comfort to know that Ruby experienced love and care. She will always have a place in our hearts.<\/p>\n<p>Rest in peace, dear Ruby. \ud83c\udf3f\ud83d\udc94<\/p>\n<p>&nbsp;<\/p>\n<p>&nbsp;<\/p>\n<p>&nbsp;<\/p>\n<p><strong>In Erinnerung an Ruby<\/strong><\/p>\n<p>&nbsp;<\/p>\n<p>Hallo mein Name ist Ruby<\/p>\n<p>&nbsp;<\/p>\n<p>Ich wurde am 04.03.2023 aus Sanagaun, Lalitpur, nach einem Unfall<span class=\"Apple-converted-space\">\u00a0 <\/span>mit schweren Verletzungen in das Tierheim gebracht. Ich bin seit diesem Unfall gel\u00e4hmt und kann nicht mehr selbst\u00e4ndig ohne Hilfe eines Rollstuhls stehen. Abgesehen davon geht es mir hier gut, ich bin gesund und fr\u00f6hlich und genie\u00dfe die F\u00fcrsorge des Teams.<span class=\"Apple-converted-space\">\u00a0<\/span><\/p>\n<p>&nbsp;<\/p>\n<p>Bei Sneha\u2019s Care sind wir ungef\u00e4hr 170 Hunde mit verschiedenen Problemen und unsere Pflege kostet viel. Weil hier viele Hunde auf sich gestellt auf der Stra\u00dfe leben m\u00fcssen, k\u00f6nnen die Menschen sich einfach einen passenden Stra\u00dfenhund aussuchen \u2013 und das sind meist gesunde, zutrauliche, h\u00fcbsche Welpen. In ein Tierheim muss daf\u00fcr niemand fahren. Ich werde dauerhaft im Tierheim leben m\u00fcssen.<span class=\"Apple-converted-space\">\u00a0<\/span><\/p>\n<p>&nbsp;<\/p>\n<p>Ich danke Tina von Herzen, die mich als ihren Patenhund ausgew\u00e4hlt hat &#8211; DANKE !<\/p>\n<p>\u2014\u2014\u2014\u2014<\/p>\n<p>Hello my name is Ruby<\/p>\n<p>I was brought to the animal shelter on March 4, 2023 from Sanagaun, Lalitpur after an accident with serious injuries. Since this accident I have been paralyzed and can no longer stand independently without the help of a wheelchair. Apart from that, I&#8217;m doing well here, I&#8217;m healthy and happy and I enjoy the care of the team.<\/p>\n<p>At Sneha\u2019s Care we are about 170 dogs with various problems and our care costs a lot. Because many dogs here have to live on the streets on their own, people can simply choose a suitable street dog &#8211; and these are usually healthy, trusting, pretty puppies. Nobody has to go to an animal shelter for this. I will therefore have to live in the shelter permanently.<\/p>\n<p>I would like to thank Tina from the bottom of my heart for choosing me as her sponsor dog &#8211; THANK YOU!<\/p>\n<p>&nbsp;<\/p>\n<p>Bank Account Sneha's Care Deutschland e.V.<\/p>\n<p>Germany - Bank f\u00fcr Sozialwirtschaft<\/p>\n<p>IBAN: DE96 3702 0500 0001 6055 00 | BIC: BFSWDE33XXX<\/p>","protected":false},"excerpt":{"rendered":"<p>Gender: Female<\/p>\n<p>Born: 2020<\/p>\n<p>Verstorben: 01\/2025<\/p>\n<p>Colour: White<\/p>\n<p>&nbsp;<\/p>","protected":false},"featured_media":9127,"template":"","meta":[],"product_brand":[],"product_cat":[64],"product_tag":[],"class_list":{"0":"post-9126","1":"product","2":"type-product","3":"status-publish","4":"has-post-thumbnail","6":"product_cat-verstorben","8":"first","9":"instock","10":"shipping-taxable","11":"product-type-simple"},"_links":{"self":[{"href":"https:\/\/snehascare.de\/en\/wp-json\/wp\/v2\/product\/9126","targetHints":{"allow":["GET"]}}],"collection":[{"href":"https:\/\/snehascare.de\/en\/wp-json\/wp\/v2\/product"}],"about":[{"href":"https:\/\/snehascare.de\/en\/wp-json\/wp\/v2\/types\/product"}],"wp:featuredmedia":[{"embeddable":true,"href":"https:\/\/snehascare.de\/en\/wp-json\/wp\/v2\/media\/9127"}],"wp:attachment":[{"href":"https:\/\/snehascare.de\/en\/wp-json\/wp\/v2\/media?parent=9126"}],"wp:term":[{"taxonomy":"product_brand","embeddable":true,"href":"https:\/\/snehascare.de\/en\/wp-json\/wp\/v2\/product_brand?post=9126"},{"taxonomy":"product_cat","embeddable":true,"href":"https:\/\/snehascare.de\/en\/wp-json\/wp\/v2\/product_cat?post=9126"},{"taxonomy":"product_tag","embeddable":true,"href":"https:\/\/snehascare.de\/en\/wp-json\/wp\/v2\/product_tag?post=9126"}],"curies":[{"name":"wp","href":"https:\/\/api.w.org\/{rel}","templated":true}]}}