{"id":9123,"date":"2024-08-25T17:33:43","date_gmt":"2024-08-25T17:33:43","guid":{"rendered":"https:\/\/snehascare.de\/?post_type=product&#038;p=9123"},"modified":"2024-09-10T14:16:12","modified_gmt":"2024-09-10T14:16:12","slug":"kelly","status":"publish","type":"product","link":"https:\/\/snehascare.de\/en\/hund\/kelly\/","title":{"rendered":"Kelly"},"content":{"rendered":"<p>Hallo mein Name ist Kelly<\/p>\n<p>&nbsp;<\/p>\n<p>Ich wurde am 05.06.2021 mit schweren und schmerzhaften Hautproblemen in das Tierheim gebracht. Inzwischen geht es mir gut, ich wurde medizinisch betreut und konnte heilen. Ich genie\u00dfe die Sicherheit und F\u00fcrsorge im Tierheim.<\/p>\n<p>&nbsp;<\/p>\n<p>Ich bin ein selbstbewusster Hund und liebe es, das Sagen zu haben. Ich bin gerne der Boss und scheue mich auch nicht, das zu zeigen \u2013 besonders wenn es um die anderen Hunde hier geht. Ich mag es nicht unbedingt, wenn mir jemand vorschreiben will, was ich tun soll. Ab und zu fange ich auch mal einen Streit an, aber das geh\u00f6rt eben zu meiner Pers\u00f6nlichkeit!<\/p>\n<p>&nbsp;<\/p>\n<p>Was Menschen betrifft\u2026 sagen wir mal, ich bin lieber f\u00fcr mich. Ich sch\u00e4tze meinen eigenen Raum und ziehe es vor, meinen Tag nach meinen eigenen Regeln zu gestalten. Man k\u00f6nnte sagen, ich bin ein echter Individualist!<\/p>\n<p>&nbsp;<\/p>\n<p>Bei Sneha\u2019s Care sind wir ungef\u00e4hr 170 Hunde mit verschiedenen Problemen und unsere Pflege kostet viel. Weil hier viele Hunde auf sich gestellt auf der Stra\u00dfe leben m\u00fcssen, k\u00f6nnen die Menschen sich einfach einen passenden Stra\u00dfenhund aussuchen \u2013 und das sind meist gesunde, zutrauliche, h\u00fcbsche Welpen. In ein Tierheim muss daf\u00fcr niemand fahren. Ich werde vermutlich dauerhaft im Tierheim leben m\u00fcssen.<\/p>\n<p>&nbsp;<\/p>\n<p>Ich danke Annette von Herzen, die mich als ihren Patenhund ausgew\u00e4hlt hat &#8211; DANKE !<\/p>\n<p>&nbsp;<\/p>\n<p>\u2014\u2014\u2014\u2014<\/p>\n<p>Hello my name is Kelly<\/p>\n<p>I was brought to the animal shelter on June 5th, 2021 with severe and painful skin problems. I am now doing well, I received medical care and was able to heal. I enjoy the safety and care at the animal shelter.<\/p>\n<p>I am a confident dog and love being in charge. I like being the boss and I&#8217;m not afraid to show it &#8211; especially when it comes to the other dogs here. I don&#8217;t necessarily like it when someone tries to tell me what to do. Every now and then I start a fight, but that&#8217;s just part of my personality!<\/p>\n<p>When it comes to people\u2026let\u2019s just say I prefer to keep to myself. I value my own space and prefer to organize my day according to my own rules. You could say I&#8217;m a real individualist!<\/p>\n<p>At Sneha\u2019s Care we are about 170 dogs with various problems and our care costs a lot. Because many dogs here have to live on the streets on their own, people can simply choose a suitable street dog &#8211; and these are usually healthy, trusting, pretty puppies. Nobody has to go to an animal shelter for this. I will therefore probably have to live in the shelter permanently.<\/p>\n<p>I would like to thank Annette from the bottom of my heart for choosing me as her sponsor dog &#8211; THANK YOU!<\/p>\n<p>&nbsp;<\/p>\n<p>&nbsp;<\/p>\n<p>Bank Account Sneha's Care Deutschland e.V.<\/p>\n<p>Germany - Bank f\u00fcr Sozialwirtschaft<\/p>\n<p>IBAN: DE96 3702 0500 0001 6055 00 | BIC: BFSWDE33XXX<\/p>","protected":false},"excerpt":{"rendered":"<p>Gender: Male<\/p>\n<p>Born: 2019<\/p>\n<p>Colour: black<\/p>\n<p>&nbsp;<\/p>","protected":false},"featured_media":9122,"template":"","meta":[],"product_brand":[],"product_cat":[63],"product_tag":[],"class_list":{"0":"post-9123","1":"product","2":"type-product","3":"status-publish","4":"has-post-thumbnail","6":"product_cat-paten-gefunden","8":"first","9":"instock","10":"shipping-taxable","11":"product-type-simple"},"_links":{"self":[{"href":"https:\/\/snehascare.de\/en\/wp-json\/wp\/v2\/product\/9123","targetHints":{"allow":["GET"]}}],"collection":[{"href":"https:\/\/snehascare.de\/en\/wp-json\/wp\/v2\/product"}],"about":[{"href":"https:\/\/snehascare.de\/en\/wp-json\/wp\/v2\/types\/product"}],"wp:featuredmedia":[{"embeddable":true,"href":"https:\/\/snehascare.de\/en\/wp-json\/wp\/v2\/media\/9122"}],"wp:attachment":[{"href":"https:\/\/snehascare.de\/en\/wp-json\/wp\/v2\/media?parent=9123"}],"wp:term":[{"taxonomy":"product_brand","embeddable":true,"href":"https:\/\/snehascare.de\/en\/wp-json\/wp\/v2\/product_brand?post=9123"},{"taxonomy":"product_cat","embeddable":true,"href":"https:\/\/snehascare.de\/en\/wp-json\/wp\/v2\/product_cat?post=9123"},{"taxonomy":"product_tag","embeddable":true,"href":"https:\/\/snehascare.de\/en\/wp-json\/wp\/v2\/product_tag?post=9123"}],"curies":[{"name":"wp","href":"https:\/\/api.w.org\/{rel}","templated":true}]}}