{"id":9092,"date":"2024-05-30T17:03:33","date_gmt":"2024-05-30T17:03:33","guid":{"rendered":"https:\/\/snehascare.de\/?post_type=product&#038;p=9092"},"modified":"2025-01-05T18:11:46","modified_gmt":"2025-01-05T18:11:46","slug":"ranger","status":"publish","type":"product","link":"https:\/\/snehascare.de\/en\/hund\/ranger\/","title":{"rendered":"Ranger"},"content":{"rendered":"<p>Hallo mein Name ist Ranger<\/p>\n<p>&nbsp;<\/p>\n<p>Am 4. Oktober 2023 rettete das Team von Sneha\u2019s Care mich in Lalitpur. Ich war brutal mit einer Waffe angegriffen worden und hatte offene Wunden im oberen Halsbereich, die bereits von Maden befallen waren. Ich hatte schreckliche Schmerzen. Aber mein starker Geist und die unerm\u00fcdliche F\u00fcrsorge der Mitarbeiter des Tierheims haben mir geholfen, zu heilen. Jetzt bin ich in Sicherheit mit lieben Menschen um mich.<span class=\"Apple-converted-space\">\u00a0<\/span><\/p>\n<p>&nbsp;<\/p>\n<p>Bei Sneha\u2019s Care sind wir ungef\u00e4hr 170 Hunde mit verschiedenen Problemen und unsere Pflege kostet viel. Weil hier viele Hunde auf sich gestellt auf der Stra\u00dfe leben m\u00fcssen, k\u00f6nnen die Menschen sich einfach einen passenden Stra\u00dfenhund aussuchen \u2013 und das sind meist gesunde, zutrauliche, h\u00fcbsche Welpen. In ein Tierheim muss daf\u00fcr niemand fahren. Ich werde vermutlich dauerhaft im Tierheim leben m\u00fcssen.<span class=\"Apple-converted-space\">\u00a0<\/span><\/p>\n<p>&nbsp;<\/p>\n<p>Ich danke Marion von Herzen, die mich als ihre Patenhund ausgew\u00e4hlt hat &#8211; DANKE !<\/p>\n<p>\u2014\u2014\u2014\u2014<\/p>\n<p>Hello my name is Ranger<\/p>\n<p>On October 4, 2023, Sneha\u2019s Care team rescued me in Lalitpur. I had been brutally attacked with a weapon and had open wounds on my upper neck that were already infested with maggots. I was in terrible pain. But my strong spirit and the tireless care of the shelter staff helped me heal. Now I&#8217;m safe with lovely people around me.<\/p>\n<p>At Sneha\u2019s Care we are about 170 dogs with various problems and our care costs a lot. Because many dogs here have to live on the streets on their own, people can simply choose a suitable street dog &#8211; and these are usually healthy, trusting, pretty puppies. Nobody has to go to an animal shelter for this. I will therefore probably have to live in the shelter permanently.<\/p>\n<p>I would like to thank Marion from the bottom of my heart for choosing me as her sponsor dog &#8211; THANK YOU!<\/p>\n<p>&nbsp;<\/p>\n\n<div class=\"wpcf7 no-js\" id=\"wpcf7-f8093-o1\" lang=\"de-DE\" dir=\"ltr\" data-wpcf7-id=\"8093\">\n<div class=\"screen-reader-response\"><p role=\"status\" aria-live=\"polite\" aria-atomic=\"true\"><\/p> <ul><\/ul><\/div>\n<form action=\"\/en\/wp-json\/wp\/v2\/product\/9092#wpcf7-f8093-o1\" method=\"post\" class=\"wpcf7-form init\" aria-label=\"Kontaktformular\" novalidate=\"novalidate\" data-status=\"init\" data-trp-original-action=\"\/en\/wp-json\/wp\/v2\/product\/9092#wpcf7-f8093-o1\">\n<fieldset class=\"hidden-fields-container\"><input type=\"hidden\" name=\"_wpcf7\" value=\"8093\" \/><input type=\"hidden\" name=\"_wpcf7_version\" value=\"6.1\" \/><input type=\"hidden\" name=\"_wpcf7_locale\" value=\"de_DE\" \/><input type=\"hidden\" name=\"_wpcf7_unit_tag\" value=\"wpcf7-f8093-o1\" \/><input type=\"hidden\" name=\"_wpcf7_container_post\" value=\"0\" \/><input type=\"hidden\" name=\"_wpcf7_posted_data_hash\" value=\"\" \/>\n<\/fieldset>\n<h2>Yes, I want do be a sponsor!<\/h2>\n\n<span class=\"wpcf7-form-control-wrap\" data-name=\"radio-185\"><span class=\"wpcf7-form-control wpcf7-radio\"><span class=\"wpcf7-list-item first\"><input type=\"radio\" name=\"radio-185\" value=\"Dazu zahle ich 20 Euro im Monat f\u00fcr\" checked=\"checked\" \/><span class=\"wpcf7-list-item-label\">I pay 20 Euros per Month for:<\/span><\/span><span class=\"wpcf7-list-item last\"><input type=\"radio\" name=\"radio-185\" value=\"Ich werde Jahrespate und zahle 150 Euro einmalig f\u00fcr\" \/><span class=\"wpcf7-list-item-label\">I will become an annual sponsor and pay 150 Euros one-time for:<\/span><\/span><\/span><\/span>\n<\/br>\n\n<label>Name of the Animal (Required)\n    <span class=\"wpcf7-form-control-wrap\" data-name=\"tiername\"><input size=\"40\" maxlength=\"400\" class=\"wpcf7-form-control wpcf7-text\" aria-invalid=\"false\" value=\"\" type=\"text\" name=\"tiername\" \/><\/span> <\/label>\n\n<label>Surename (Required)\n    <span class=\"wpcf7-form-control-wrap\" data-name=\"lastname\"><input size=\"40\" maxlength=\"400\" class=\"wpcf7-form-control wpcf7-text wpcf7-validates-as-required\" aria-required=\"true\" aria-invalid=\"false\" value=\"\" type=\"text\" name=\"lastname\" \/><\/span> <\/label>\n\n<label>First Name (Required)\n    <span class=\"wpcf7-form-control-wrap\" data-name=\"firstname\"><input size=\"40\" maxlength=\"400\" class=\"wpcf7-form-control wpcf7-text wpcf7-validates-as-required\" aria-required=\"true\" aria-invalid=\"false\" value=\"\" type=\"text\" name=\"firstname\" \/><\/span> <\/label>\n\n<label> Street, Number (Required)\n    <span class=\"wpcf7-form-control-wrap\" data-name=\"address1\"><input size=\"40\" maxlength=\"400\" class=\"wpcf7-form-control wpcf7-text wpcf7-validates-as-required\" aria-required=\"true\" aria-invalid=\"false\" value=\"\" type=\"text\" name=\"address1\" \/><\/span> <\/label>\n\n<label> Postcode (Required)\n    <span class=\"wpcf7-form-control-wrap\" data-name=\"address2\"><input size=\"40\" maxlength=\"400\" class=\"wpcf7-form-control wpcf7-text wpcf7-validates-as-required\" aria-required=\"true\" aria-invalid=\"false\" value=\"\" type=\"text\" name=\"address2\" \/><\/span> <\/label>\n\n<label> City (Required)\n    <span class=\"wpcf7-form-control-wrap\" data-name=\"address3\"><input size=\"40\" maxlength=\"400\" class=\"wpcf7-form-control wpcf7-text wpcf7-validates-as-required\" aria-required=\"true\" aria-invalid=\"false\" value=\"\" type=\"text\" name=\"address3\" \/><\/span> <\/label>\n\n<label> Country (Required)\n    <span class=\"wpcf7-form-control-wrap\" data-name=\"address4\"><input size=\"40\" maxlength=\"400\" class=\"wpcf7-form-control wpcf7-text wpcf7-validates-as-required\" aria-required=\"true\" aria-invalid=\"false\" value=\"\" type=\"text\" name=\"address4\" \/><\/span> <\/label>\n\n<label> Mailadress (Required)\n    <span class=\"wpcf7-form-control-wrap\" data-name=\"email\"><input size=\"40\" maxlength=\"400\" class=\"wpcf7-form-control wpcf7-email wpcf7-validates-as-required wpcf7-text wpcf7-validates-as-email\" aria-required=\"true\" aria-invalid=\"false\" value=\"\" type=\"email\" name=\"email\" \/><\/span> <\/label>\n\n<label> I am giving a sponsorship as a gift. Please enter the name of the recipient here. \n    <span class=\"wpcf7-form-control-wrap\" data-name=\"pate\"><input size=\"40\" maxlength=\"400\" class=\"wpcf7-form-control wpcf7-text\" aria-invalid=\"false\" value=\"\" type=\"text\" name=\"pate\" \/><\/span> <\/label>\n<\/br>\n<h2> Direct debit mandate <\/h2>\n\n<span class=\"wpcf7-form-control-wrap\" data-name=\"einzugsermaechtigung-checkbox\"><span class=\"wpcf7-form-control wpcf7-acceptance\"><span class=\"wpcf7-list-item\"><label><input type=\"checkbox\" name=\"einzugsermaechtigung-checkbox\" value=\"1\" aria-invalid=\"false\" \/><span class=\"wpcf7-list-item-label\">I authorise Sneha's Care e.V. to debit my bank account with the amount due until further notice.<\/span><\/label><\/span><\/span><\/span>\n<label> Name Account holder (Required) \n    <span class=\"wpcf7-form-control-wrap\" data-name=\"kontoinhaber\"><input size=\"40\" maxlength=\"400\" class=\"wpcf7-form-control wpcf7-text wpcf7-validates-as-required\" aria-required=\"true\" aria-invalid=\"false\" value=\"\" type=\"text\" name=\"kontoinhaber\" \/><\/span> <\/label>\n<label> IBAN Number (Required) \n    <span class=\"wpcf7-form-control-wrap\" data-name=\"iban\"><input size=\"40\" maxlength=\"400\" class=\"wpcf7-form-control wpcf7-text wpcf7-validates-as-required\" aria-required=\"true\" aria-invalid=\"false\" value=\"\" type=\"text\" name=\"iban\" \/><\/span> <\/label>\n<label> BIC Number (Required) \n    <span class=\"wpcf7-form-control-wrap\" data-name=\"bic\"><input size=\"40\" maxlength=\"400\" class=\"wpcf7-form-control wpcf7-text wpcf7-validates-as-required\" aria-required=\"true\" aria-invalid=\"false\" value=\"\" type=\"text\" name=\"bic\" \/><\/span> <\/label>\n<label> Name of the Bank (Required)\n    <span class=\"wpcf7-form-control-wrap\" data-name=\"kreditinstitut\"><input size=\"40\" maxlength=\"400\" class=\"wpcf7-form-control wpcf7-text wpcf7-validates-as-required\" aria-required=\"true\" aria-invalid=\"false\" value=\"\" type=\"text\" name=\"kreditinstitut\" \/><\/span> <\/label>\n<\/br>\n\n<p>We use a secure SSL certificate to encrypt the information you send to us.<\/p>\n<p>By using this form, you consent to the storage and processing of your data by this website.<\/p>\n<button class=\"wpcf7-form-control wpcf7-submit qodef-button qodef-size--normal qodef-type--filled qodef-m\" type=\"submit\"><span class=\"qodef-m-text\">Send<\/span><\/button><div class=\"wpcf7-response-output\" aria-hidden=\"true\"><\/div>\n<input type=\"hidden\" name=\"trp-form-language\" value=\"en\"\/><\/form>\n<\/div>\n\n<p>&nbsp;<\/p>\n<p>Bank Account Sneha's Care Deutschland e.V.<\/p>\n<p>Germany - Bank f\u00fcr Sozialwirtschaft<\/p>\n<p>IBAN: DE96 3702 0500 0001 6055 00 | BIC: BFSWDE33XXX<\/p>","protected":false},"excerpt":{"rendered":"<p>Name: Ranger<\/p>\n<p>Gender: Male<\/p>\n<p>Born:<\/p>\n<p>Farbe: schwarz mit braun\/wei\u00df<\/p>","protected":false},"featured_media":9093,"template":"","meta":[],"product_brand":[],"product_cat":[63],"product_tag":[],"class_list":{"0":"post-9092","1":"product","2":"type-product","3":"status-publish","4":"has-post-thumbnail","6":"product_cat-paten-gefunden","8":"first","9":"instock","10":"shipping-taxable","11":"product-type-simple"},"_links":{"self":[{"href":"https:\/\/snehascare.de\/en\/wp-json\/wp\/v2\/product\/9092","targetHints":{"allow":["GET"]}}],"collection":[{"href":"https:\/\/snehascare.de\/en\/wp-json\/wp\/v2\/product"}],"about":[{"href":"https:\/\/snehascare.de\/en\/wp-json\/wp\/v2\/types\/product"}],"wp:featuredmedia":[{"embeddable":true,"href":"https:\/\/snehascare.de\/en\/wp-json\/wp\/v2\/media\/9093"}],"wp:attachment":[{"href":"https:\/\/snehascare.de\/en\/wp-json\/wp\/v2\/media?parent=9092"}],"wp:term":[{"taxonomy":"product_brand","embeddable":true,"href":"https:\/\/snehascare.de\/en\/wp-json\/wp\/v2\/product_brand?post=9092"},{"taxonomy":"product_cat","embeddable":true,"href":"https:\/\/snehascare.de\/en\/wp-json\/wp\/v2\/product_cat?post=9092"},{"taxonomy":"product_tag","embeddable":true,"href":"https:\/\/snehascare.de\/en\/wp-json\/wp\/v2\/product_tag?post=9092"}],"curies":[{"name":"wp","href":"https:\/\/api.w.org\/{rel}","templated":true}]}}