{"id":9086,"date":"2024-05-30T16:25:08","date_gmt":"2024-05-30T16:25:08","guid":{"rendered":"https:\/\/snehascare.de\/?post_type=product&#038;p=9086"},"modified":"2024-08-25T16:52:54","modified_gmt":"2024-08-25T16:52:54","slug":"mangali","status":"publish","type":"product","link":"https:\/\/snehascare.de\/en\/hund\/mangali\/","title":{"rendered":"Mangali"},"content":{"rendered":"<p>Wir sind zutiefst traurig \u00fcber den pl\u00f6tzlichen Verlust unserer Mangali. Wir sind ihrer Patin Annette zutiefst dankbar, dass sie ihre Liebe mit Mangali geteilt hat. Mangali rannte durch das Tierheim und spielte fr\u00f6hlich mit ihren Freunden, wobei sie f\u00fcr uns jeden Tag mit ihrer gute Laune ein St\u00fcck besser machte. Ihre Zuneigung und Albernheit haben uns so viel Freude bereitet und wir hoffen, dass wir ihr bis zu ihrem letzten Atemzug das Gef\u00fchl gegeben haben, gesch\u00e4tzt zu werden.\u2764\ufe0f\u200d<\/p>\n<p>&nbsp;<\/p>\n<p>We are deeply saddened by the sudden loss of our Mangali. Rescued from Mangalbazar, she was a true fighter with a vibrant personality. \ud83d\udc96 We are profoundly grateful to her sponsor, Annette, for sharing her love with Mangali.\ud83e\udebdMangali would run around the shelter and play joyfully with her fellow friends, lifting our spirits each day with her playful antics. Her boundless love and silliness brought us so much joy, and we hope we made her feel cherished until her last breath.\u2764\ufe0f\u200d\ud83e\ude79<\/p>\n<p>&nbsp;<\/p>\n<p>In Erinnerung an Mangali:<\/p>\n<p>&nbsp;<\/p>\n<p>Hallo mein Name ist Mangali<\/p>\n<p>&nbsp;<\/p>\n<p>Ich wurde am 16. Dezember 2023 in Lalitpur Opfer von einem Unfall mit Fahrerflucht, bei dem ich gel\u00e4hmt zur\u00fcckgelassen wurde. Sneha\u2019s Care wurde zu meinem Gl\u00fcck von den Zeugen alarmiert und rettete mich. Ich erhielt sofort die Notfallversorgung. Meine schweren Verletzungen f\u00fchrten zu der L\u00e4hmung. Ich erhielt im Tierheim intensive Therapien, um meine Genesung zu unterst\u00fctzen. Jeden Tag macht meine Heilung Fortschritte.<span class=\"Apple-converted-space\">\u00a0<\/span><\/p>\n<p>&nbsp;<\/p>\n<p>Bei Sneha\u2019s Care sind wir ungef\u00e4hr 170 Hunde mit verschiedenen Problemen und unsere Pflege kostet viel. Weil hier viele Hunde auf sich gestellt auf der Stra\u00dfe leben m\u00fcssen, k\u00f6nnen die Menschen sich einfach einen passenden Stra\u00dfenhund aussuchen \u2013 und das sind meist gesunde, zutrauliche, h\u00fcbsche Welpen. In ein Tierheim muss daf\u00fcr niemand fahren. Ich werde vermutlich dauerhaft im Tierheim leben m\u00fcssen.<span class=\"Apple-converted-space\">\u00a0<\/span><\/p>\n<p>&nbsp;<\/p>\n<p>Ich danke Annette von Herzen, die mich als ihren Patenhund ausgew\u00e4hlt hat &#8211; DANKE !<\/p>\n<p>\u2014\u2014\u2014\u2014<\/p>\n<p>Hello my name is Mangali<\/p>\n<p>I was a victim of a hit-and-run accident in Lalitpur on December 16, 2023, which left me paralyzed. Luckily for me, Sneha\u2019s Care was alerted by the witnesses and saved me. I received emergency care immediately. My severe injuries led to the paralysis. I received intensive therapy at the animal shelter to support my recovery. My healing is progressing every day.<\/p>\n<p>At Sneha\u2019s Care we are about 170 dogs with various problems and our care costs a lot. Because many dogs here have to live on the streets on their own, people can simply choose a suitable street dog &#8211; and these are usually healthy, trusting, pretty puppies. Nobody has to go to an animal shelter for this. I will therefore probably have to live in the shelter permanently.<\/p>\n<p>I would like to thank Annette from the bottom of my heart for choosing me as her sponsor dog &#8211; THANK YOU!<\/p>\n<p>&nbsp;<\/p>\n<p>Bank Account Sneha's Care Deutschland e.V.<\/p>\n<p>Germany - Bank f\u00fcr Sozialwirtschaft<\/p>\n<p>IBAN: DE96 3702 0500 0001 6055 00 | BIC: BFSWDE33XXX<\/p>","protected":false},"excerpt":{"rendered":"<p>Name: Mangali<\/p>\n<p>Gender: Female<\/p>\n<p>Geboren: unbekannt<\/p>\n<p>verstorben: August 2024<\/p>\n<p>Farbe: schwarz und beige<\/p>","protected":false},"featured_media":9087,"template":"","meta":[],"product_brand":[],"product_cat":[64],"product_tag":[],"class_list":{"0":"post-9086","1":"product","2":"type-product","3":"status-publish","4":"has-post-thumbnail","6":"product_cat-verstorben","8":"first","9":"instock","10":"shipping-taxable","11":"product-type-simple"},"_links":{"self":[{"href":"https:\/\/snehascare.de\/en\/wp-json\/wp\/v2\/product\/9086","targetHints":{"allow":["GET"]}}],"collection":[{"href":"https:\/\/snehascare.de\/en\/wp-json\/wp\/v2\/product"}],"about":[{"href":"https:\/\/snehascare.de\/en\/wp-json\/wp\/v2\/types\/product"}],"wp:featuredmedia":[{"embeddable":true,"href":"https:\/\/snehascare.de\/en\/wp-json\/wp\/v2\/media\/9087"}],"wp:attachment":[{"href":"https:\/\/snehascare.de\/en\/wp-json\/wp\/v2\/media?parent=9086"}],"wp:term":[{"taxonomy":"product_brand","embeddable":true,"href":"https:\/\/snehascare.de\/en\/wp-json\/wp\/v2\/product_brand?post=9086"},{"taxonomy":"product_cat","embeddable":true,"href":"https:\/\/snehascare.de\/en\/wp-json\/wp\/v2\/product_cat?post=9086"},{"taxonomy":"product_tag","embeddable":true,"href":"https:\/\/snehascare.de\/en\/wp-json\/wp\/v2\/product_tag?post=9086"}],"curies":[{"name":"wp","href":"https:\/\/api.w.org\/{rel}","templated":true}]}}