{"id":9078,"date":"2024-05-30T16:08:21","date_gmt":"2024-05-30T16:08:21","guid":{"rendered":"https:\/\/snehascare.de\/?post_type=product&#038;p=9078"},"modified":"2024-11-08T18:48:28","modified_gmt":"2024-11-08T18:48:28","slug":"rocket","status":"publish","type":"product","link":"https:\/\/snehascare.de\/en\/hund\/rocket\/","title":{"rendered":"Rocket"},"content":{"rendered":"<p>**In liebevoller Erinnerung an Rocket**<\/p>\n<p>Mit gro\u00dfem Bedauern nehmen wir Abschied von Rocket, der den Kampf gegen ein schweres Nierenversagen verloren hat. Nierenprobleme sind leider h\u00e4ufig bei Stra\u00dfenhunden in Nepal, da sie oft gezwungen sind, aus verunreinigten Pf\u00fctzen zu trinken.<\/p>\n<p>Rocket kam am 20. August 2023 in einem schlimmen Zustand zu uns. Er litt an einer schmerzhaften Hauterkrankung und war auf der Stra\u00dfe sich selbst \u00fcberlassen, ohne die n\u00f6tige Pflege und Unterst\u00fctzung. Im Tierheim erhielt er die medizinische Versorgung, die er so dringend brauchte, und konnte in einem sicheren Umfeld wieder zu Kr\u00e4ften kommen. Seine Patin Annette begleitete ihn liebevoll auf diesem Weg und schenkte ihm Hoffnung und Unterst\u00fctzung.<\/p>\n<p>Liebe Annette, wir danken dir von Herzen f\u00fcr die F\u00fcrsorge und die Liebe, die du Rocket gegeben hast.<\/p>\n<hr \/>\n<p>**In Loving Memory of Rocket**<\/p>\n<p>With great sadness, we say goodbye to Rocket, who lost his battle with severe kidney failure. Kidney issues are unfortunately common for street dogs in Nepal, as they are often forced to drink from contaminated puddles.<\/p>\n<p>Rocket came to us on August 20, 2023, in a terrible state. He was suffering from a painful skin condition and had been left to fend for himself on the streets without the care and support he needed. At the shelter, he finally received the medical treatment he so desperately required, and he was able to regain his strength in a safe environment. His sponsor, Annette, lovingly supported him on his journey, giving him hope and comfort.<\/p>\n<p>Dear Annette, we are deeply grateful for the care and love you gave to Rocket.<\/p>\n<p>&nbsp;<\/p>\n<hr \/>\n<p>&nbsp;<\/p>\n<p>&nbsp;<\/p>\n<p>Hallo mein Name ist Rocket<\/p>\n<p>&nbsp;<\/p>\n<p>am 20. August 2023 wurde ich zu Sneha&#8217;s Care gebracht. Ich sah schlimm aus, denn ich litt unter einer schweren und schw\u00e4chenden Hauterkrankung, die mir Schmerzen bereitete; meine Haut war wund und entz\u00fcndet. Ich war ein Community-Hund, und musste auf der Stra\u00dfe f\u00fcr mich selbst sorgen, w\u00e4hrend sich mein schmerzhafter Zustand nur noch verschlimmerte. Im Tierheim wurde ich sofort mit medizinischen B\u00e4dern und geeigneten Behandlungen versorgt, um mir bei der Heilung zu helfen. Heute geht es mir schon viel besser. Ich werde umsorgt und lebe hier in Sicherheit mit regelm\u00e4\u00dfigem Essen.<span class=\"Apple-converted-space\">\u00a0<\/span><\/p>\n<p>&nbsp;<\/p>\n<p>Bei Sneha\u2019s Care sind wir ungef\u00e4hr 170 Hunde mit verschiedenen Problemen und unsere Pflege kostet viel. Weil hier viele Hunde auf sich gestellt auf der Stra\u00dfe leben m\u00fcssen, k\u00f6nnen die Menschen sich einfach einen passenden Stra\u00dfenhund aussuchen \u2013 und das sind meist gesunde, zutrauliche, h\u00fcbsche Welpen. In ein Tierheim muss daf\u00fcr niemand fahren. Ich werde vermutlich dauerhaft im Tierheim leben m\u00fcssen.<span class=\"Apple-converted-space\">\u00a0<\/span><\/p>\n<p>&nbsp;<\/p>\n<p>Ich danke Annette von Herzen, die mich als ihren Patenhund ausgew\u00e4hlt hat &#8211; DANKE !<\/p>\n<p>&nbsp;<\/p>\n<p>\u2014\u2014\u2014\u2014<\/p>\n<p>Hello my name is Rocket<\/p>\n<p>on August 20, 2023 I was taken to Sneha&#8217;s Care. I looked bad because I suffered from a serious and debilitating skin condition that caused me pain; my skin was sore and inflamed. I was a community dog, left to fend for myself on the streets while my painful condition only worsened. At the shelter, I was immediately provided with medicated baths and appropriate treatments to help me heal. I&#8217;m feeling much better today. I am cared for and live here in safety with regular food.<\/p>\n<p>At Sneha\u2019s Care we are about 170 dogs with various problems and our care costs a lot. Because many dogs here have to live on the streets on their own, people can simply choose a suitable street dog &#8211; and these are usually healthy, trusting, pretty puppies. Nobody has to go to an animal shelter for this. I will therefore probably have to live in the shelter permanently.<\/p>\n<p>I would like to thank Annette from the bottom of my heart for choosing me as her sponsor dog &#8211; THANK YOU!<\/p>\n<p>&nbsp;<\/p>\n<p>&nbsp;<\/p>\n<p>Bank Account Sneha's Care Deutschland e.V.<\/p>\n<p>Germany - Bank f\u00fcr Sozialwirtschaft<\/p>\n<p>IBAN: DE96 3702 0500 0001 6055 00 | BIC: BFSWDE33XXX<\/p>","protected":false},"excerpt":{"rendered":"<p>Name: Rocket<\/p>\n<p>Gender: Male<\/p>\n<p>Geboren: ?<\/p>\n<p>Verstorben: November 2024<\/p>\n<p>Farbe: beige und schwarz<\/p>","protected":false},"featured_media":9085,"template":"","meta":[],"product_brand":[],"product_cat":[64],"product_tag":[],"class_list":{"0":"post-9078","1":"product","2":"type-product","3":"status-publish","4":"has-post-thumbnail","6":"product_cat-verstorben","8":"first","9":"instock","10":"shipping-taxable","11":"product-type-simple"},"_links":{"self":[{"href":"https:\/\/snehascare.de\/en\/wp-json\/wp\/v2\/product\/9078","targetHints":{"allow":["GET"]}}],"collection":[{"href":"https:\/\/snehascare.de\/en\/wp-json\/wp\/v2\/product"}],"about":[{"href":"https:\/\/snehascare.de\/en\/wp-json\/wp\/v2\/types\/product"}],"wp:featuredmedia":[{"embeddable":true,"href":"https:\/\/snehascare.de\/en\/wp-json\/wp\/v2\/media\/9085"}],"wp:attachment":[{"href":"https:\/\/snehascare.de\/en\/wp-json\/wp\/v2\/media?parent=9078"}],"wp:term":[{"taxonomy":"product_brand","embeddable":true,"href":"https:\/\/snehascare.de\/en\/wp-json\/wp\/v2\/product_brand?post=9078"},{"taxonomy":"product_cat","embeddable":true,"href":"https:\/\/snehascare.de\/en\/wp-json\/wp\/v2\/product_cat?post=9078"},{"taxonomy":"product_tag","embeddable":true,"href":"https:\/\/snehascare.de\/en\/wp-json\/wp\/v2\/product_tag?post=9078"}],"curies":[{"name":"wp","href":"https:\/\/api.w.org\/{rel}","templated":true}]}}