{"id":9075,"date":"2024-05-30T15:48:06","date_gmt":"2024-05-30T15:48:06","guid":{"rendered":"https:\/\/snehascare.de\/?post_type=product&#038;p=9075"},"modified":"2024-07-07T14:17:45","modified_gmt":"2024-07-07T14:17:45","slug":"winnie","status":"publish","type":"product","link":"https:\/\/snehascare.de\/en\/hund\/winnie\/","title":{"rendered":"Winnie"},"content":{"rendered":"<p>Wir haben alles in unserer Macht Stehende getan, um sie zu retten, aber leider ist Winnie trotz aller Bem\u00fchungen von uns gegangen. Wir trauern und hoffen, dass sie jetzt an einem besseren Ort ist. Die Erinnerung an Winnie wird immer in unseren Herzen weiterleben.<\/p>\n<p>Wir danken allen, die uns in dieser schweren Zeit unterst\u00fctzt haben, insbesondere Annette, die sie als Patin begleitet hat!<\/p>\n<p>Gute Reise \u00fcber die Regenbogenbr\u00fccke kleine Winnie!<\/p>\n<p>&nbsp;<\/p>\n<hr \/>\n<p>&nbsp;<\/p>\n<p>We did everything in our power to save her, but unfortunately despite our best efforts, Winnie passed away. We mourn and hope she is in a better place now. Winnie&#8217;s memory will always live on in our hearts.<\/p>\n<p>We would like to thank everyone who supported us during this difficult time, especially Annette, who accompanied her as a sponsor!<\/p>\n<p>Have a good trip over the rainbow bridge, little Winnie!<\/p>\n<p>&nbsp;<\/p>\n<hr \/>\n<p>&nbsp;<\/p>\n<p>&nbsp;<\/p>\n<p>&nbsp;<\/p>\n<p>&nbsp;<\/p>\n<p>In Gedenken an Winnie<\/p>\n<p>Am Tag des 15. Mai 2024 entdeckte ein Passant eine regungslose, kleine H\u00fcndin, die am Rand einer stark befahrenen Stra\u00dfe in Kathmandu lag. Das ungl\u00fcckliche Opfer, wir haben ihr den Namen Winnie gegeben, war von einem Fahrzeug am Kopf getroffen worden. Sie befand sich in einem kritischen, komat\u00f6sen Zustand. Der Informant kontaktierte Snehas Care und unser Team traf schnellstm\u00f6glich am Fundort ein und transportierte Winnie vorsichtig zu unserem Tierheim. Winnies Behandlung ist bis heute noch im Gange, ihr Zustand bessert sich langsam.<\/p>\n<p>&nbsp;<\/p>\n<p>Bei Sneha\u2019s Care sind ungef\u00e4hr 170 Hunde mit verschiedenen Problemen und die Pflege kostet viel. Weil hier viele Hunde auf sich gestellt auf der Stra\u00dfe leben m\u00fcssen, k\u00f6nnen die Menschen sich einfach einen passenden Stra\u00dfenhund aussuchen \u2013 und das sind meist gesunde, zutrauliche, h\u00fcbsche Welpen. In ein Tierheim muss daf\u00fcr niemand fahren. Winnie wird vermutlich dauerhaft im Tierheim leben m\u00fcssen.<span class=\"Apple-converted-space\">\u00a0<\/span><\/p>\n<p>&nbsp;<\/p>\n<p>Wir danken Annette von Herzen, die Winnie als Patin begleitet &#8211; DANKE!<span class=\"Apple-converted-space\">\u00a0<\/span><\/p>\n<p>&nbsp;<\/p>\n<p>\u2014\u2014\u2014\u2014<\/p>\n<p>On the day of May 15, 2024, a passerby discovered a motionless little dog lying on the side of a busy road in Kathmandu. The unfortunate victim, we have given her the name Winnie, had been hit in the head by a vehicle. She was in a critical, comatose condition. The informant contacted Snehas Care and our team arrived at the scene as quickly as possible and carefully transported Winnie to our animal shelter. Winnie&#8217;s treatment is still ongoing today and her condition is slowly improving.<\/p>\n<p>Sneha\u2019s Care has around 170 dogs with various problems and the care costs a lot. Because many dogs here have to live on the streets on their own, people can simply choose a suitable street dog &#8211; and these are usually healthy, trusting, pretty puppies. Nobody has to go to an animal shelter for this. Winnie will probably have to live permanently in the shelter.<span class=\"Apple-converted-space\">\u00a0<\/span><\/p>\n<p>We would like to thank Annette from the bottom of our hearts, who accompanies Winnie as a sponsor &#8211; THANK YOU!<\/p>\n<p>&nbsp;<\/p>\n<p>&nbsp;<\/p>\n<p>Bank Account Sneha's Care Deutschland e.V.<\/p>\n<p>Germany - Bank f\u00fcr Sozialwirtschaft<\/p>\n<p>IBAN: DE34 5502 0500 0001 6055 00 | BIC: BFSWDE33MNZ<\/p>\n<p>&nbsp;<\/p>\n<p>Bank Account Sneha's Care Deutschland e.V.<\/p>\n<p>Germany - Bank f\u00fcr Sozialwirtschaft<\/p>\n<p>IBAN: DE96 3702 0500 0001 6055 00 | BIC: BFSWDE33XXX<\/p>","protected":false},"excerpt":{"rendered":"<p>Name: Winnie<\/p>\n<p>Gender: Female<\/p>\n<p>Geboren: 2024<\/p>\n<p>Verstorben: 27.06.2024<\/p>\n<p>Farbe: wei\u00df mit beige\/schwarz<\/p>","protected":false},"featured_media":9076,"template":"","meta":[],"product_brand":[],"product_cat":[64],"product_tag":[],"class_list":{"0":"post-9075","1":"product","2":"type-product","3":"status-publish","4":"has-post-thumbnail","6":"product_cat-verstorben","8":"first","9":"instock","10":"shipping-taxable","11":"product-type-simple"},"_links":{"self":[{"href":"https:\/\/snehascare.de\/en\/wp-json\/wp\/v2\/product\/9075","targetHints":{"allow":["GET"]}}],"collection":[{"href":"https:\/\/snehascare.de\/en\/wp-json\/wp\/v2\/product"}],"about":[{"href":"https:\/\/snehascare.de\/en\/wp-json\/wp\/v2\/types\/product"}],"wp:featuredmedia":[{"embeddable":true,"href":"https:\/\/snehascare.de\/en\/wp-json\/wp\/v2\/media\/9076"}],"wp:attachment":[{"href":"https:\/\/snehascare.de\/en\/wp-json\/wp\/v2\/media?parent=9075"}],"wp:term":[{"taxonomy":"product_brand","embeddable":true,"href":"https:\/\/snehascare.de\/en\/wp-json\/wp\/v2\/product_brand?post=9075"},{"taxonomy":"product_cat","embeddable":true,"href":"https:\/\/snehascare.de\/en\/wp-json\/wp\/v2\/product_cat?post=9075"},{"taxonomy":"product_tag","embeddable":true,"href":"https:\/\/snehascare.de\/en\/wp-json\/wp\/v2\/product_tag?post=9075"}],"curies":[{"name":"wp","href":"https:\/\/api.w.org\/{rel}","templated":true}]}}