{"id":9068,"date":"2024-05-24T17:56:40","date_gmt":"2024-05-24T17:56:40","guid":{"rendered":"https:\/\/snehascare.de\/?post_type=product&#038;p=9068"},"modified":"2025-03-30T16:08:14","modified_gmt":"2025-03-30T16:08:14","slug":"rumiko","status":"publish","type":"product","link":"https:\/\/snehascare.de\/en\/hund\/rumiko\/","title":{"rendered":"Rumiko"},"content":{"rendered":"<p>**In Erinnerung an Rumiko**<\/p>\n<p>Rumiko hat gek\u00e4mpft \u2013 gegen die Spuren eines harten Lebens auf der Stra\u00dfe, gegen eine schwere Hauterkrankung und zuletzt gegen die Schw\u00e4che, die ihr K\u00f6rper nicht mehr \u00fcberwinden konnte. Trotz aller F\u00fcrsorge und medizinischen Hilfe mussten wir sie gehen lassen.<\/p>\n<p>Doch sie war nicht allein. Sie durfte erfahren, was es hei\u00dft, umsorgt und geliebt zu werden. Dank ihrer Patin Isabelle und aller, die sie begleitet haben, hat sie W\u00e4rme, Geborgenheit und Respekt erfahren.<\/p>\n<p>Wir werden sie nicht vergessen. Ruhe in Frieden, liebe Rumiko.<\/p>\n<p>&#8212;<\/p>\n<p>**In Memory of Rumiko**<\/p>\n<p>Rumiko fought \u2013 against the scars of a harsh life on the streets, against a severe skin disease, and in the end, against the weakness her body could no longer overcome. Despite all the care and medical support, we had to say goodbye.<\/p>\n<p>But she was not alone. She experienced what it means to be cared for and loved. Thanks to her sponsor Isabelle and everyone who stood by her side, she knew warmth, comfort, and respect.<\/p>\n<p>We will never forget her. Rest in peace, dear Rumiko.<\/p>\n<p>&nbsp;<\/p>\n<hr \/>\n<p>&nbsp;<\/p>\n<p>&nbsp;<\/p>\n<p>Hallo mein Name ist Rumiko<\/p>\n<p>&nbsp;<\/p>\n<p>Ich wurde auf den Stra\u00dfen umherirrend gefunden, mein einst lebendiges Fell stumpf und verfilzt, meine Haut von Wunden \u00fcbers\u00e4t. Viel zu lange hatte ich bereits an einer schweren und unbehandelten Hauterkrankung gelitten.<\/p>\n<p>&nbsp;<\/p>\n<p>Besorgte Menschen machten Sneha\u2019s Care auf meinen Zustand aufmerksam. Ich wurde in das Tierheim gebracht und erhielt dort die notwendige Behandlung.<\/p>\n<p>&nbsp;<\/p>\n<p>Wochen der hingebungsvollen Pflege und Liebe begannen meinen Zustand zu \u00e4ndern. Meine Haut begann zu heilen, mein Fell gewann wieder an Glanz und ich wurde mit jedem Tag st\u00e4rker.<\/p>\n<p>&nbsp;<\/p>\n<p>Bei Sneha\u2019s Care sind wir ungef\u00e4hr 170 Hunde mit verschiedenen Problemen und unsere Pflege kostet viel. Weil hier viele Hunde auf sich gestellt auf der Stra\u00dfe leben m\u00fcssen, k\u00f6nnen die Menschen sich einfach einen passenden Stra\u00dfenhund aussuchen \u2013 und das sind meist gesunde, zutrauliche, h\u00fcbsche Welpen. In ein Tierheim muss daf\u00fcr niemand fahren. Ich werde vermutlich dauerhaft im Tierheim leben m\u00fcssen.<span class=\"Apple-converted-space\">\u00a0<\/span><\/p>\n<p>&nbsp;<\/p>\n<p>Ich danke Isabelle von Herzen, die mich als ihren Patenhund ausgew\u00e4hlt hat &#8211; DANKE!<span class=\"Apple-converted-space\">\u00a0<\/span><\/p>\n<p>\u2014\u2014\u2014\u2014<\/p>\n<p>Hello my name is Rumiko<\/p>\n<p>I was found wandering the streets, my once vibrant fur dull and matted, my skin covered in wounds. I had been suffering from a serious and untreated skin disease for far too long.<\/p>\n<p>Concerned people alerted Sneha\u2019s Care to my condition. I was taken to the animal shelter and received the necessary treatment.<\/p>\n<p>Weeks of dedicated care and love slowly began to transform my condition. My skin began to heal, my fur regained its shine, and my spirit grew stronger with each passing day.<\/p>\n<p>At Sneha\u2019s Care we are about 170 dogs with various problems and our care costs a lot. Because many dogs here have to live on the streets on their own, people can simply choose a suitable street dog &#8211; and these are usually healthy, trusting, pretty puppies. Nobody has to go to an animal shelter for this. I will probably have to live in an animal shelter permanently.<span class=\"Apple-converted-space\">\u00a0<\/span><\/p>\n<p>I would like to thank Isabelle from the bottom of my heart for choosing me as her sponsor dog &#8211; THANK YOU!<\/p>\n<p>&nbsp;<\/p>\n<p>Bank Account Sneha's Care Deutschland e.V.<\/p>\n<p>Germany - Bank f\u00fcr Sozialwirtschaft<\/p>\n<p>IBAN: DE96 3702 0500 0001 6055 00 | BIC: BFSWDE33XXX<\/p>","protected":false},"excerpt":{"rendered":"<p>Name: Rumiko<\/p>\n<p>Gender: Female<\/p>\n<p>Geboren: unbekannt<\/p>\n<p>Verstorben: 27.03.2025<\/p>\n<p>Farbe: beige<\/p>","protected":false},"featured_media":9069,"template":"","meta":[],"product_brand":[],"product_cat":[64],"product_tag":[],"class_list":{"0":"post-9068","1":"product","2":"type-product","3":"status-publish","4":"has-post-thumbnail","6":"product_cat-verstorben","8":"first","9":"instock","10":"shipping-taxable","11":"product-type-simple"},"_links":{"self":[{"href":"https:\/\/snehascare.de\/en\/wp-json\/wp\/v2\/product\/9068","targetHints":{"allow":["GET"]}}],"collection":[{"href":"https:\/\/snehascare.de\/en\/wp-json\/wp\/v2\/product"}],"about":[{"href":"https:\/\/snehascare.de\/en\/wp-json\/wp\/v2\/types\/product"}],"wp:featuredmedia":[{"embeddable":true,"href":"https:\/\/snehascare.de\/en\/wp-json\/wp\/v2\/media\/9069"}],"wp:attachment":[{"href":"https:\/\/snehascare.de\/en\/wp-json\/wp\/v2\/media?parent=9068"}],"wp:term":[{"taxonomy":"product_brand","embeddable":true,"href":"https:\/\/snehascare.de\/en\/wp-json\/wp\/v2\/product_brand?post=9068"},{"taxonomy":"product_cat","embeddable":true,"href":"https:\/\/snehascare.de\/en\/wp-json\/wp\/v2\/product_cat?post=9068"},{"taxonomy":"product_tag","embeddable":true,"href":"https:\/\/snehascare.de\/en\/wp-json\/wp\/v2\/product_tag?post=9068"}],"curies":[{"name":"wp","href":"https:\/\/api.w.org\/{rel}","templated":true}]}}