{"id":9026,"date":"2024-01-27T20:12:23","date_gmt":"2024-01-27T20:12:23","guid":{"rendered":"https:\/\/snehascare.de\/?post_type=product&#038;p=9026"},"modified":"2024-03-22T11:34:24","modified_gmt":"2024-03-22T11:34:24","slug":"kali","status":"publish","type":"product","link":"https:\/\/snehascare.de\/en\/hund\/kali\/","title":{"rendered":"Kali"},"content":{"rendered":"<p>Hallo mein Name ist Kali<\/p>\n<p>ich wurde nach einem Unfall mit Fahrerflucht in Nakhipot Lalitpur schwer verletzt. Ich hatte gro\u00dfe Schmerzen und Hunger, konnte nicht nicht bewegen aufgrund von Beinbr\u00fcchen. Aber erst nach drei<span class=\"Apple-converted-space\">\u00a0 <\/span>oder vier Tagen fand mich jemand und informierte Snehas Care, die mich zu meinem Gl\u00fcck retteten. Hier im Tierheim konnte ich mich in Sicherheit von meinen Verletzungen erholen.<span class=\"Apple-converted-space\">\u00a0<\/span><\/p>\n<p>&nbsp;<\/p>\n<p>Mein Herz gewinnt ihr im Nu mit einem leckeren K\u00fcrbis und Reis Gericht. Neben Leckereien liebe ich es herumzulaufen, daher mag ich es nicht, eingesperrt zu sein. Ich bin verspielt, mag Hunde und Kinder, bin voller Energie und liebe es, mit meinem besten Freund Gopal zu spielen.<span class=\"Apple-converted-space\">\u00a0<\/span><\/p>\n<p>&nbsp;<\/p>\n<p>Aufgrund meiner fr\u00fcheren Verletzungen f\u00e4llt es mir allerdings schwer, lange Spazierg\u00e4nge zu machen.<span class=\"Apple-converted-space\">\u00a0<\/span><\/p>\n<p>&nbsp;<\/p>\n<p>Ich bin dankbar, dass Nicole und J\u00fcrgen mich als ihren Patenhund ausgew\u00e4hlt haben. Von Herzen DANKE!<\/p>\n<p>\u2014\u2014\u2014\u2014\u2014\u2014\u2014\u2014\u2014<\/p>\n<p>Hello my name is Kali<\/p>\n<p>I was seriously injured after a hit-and-run accident in Nakhipot Lalitpur. I was in a lot of pain and hunger and couldn&#8217;t move due to broken legs. But only after three or four days someone found me and informed Snehas Care who luckily saved me. Here at the animal shelter I was able to safely recover from my injuries.<\/p>\n<p>You&#8217;ll win my heart in no time with a delicious pumpkin and rice dish. Besides treats, I love running around, so I don&#8217;t like being cooped up. I am playful, like dogs and children, full of energy and love playing with my best friend Gopal.<\/p>\n<p>However, due to my previous injuries, I find it difficult to take long walks.<\/p>\n<p>I am grateful that Nicole and J\u00fcrgen chose me as their sponsor dog. THANK YOU from the bottom of my heart!<\/p>\n<p>&nbsp;<\/p>\n<p>Bank Account Sneha's Care Deutschland e.V.<\/p>\n<p>Germany - Bank f\u00fcr Sozialwirtschaft<\/p>\n<p>IBAN: DE34 5502 0500 0001 6055 00 | BIC: BFSWDE33MNZ<\/p>","protected":false},"excerpt":{"rendered":"<p>Name: Kali<\/p>\n<p>Gender: Female<\/p>\n<p>Born: 2020<\/p>\n<p>Colour: Black and white<\/p>","protected":false},"featured_media":9029,"template":"","meta":[],"product_brand":[],"product_cat":[63],"product_tag":[],"class_list":{"0":"post-9026","1":"product","2":"type-product","3":"status-publish","4":"has-post-thumbnail","6":"product_cat-paten-gefunden","8":"first","9":"instock","10":"shipping-taxable","11":"product-type-simple"},"_links":{"self":[{"href":"https:\/\/snehascare.de\/en\/wp-json\/wp\/v2\/product\/9026","targetHints":{"allow":["GET"]}}],"collection":[{"href":"https:\/\/snehascare.de\/en\/wp-json\/wp\/v2\/product"}],"about":[{"href":"https:\/\/snehascare.de\/en\/wp-json\/wp\/v2\/types\/product"}],"wp:featuredmedia":[{"embeddable":true,"href":"https:\/\/snehascare.de\/en\/wp-json\/wp\/v2\/media\/9029"}],"wp:attachment":[{"href":"https:\/\/snehascare.de\/en\/wp-json\/wp\/v2\/media?parent=9026"}],"wp:term":[{"taxonomy":"product_brand","embeddable":true,"href":"https:\/\/snehascare.de\/en\/wp-json\/wp\/v2\/product_brand?post=9026"},{"taxonomy":"product_cat","embeddable":true,"href":"https:\/\/snehascare.de\/en\/wp-json\/wp\/v2\/product_cat?post=9026"},{"taxonomy":"product_tag","embeddable":true,"href":"https:\/\/snehascare.de\/en\/wp-json\/wp\/v2\/product_tag?post=9026"}],"curies":[{"name":"wp","href":"https:\/\/api.w.org\/{rel}","templated":true}]}}