{"id":9000,"date":"2023-12-23T17:12:08","date_gmt":"2023-12-23T17:12:08","guid":{"rendered":"https:\/\/snehascare.de\/?post_type=product&#038;p=9000"},"modified":"2024-12-07T17:50:56","modified_gmt":"2024-12-07T17:50:56","slug":"saney","status":"publish","type":"product","link":"https:\/\/snehascare.de\/en\/hund\/saney\/","title":{"rendered":"Saney"},"content":{"rendered":"<p>&nbsp;<\/p>\n<p>Hallo mein Name ist Saney<\/p>\n<p>Bei einem Verkehrsunfall in Kathmandu mit Fahrerflucht am Magargau Chowk, wurde ich schwer verletzt. Passanten griffen ein und brachten mich zu Sneha\u2019s Care. Dort wurden meine Verletzungen sorgf\u00e4ltig behandelt. Ich erhole mich langsam von den seelischen und k\u00f6rperlichen Verletzungen dank der F\u00fcrsorge des Teams bei Sneha\u2019s Care. Ich hoffe, dass ich bald schmerzfrei sein werde, damit ich wieder spielen und toben kann.<span class=\"Apple-converted-space\">\u00a0<\/span><\/p>\n<p>Bei Sneha\u2019s Care sind wir ungef\u00e4hr 170 Hunde mit verschiedenen Problemen und unsere Pflege kostet viel. Weil hier viele Hunde auf sich gestellt auf der Stra\u00dfe leben m\u00fcssen, k\u00f6nnen die Menschen sich einfach einen passenden Stra\u00dfenhund aussuchen \u2013 und das sind meist gesunde, zutrauliche, h\u00fcbsche Welpen. In ein Tierheim muss daf\u00fcr niemand fahren. Ich werde vermutlich dauerhaft im Tierheim leben m\u00fcssen.<span class=\"Apple-converted-space\">\u00a0<\/span><\/p>\n<p>Ich danke Beatrice und ihrem Mann von Herzen, die mich als ihren Patenhund ausgew\u00e4hlt haben \u2764\ufe0f<\/p>\n<p>\u2014\u2014\u2014\u2014<\/p>\n<p>Hello my name is Saney<\/p>\n<p>I was seriously injured in a hit-and-run traffic accident in Kathmandu at Magargau Chowk. Passers-by intervened and took me to Sneha\u2019s Care. There my injuries were treated carefully. I am slowly recovering from the mental and physical injuries thanks to the care of the team at Sneha&#8217;s Care. I hope that I will soon be painfree so that I can play and have fun again.<\/p>\n<p>At Sneha\u2019s Care we are about 170 dogs with various problems and our care costs a lot. Because many dogs here have to live on the streets on their own, people can simply choose a suitable street dog &#8211; and these are usually healthy, trusting, pretty puppies. Nobody has to go to an animal shelter for this. I will therefore probably have to live in the shelter permanently.<\/p>\n<p>I would like to thank Beatrice and her husband for choosing me as their sponsor dog \u2764\ufe0f<\/p>\n<p>&nbsp;<\/p>\n<p>Bank Account Sneha's Care Deutschland e.V.<\/p>\n<p>Germany - Bank f\u00fcr Sozialwirtschaft<\/p>\n<p>IBAN: DE96 3702 0500 0001 6055 00 | BIC: BFSWDE33XXX<\/p>","protected":false},"excerpt":{"rendered":"<p>Gender: Male<\/p>\n<p>Geboren: Sommer 2023<\/p>\n<p>Farbe: beige<\/p>","protected":false},"featured_media":9003,"template":"","meta":[],"product_brand":[],"product_cat":[62],"product_tag":[],"class_list":{"0":"post-9000","1":"product","2":"type-product","3":"status-publish","4":"has-post-thumbnail","6":"product_cat-unkategorisiert","8":"first","9":"instock","10":"shipping-taxable","11":"product-type-simple"},"_links":{"self":[{"href":"https:\/\/snehascare.de\/en\/wp-json\/wp\/v2\/product\/9000","targetHints":{"allow":["GET"]}}],"collection":[{"href":"https:\/\/snehascare.de\/en\/wp-json\/wp\/v2\/product"}],"about":[{"href":"https:\/\/snehascare.de\/en\/wp-json\/wp\/v2\/types\/product"}],"wp:featuredmedia":[{"embeddable":true,"href":"https:\/\/snehascare.de\/en\/wp-json\/wp\/v2\/media\/9003"}],"wp:attachment":[{"href":"https:\/\/snehascare.de\/en\/wp-json\/wp\/v2\/media?parent=9000"}],"wp:term":[{"taxonomy":"product_brand","embeddable":true,"href":"https:\/\/snehascare.de\/en\/wp-json\/wp\/v2\/product_brand?post=9000"},{"taxonomy":"product_cat","embeddable":true,"href":"https:\/\/snehascare.de\/en\/wp-json\/wp\/v2\/product_cat?post=9000"},{"taxonomy":"product_tag","embeddable":true,"href":"https:\/\/snehascare.de\/en\/wp-json\/wp\/v2\/product_tag?post=9000"}],"curies":[{"name":"wp","href":"https:\/\/api.w.org\/{rel}","templated":true}]}}