{"id":8992,"date":"2023-11-24T19:09:08","date_gmt":"2023-11-24T19:09:08","guid":{"rendered":"https:\/\/snehascare.de\/?post_type=product&#038;p=8992"},"modified":"2023-11-25T18:53:51","modified_gmt":"2023-11-25T18:53:51","slug":"blue","status":"publish","type":"product","link":"https:\/\/snehascare.de\/en\/hund\/blue\/","title":{"rendered":"Blue"},"content":{"rendered":"<p>Hallo,<\/p>\n<p>&nbsp;<\/p>\n<p>Ich bin Blue und stamme aus der Region Thamel, wo ich als sogenannter Gemeinschaftshund auf der Stra\u00dfe lebte. Meine Mutter starb durch einen Unfall. Mit meinen drei Geschwistern lag ich trauernd und hilflos neben ihr, viel zu klein, um alleine zu \u00fcberleben. Ein liebevoller Hund nahm sich unser an, man taufte ihn deswegen im Tierheim DAD. Dad k\u00fcmmerte sich um uns, suchte f\u00fcr uns nach Futter und gab sein Bestes, uns zu versorgen. Ohne ihn w\u00e4ren wir verhungert.<span class=\"Apple-converted-space\">\u00a0<\/span><\/p>\n<p>Nette Menschen aus meiner Gemeinde kontaktierten Sneha\u2019s Care. Sie kamen, um uns zu retten, und nahmen uns alle mit. Seit Anfang 2022 sind wir im Tierheim und zwei meiner Geschwister wurden sogar adoptiert. Fire und ich, sind noch im Tierheim. Unser Dad ist leider im Juli 2023 verstorben.<span class=\"Apple-converted-space\">\u00a0<\/span><\/p>\n<p>Ich bin ein sehr freundlicher Hund und freue mich \u00fcber Besucher des Tierheims und \u00fcber jedes Leckerie sehr.<span class=\"Apple-converted-space\">\u00a0<\/span><\/p>\n<p>&nbsp;<\/p>\n<p>Meine Impfungen und Entwurmungen wurden k\u00fcrzlich aktualisiert.<span class=\"Apple-converted-space\">\u00a0<\/span><\/p>\n<p>Bei Sneha\u2019s Care sind wir ungef\u00e4hr 170 Hunde mit verschiedenen Problemen und unsere Pflege kostet viel. Weil hier viele Hunde auf sich gestellt auf der Stra\u00dfe leben m\u00fcssen, k\u00f6nnen die Menschen sich einfach einen passenden Stra\u00dfenhund aussuchen \u2013 und das sind meist gesunde, zutrauliche, h\u00fcbsche Welpen. In ein Tierheim muss daf\u00fcr niemand fahren. Ich werde daher vermutlich dauerhaft im Tierheim leben m\u00fcssen.<span class=\"Apple-converted-space\">\u00a0<\/span><\/p>\n<p>Mit Michael habe ich einen tollen Paten gefunden und sage DANKE!<\/p>\n<p>\u2014\u2014\u2014\u2014<\/p>\n<p>Hello,<\/p>\n<p>I&#8217;m Blue and I come from the Thamel region, where I lived on the streets as a so-called community dog. My mother died in an accident. I lay next to her with my three siblings, grieving and helpless, far too small to survive on my own. A loving dog took care of us and was named DAD at the animal shelter. Dad looked after us and did his best to provide for us. Without him we would have starved.<\/p>\n<p>Nice people from my community contacted Sneha\u2019s Care. They came to save us and took all of us with them. We have been at the animal shelter since the beginning of 2022 and two of my siblings were even adopted. Fire and I are still at the animal shelter. Unfortunately, our dad passed away in July 2023.<\/p>\n<p>I am a very friendly dog \u200b\u200band am very happy about visitors to the animal shelter and every treat.<\/p>\n<p>My vaccinations and dewormings were recently updated.<\/p>\n<p>At Sneha\u2019s Care we are about 170 dogs with various problems and our care costs a lot. Because many dogs here have to live on the streets on their own, people can simply choose a suitable street dog &#8211; and these are usually healthy, trusting, pretty puppies. Nobody has to go to an animal shelter for this. I will therefore probably have to live in the shelter permanently.<\/p>\n<p>I have found a great sponsor in Michael and I say THANK YOU!<\/p>","protected":false},"excerpt":{"rendered":"<p>Gender: Male<\/p>\n<p>Geboren: Anfang 2022<\/p>\n<p>Farbe: schwarz mit wei\u00df an der Brust<\/p>\n<p>&nbsp;<\/p>\n<hr \/>\n<p>Gender Male<\/p>\n<p>Born: early 2022<\/p>\n<p>Color: black with white chest<\/p>\n<p>&nbsp;<\/p>\n<p>&nbsp;<\/p>","protected":false},"featured_media":8993,"template":"","meta":[],"product_brand":[],"product_cat":[63],"product_tag":[],"class_list":{"0":"post-8992","1":"product","2":"type-product","3":"status-publish","4":"has-post-thumbnail","6":"product_cat-paten-gefunden","8":"first","9":"instock","10":"shipping-taxable","11":"product-type-simple"},"_links":{"self":[{"href":"https:\/\/snehascare.de\/en\/wp-json\/wp\/v2\/product\/8992","targetHints":{"allow":["GET"]}}],"collection":[{"href":"https:\/\/snehascare.de\/en\/wp-json\/wp\/v2\/product"}],"about":[{"href":"https:\/\/snehascare.de\/en\/wp-json\/wp\/v2\/types\/product"}],"wp:featuredmedia":[{"embeddable":true,"href":"https:\/\/snehascare.de\/en\/wp-json\/wp\/v2\/media\/8993"}],"wp:attachment":[{"href":"https:\/\/snehascare.de\/en\/wp-json\/wp\/v2\/media?parent=8992"}],"wp:term":[{"taxonomy":"product_brand","embeddable":true,"href":"https:\/\/snehascare.de\/en\/wp-json\/wp\/v2\/product_brand?post=8992"},{"taxonomy":"product_cat","embeddable":true,"href":"https:\/\/snehascare.de\/en\/wp-json\/wp\/v2\/product_cat?post=8992"},{"taxonomy":"product_tag","embeddable":true,"href":"https:\/\/snehascare.de\/en\/wp-json\/wp\/v2\/product_tag?post=8992"}],"curies":[{"name":"wp","href":"https:\/\/api.w.org\/{rel}","templated":true}]}}