{"id":8834,"date":"2022-12-26T17:05:47","date_gmt":"2022-12-26T17:05:47","guid":{"rendered":"https:\/\/snehascare.de\/?post_type=product&#038;p=8834"},"modified":"2023-05-24T19:03:18","modified_gmt":"2023-05-24T19:03:18","slug":"leo","status":"publish","type":"product","link":"https:\/\/snehascare.de\/en\/hund\/leo\/","title":{"rendered":"Leo"},"content":{"rendered":"<p>Hallo mein Name ist Leo<\/p>\n<p>&nbsp;<\/p>\n<p>Ich wurde angefahren und schwer dabei verletzt. Ich blutete stark, hatte Wunden am ganzen K\u00f6rper aber die Menschen jagten mich davon, weil sie f\u00fcrchteten ich w\u00fcrde alles mit Blut beschmutzen. Und das, wo ich solche gro\u00dfe Schmerzen hatte! Zu meinem Gl\u00fcck verhielten sich nicht alle so unmenschlich und jemand informierte das Tierheim.<span class=\"Apple-converted-space\">\u00a0<\/span><\/p>\n<p>&nbsp;<\/p>\n<p>Ich bin ein sehr freundlicher Hund und trotz meiner schlimmer Erfahrung sehne ich mich nach der N\u00e4he von Menschen. Ich schmuse und spiele gerne.<span class=\"Apple-converted-space\">\u00a0<\/span><\/p>\n<p>&nbsp;<\/p>\n<p>Mein gebrochener Hinterlauf und meine vordere Pfote werden noch eine zeitlang brauchen, bis sie vollst\u00e4ndig verheilt sind. Aber ich bin auch so ein h\u00fcbscher Kerl findet ihr nicht?!<span class=\"Apple-converted-space\">\u00a0<\/span><\/p>\n<p>&nbsp;<\/p>\n<p>Bei Sneha\u2019s Care sind wir ungef\u00e4hr 170 Hunde mit verschiedenen Problemen und unsere Pflege kostet viel. Weil hier viele Hunde auf sich gestellt auf der Stra\u00dfe leben m\u00fcssen, k\u00f6nnen die Menschen sich einfach einen passenden Stra\u00dfenhund aussuchen \u2013 und das sind meist gesunde, zutrauliche, h\u00fcbsche Welpen. In ein Tierheim muss daf\u00fcr niemand fahren. Ich werde daher dauerhaft im Tierheim leben m\u00fcssen.<span class=\"Apple-converted-space\">\u00a0<\/span><\/p>\n<p>&nbsp;<\/p>\n<p>Mit Birgit habe ich eine ganz tolle Patin gefunden, die bereits einen ehemaligen Stra\u00dfenhund bei sich aufgenommen hat. Danke, dass du auch mir dein Herz geschenkt hast !<\/p>\n<p>\u2014\u2014\u2014\u2014\u2014\u2014\u2014\u2014\u2014<\/p>\n<p>Hello my name is Leo<\/p>\n<p>I was hit by a car and badly injured. I was bleeding profusely, had wounds all over my body, but people chased me away, afraid I would stain everything with my blood. Can you imagine even though I was in such pain! Luckily for me not everyone behaved so inhumane and someone informed the shelter.<\/p>\n<p>I&#8217;m a very friendly dog \u200b\u200band despite my bad experience, I crave being around people. I like to cuddle and play.<\/p>\n<p>My broken hind leg and front paw will take a while to heal. But I&#8217;m still such a handsome dog, don&#8217;t you think?!<\/p>\n<p>At Sneha&#8217;s Care we are around 170 dogs with different problems and our care costs a lot. Because many dogs have to live on the streets here on their own, people can simply choose a suitable street dog &#8211; and these are usually healthy, pretty puppies. Nobody has to go to an animal shelter for this. I will therefore have to live permanently in the shelter.<\/p>\n<p>With Birgit I have found a really lovely sponsor who has already adopted a former street dog. Thank you for giving me your heart too!<\/p>\n<p>Bank Account Sneha's Care Deutschland e.V.<\/p>\n<p>Germany - Bank f\u00fcr Sozialwirtschaft<\/p>\n<p>IBAN: DE34 5502 0500 0001 6055 00 | BIC: BFSWDE33MNZ<\/p>","protected":false},"excerpt":{"rendered":"<p>Name: Leo<\/p>\n<p>Gender: Male<\/p>\n<p>Geboren: ca. 2021<\/p>\n<p>Farbe: wei\u00df \/ brauner Kopf<\/p>","protected":false},"featured_media":8837,"template":"","meta":[],"product_brand":[],"product_cat":[63],"product_tag":[],"class_list":{"0":"post-8834","1":"product","2":"type-product","3":"status-publish","4":"has-post-thumbnail","6":"product_cat-paten-gefunden","8":"first","9":"instock","10":"shipping-taxable","11":"product-type-simple"},"_links":{"self":[{"href":"https:\/\/snehascare.de\/en\/wp-json\/wp\/v2\/product\/8834","targetHints":{"allow":["GET"]}}],"collection":[{"href":"https:\/\/snehascare.de\/en\/wp-json\/wp\/v2\/product"}],"about":[{"href":"https:\/\/snehascare.de\/en\/wp-json\/wp\/v2\/types\/product"}],"wp:featuredmedia":[{"embeddable":true,"href":"https:\/\/snehascare.de\/en\/wp-json\/wp\/v2\/media\/8837"}],"wp:attachment":[{"href":"https:\/\/snehascare.de\/en\/wp-json\/wp\/v2\/media?parent=8834"}],"wp:term":[{"taxonomy":"product_brand","embeddable":true,"href":"https:\/\/snehascare.de\/en\/wp-json\/wp\/v2\/product_brand?post=8834"},{"taxonomy":"product_cat","embeddable":true,"href":"https:\/\/snehascare.de\/en\/wp-json\/wp\/v2\/product_cat?post=8834"},{"taxonomy":"product_tag","embeddable":true,"href":"https:\/\/snehascare.de\/en\/wp-json\/wp\/v2\/product_tag?post=8834"}],"curies":[{"name":"wp","href":"https:\/\/api.w.org\/{rel}","templated":true}]}}