{"id":8825,"date":"2022-12-26T16:27:52","date_gmt":"2022-12-26T16:27:52","guid":{"rendered":"https:\/\/snehascare.de\/?post_type=product&#038;p=8825"},"modified":"2023-08-13T12:39:57","modified_gmt":"2023-08-13T12:39:57","slug":"khairi","status":"publish","type":"product","link":"https:\/\/snehascare.de\/en\/hund\/khairi\/","title":{"rendered":"Khairi"},"content":{"rendered":"<p>Nicht mehr im Shelter<\/p>\n<p>&nbsp;<\/p>\n<p>Hallo mein Name ist Khairi<\/p>\n<p>&nbsp;<\/p>\n<p>Ich wurde am 21. Oktober 2022 nach einem Verkehrsunfall bewusstlos in das Tierheim gebracht, wo ich 3 Tage am Tropf liegen musste, da ich mich weder bewegen noch essen konnte.<span class=\"Apple-converted-space\">\u00a0<\/span><\/p>\n<p>&nbsp;<\/p>\n<p>Das Team gab mich nicht auf und hier bin ich nun. Die anderen beschreiben mich als fr\u00f6hlichen Hund trotz meins Unfalls und das bin ich. Ich bin noch nicht vollst\u00e4ndig genesen, aber ich glaube an mich und dass ich es bald sein werde. Erst sah es so aus, als w\u00fcrde ich gel\u00e4hmt bleiben. Aber durch Medikamente und kontinuierliche Physiotherapie bessert sich mein Zustand Tag f\u00fcr Tag. Ich bin hoffnungsvoll, dass ich in ein paar Monaten wieder normal laufen kann. M\u00f6chtest du mich dabei unterst\u00fctzen?<span class=\"Apple-converted-space\">\u00a0<\/span><\/p>\n<p>&nbsp;<\/p>\n<p>Bei Sneha\u2019s Care sind wir ungef\u00e4hr 170 Hunde mit verschiedenen Problemen und unsere Pflege kostet viel. Weil hier viele Hunde auf sich gestellt auf der Stra\u00dfe leben m\u00fcssen, k\u00f6nnen die Menschen sich einfach einen passenden Stra\u00dfenhund aussuchen \u2013 und das sind meist gesunde, zutrauliche, h\u00fcbsche Welpen. In ein Tierheim muss daf\u00fcr niemand fahren. Ich werde daher dauerhaft im Tierheim leben m\u00fcssen.<span class=\"Apple-converted-space\">\u00a0<\/span><\/p>\n<p>&nbsp;<\/p>\n<p>Aber vielleicht m\u00f6chtest du meine Patin\/mein Pate werden?<\/p>\n<p>&nbsp;<\/p>\n<p>Du erh\u00e4ltst eine Patenschaftsurkunde sowie regelm\u00e4\u00dfig ein Update \u00fcber meine Entwicklung, au\u00dferdem eine steuerlich wirksame Spendenbescheinigung. Die Patenschaft kann nat\u00fcrlich jederzeit beendet werden. Bei R\u00fcckfragen das Team gerne kontaktieren.<\/p>\n<p>\u2014\u2014\u2014\u2014\u2014\u2014\u2014\u2014\u2014<\/p>\n<p>Hello my name is Khairi<\/p>\n<p>I was brought unconscious to the shelter on October 21, 2022 after a traffic accident, where I had to be on saline for 3 days because I could not move or eat.<\/p>\n<p>The team didn&#8217;t give up on me and here I am. The others describe me as a happy dog \u200b\u200bdespite my accident and that&#8217;s me. I&#8217;m not fully recovered yet, but I believe in myself and that I will be soon. At first it looked as if I would remain paralyzed. But with medication and continuous physical therapy, my condition is improving day by day. I am hopeful that I will be able to walk normally again in a few months. Do you want to support me?<\/p>\n<p>At Sneha&#8217;s Care we are around 170 dogs with different problems and our care costs a lot. Because many dogs have to live on the streets here on their own, people can simply choose a suitable street dog &#8211; and these are usually healthy, pretty puppies. Nobody has to go to an animal shelter for this. I will therefore have to live permanently in the shelter.<\/p>\n<p><span class=\"Apple-converted-space\">\u00a0M<\/span>aybe you would like to be my sponsor?<\/p>\n<p>You will receive a sponsorship certificate and regular updates about my development, as well as a tax-effective donation receipt. The sponsorship can of course be terminated at any time. If you have any questions, please contact the team.<\/p>\n<p>&nbsp;<\/p>\n\n<div class=\"wpcf7 no-js\" id=\"wpcf7-f8093-o1\" lang=\"de-DE\" dir=\"ltr\" data-wpcf7-id=\"8093\">\n<div class=\"screen-reader-response\"><p role=\"status\" aria-live=\"polite\" aria-atomic=\"true\"><\/p> <ul><\/ul><\/div>\n<form action=\"\/en\/wp-json\/wp\/v2\/product\/8825#wpcf7-f8093-o1\" method=\"post\" class=\"wpcf7-form init\" aria-label=\"Kontaktformular\" novalidate=\"novalidate\" data-status=\"init\" data-trp-original-action=\"\/en\/wp-json\/wp\/v2\/product\/8825#wpcf7-f8093-o1\">\n<fieldset class=\"hidden-fields-container\"><input type=\"hidden\" name=\"_wpcf7\" value=\"8093\" \/><input type=\"hidden\" name=\"_wpcf7_version\" value=\"6.1\" \/><input type=\"hidden\" name=\"_wpcf7_locale\" value=\"de_DE\" \/><input type=\"hidden\" name=\"_wpcf7_unit_tag\" value=\"wpcf7-f8093-o1\" \/><input type=\"hidden\" name=\"_wpcf7_container_post\" value=\"0\" \/><input type=\"hidden\" name=\"_wpcf7_posted_data_hash\" value=\"\" \/>\n<\/fieldset>\n<h2>Yes, I want do be a sponsor!<\/h2>\n\n<span class=\"wpcf7-form-control-wrap\" data-name=\"radio-185\"><span class=\"wpcf7-form-control wpcf7-radio\"><span class=\"wpcf7-list-item first\"><input type=\"radio\" name=\"radio-185\" value=\"Dazu zahle ich 20 Euro im Monat f\u00fcr\" checked=\"checked\" \/><span class=\"wpcf7-list-item-label\">I pay 20 Euros per Month for:<\/span><\/span><span class=\"wpcf7-list-item last\"><input type=\"radio\" name=\"radio-185\" value=\"Ich werde Jahrespate und zahle 150 Euro einmalig f\u00fcr\" \/><span class=\"wpcf7-list-item-label\">I will become an annual sponsor and pay 150 Euros one-time for:<\/span><\/span><\/span><\/span>\n<\/br>\n\n<label>Name of the Animal (Required)\n    <span class=\"wpcf7-form-control-wrap\" data-name=\"tiername\"><input size=\"40\" maxlength=\"400\" class=\"wpcf7-form-control wpcf7-text\" aria-invalid=\"false\" value=\"\" type=\"text\" name=\"tiername\" \/><\/span> <\/label>\n\n<label>Surename (Required)\n    <span class=\"wpcf7-form-control-wrap\" data-name=\"lastname\"><input size=\"40\" maxlength=\"400\" class=\"wpcf7-form-control wpcf7-text wpcf7-validates-as-required\" aria-required=\"true\" aria-invalid=\"false\" value=\"\" type=\"text\" name=\"lastname\" \/><\/span> <\/label>\n\n<label>First Name (Required)\n    <span class=\"wpcf7-form-control-wrap\" data-name=\"firstname\"><input size=\"40\" maxlength=\"400\" class=\"wpcf7-form-control wpcf7-text wpcf7-validates-as-required\" aria-required=\"true\" aria-invalid=\"false\" value=\"\" type=\"text\" name=\"firstname\" \/><\/span> <\/label>\n\n<label> Street, Number (Required)\n    <span class=\"wpcf7-form-control-wrap\" data-name=\"address1\"><input size=\"40\" maxlength=\"400\" class=\"wpcf7-form-control wpcf7-text wpcf7-validates-as-required\" aria-required=\"true\" aria-invalid=\"false\" value=\"\" type=\"text\" name=\"address1\" \/><\/span> <\/label>\n\n<label> Postcode (Required)\n    <span class=\"wpcf7-form-control-wrap\" data-name=\"address2\"><input size=\"40\" maxlength=\"400\" class=\"wpcf7-form-control wpcf7-text wpcf7-validates-as-required\" aria-required=\"true\" aria-invalid=\"false\" value=\"\" type=\"text\" name=\"address2\" \/><\/span> <\/label>\n\n<label> City (Required)\n    <span class=\"wpcf7-form-control-wrap\" data-name=\"address3\"><input size=\"40\" maxlength=\"400\" class=\"wpcf7-form-control wpcf7-text wpcf7-validates-as-required\" aria-required=\"true\" aria-invalid=\"false\" value=\"\" type=\"text\" name=\"address3\" \/><\/span> <\/label>\n\n<label> Country (Required)\n    <span class=\"wpcf7-form-control-wrap\" data-name=\"address4\"><input size=\"40\" maxlength=\"400\" class=\"wpcf7-form-control wpcf7-text wpcf7-validates-as-required\" aria-required=\"true\" aria-invalid=\"false\" value=\"\" type=\"text\" name=\"address4\" \/><\/span> <\/label>\n\n<label> Mailadress (Required)\n    <span class=\"wpcf7-form-control-wrap\" data-name=\"email\"><input size=\"40\" maxlength=\"400\" class=\"wpcf7-form-control wpcf7-email wpcf7-validates-as-required wpcf7-text wpcf7-validates-as-email\" aria-required=\"true\" aria-invalid=\"false\" value=\"\" type=\"email\" name=\"email\" \/><\/span> <\/label>\n\n<label> I am giving a sponsorship as a gift. Please enter the name of the recipient here. \n    <span class=\"wpcf7-form-control-wrap\" data-name=\"pate\"><input size=\"40\" maxlength=\"400\" class=\"wpcf7-form-control wpcf7-text\" aria-invalid=\"false\" value=\"\" type=\"text\" name=\"pate\" \/><\/span> <\/label>\n<\/br>\n<h2> Direct debit mandate <\/h2>\n\n<span class=\"wpcf7-form-control-wrap\" data-name=\"einzugsermaechtigung-checkbox\"><span class=\"wpcf7-form-control wpcf7-acceptance\"><span class=\"wpcf7-list-item\"><label><input type=\"checkbox\" name=\"einzugsermaechtigung-checkbox\" value=\"1\" aria-invalid=\"false\" \/><span class=\"wpcf7-list-item-label\">I authorise Sneha's Care e.V. to debit my bank account with the amount due until further notice.<\/span><\/label><\/span><\/span><\/span>\n<label> Name Account holder (Required) \n    <span class=\"wpcf7-form-control-wrap\" data-name=\"kontoinhaber\"><input size=\"40\" maxlength=\"400\" class=\"wpcf7-form-control wpcf7-text wpcf7-validates-as-required\" aria-required=\"true\" aria-invalid=\"false\" value=\"\" type=\"text\" name=\"kontoinhaber\" \/><\/span> <\/label>\n<label> IBAN Number (Required) \n    <span class=\"wpcf7-form-control-wrap\" data-name=\"iban\"><input size=\"40\" maxlength=\"400\" class=\"wpcf7-form-control wpcf7-text wpcf7-validates-as-required\" aria-required=\"true\" aria-invalid=\"false\" value=\"\" type=\"text\" name=\"iban\" \/><\/span> <\/label>\n<label> BIC Number (Required) \n    <span class=\"wpcf7-form-control-wrap\" data-name=\"bic\"><input size=\"40\" maxlength=\"400\" class=\"wpcf7-form-control wpcf7-text wpcf7-validates-as-required\" aria-required=\"true\" aria-invalid=\"false\" value=\"\" type=\"text\" name=\"bic\" \/><\/span> <\/label>\n<label> Name of the Bank (Required)\n    <span class=\"wpcf7-form-control-wrap\" data-name=\"kreditinstitut\"><input size=\"40\" maxlength=\"400\" class=\"wpcf7-form-control wpcf7-text wpcf7-validates-as-required\" aria-required=\"true\" aria-invalid=\"false\" value=\"\" type=\"text\" name=\"kreditinstitut\" \/><\/span> <\/label>\n<\/br>\n\n<p>We use a secure SSL certificate to encrypt the information you send to us.<\/p>\n<p>By using this form, you consent to the storage and processing of your data by this website.<\/p>\n<button class=\"wpcf7-form-control wpcf7-submit qodef-button qodef-size--normal qodef-type--filled qodef-m\" type=\"submit\"><span class=\"qodef-m-text\">Send<\/span><\/button><div class=\"wpcf7-response-output\" aria-hidden=\"true\"><\/div>\n<input type=\"hidden\" name=\"trp-form-language\" value=\"en\"\/><\/form>\n<\/div>\n\n<p>&nbsp;<\/p>\n<p>Bank Account Sneha's Care Deutschland e.V.<\/p>\n<p>Germany - Bank f\u00fcr Sozialwirtschaft<\/p>\n<p>IBAN: DE34 5502 0500 0001 6055 00 | BIC: BFSWDE33MNZ<\/p>","protected":false},"excerpt":{"rendered":"<p>Name: Khairi<\/p>\n<p>Gender: Female<\/p>\n<p>Born: 2019<\/p>\n<p>Colour: brown, black, white<\/p>","protected":false},"featured_media":8826,"template":"","meta":[],"product_brand":[],"product_cat":[62],"product_tag":[],"class_list":{"0":"post-8825","1":"product","2":"type-product","3":"status-publish","4":"has-post-thumbnail","6":"product_cat-unkategorisiert","8":"first","9":"instock","10":"shipping-taxable","11":"purchasable","12":"product-type-simple"},"_links":{"self":[{"href":"https:\/\/snehascare.de\/en\/wp-json\/wp\/v2\/product\/8825","targetHints":{"allow":["GET"]}}],"collection":[{"href":"https:\/\/snehascare.de\/en\/wp-json\/wp\/v2\/product"}],"about":[{"href":"https:\/\/snehascare.de\/en\/wp-json\/wp\/v2\/types\/product"}],"wp:featuredmedia":[{"embeddable":true,"href":"https:\/\/snehascare.de\/en\/wp-json\/wp\/v2\/media\/8826"}],"wp:attachment":[{"href":"https:\/\/snehascare.de\/en\/wp-json\/wp\/v2\/media?parent=8825"}],"wp:term":[{"taxonomy":"product_brand","embeddable":true,"href":"https:\/\/snehascare.de\/en\/wp-json\/wp\/v2\/product_brand?post=8825"},{"taxonomy":"product_cat","embeddable":true,"href":"https:\/\/snehascare.de\/en\/wp-json\/wp\/v2\/product_cat?post=8825"},{"taxonomy":"product_tag","embeddable":true,"href":"https:\/\/snehascare.de\/en\/wp-json\/wp\/v2\/product_tag?post=8825"}],"curies":[{"name":"wp","href":"https:\/\/api.w.org\/{rel}","templated":true}]}}