{"id":8821,"date":"2022-12-26T16:09:32","date_gmt":"2022-12-26T16:09:32","guid":{"rendered":"https:\/\/snehascare.de\/?post_type=product&#038;p=8821"},"modified":"2023-08-13T12:51:12","modified_gmt":"2023-08-13T12:51:12","slug":"raja","status":"publish","type":"product","link":"https:\/\/snehascare.de\/en\/hund\/raja\/","title":{"rendered":"Raja"},"content":{"rendered":"<p><b>Abschied von Raja<span class=\"Apple-converted-space\">\u00a0<\/span><\/b><\/p>\n<p>Mit schwerem Herzen \ud83d\udc94 verabschieden wir uns von unserem Raja. Er kam zu uns nach einem schweren Verkehrsunfall, den er wie durch ein Wunder \u00fcberlebte. Trotz all seiner Verletzungen k\u00e4mpfte er sich zur\u00fcck und erwachte zu neuem Leben im Tierheim. Dankbar, dass wir ihm Sicherheit schenken konnten.<span class=\"Apple-converted-space\">\u00a0<\/span><\/p>\n<p>Wir sind zutiefst traurig, dass wir ihn nun nicht mehr an unserer Seite haben.<span class=\"Apple-converted-space\">\u00a0<\/span><\/p>\n<p>Wir danken seiner Patin Lisa von Herzen f\u00fcr Ihre Begleitung! \ud83d\udc99<\/p>\n<p>Run free Raja \ud83d\udd4a\ufe0f\ud83d\udc15\ud83c\udf08<\/p>\n<p>&nbsp;<\/p>\n<hr \/>\n<p>&nbsp;<\/p>\n<p>Farewell to Raja<\/p>\n<p>With a heavy heart \ud83d\udc94 we say goodbye to our Raja. He came to us after a serious traffic accident, which he miraculously survived. Despite all his injuries, he fought back and came back to life at the shelter. Grateful that we could give him security.<\/p>\n<p>We are deeply saddened that we no longer have him by our side.<br \/>\nWe thank his sponsor Lisa from the bottom of our hearts for accompanying us! \ud83d\udc99<\/p>\n<p>Run free Raja \ud83d\udd4a\ufe0f\ud83d\udc15\ud83c\udf08<\/p>\n<p>&nbsp;<\/p>\n<hr \/>\n<p>&nbsp;<\/p>\n<p>In Gedenken an Raja<\/p>\n<p>Hallo mein Name ist Raja<\/p>\n<p>&nbsp;<\/p>\n<p>und bedeutet \u201eK\u00f6nig\u201c. Ich bin der \u00dcberlebende eines Verkehrsunfalls bei dem ich durch einen Aufprall mehrere Meter geschleudert wurde und hart auf den Boden schlug. Mein Fell war rot durch mein Blut gef\u00e4rbt, dass aus meiner Kopfwunde floss. Die Menschen, die mich fanden, konnten kaum glauben, dass ich noch atmete.<span class=\"Apple-converted-space\">\u00a0<\/span><\/p>\n<p>&nbsp;<\/p>\n<p>Ich wurde am 24.08.2022 gerettet. Das Team brachte mich bewusstlos in das Tierheim wo ich mehrere Anf\u00e4lle hatte, aber wie ein Wunder \u00fcberlebte.<span class=\"Apple-converted-space\">\u00a0<\/span><\/p>\n<p>Auch wenn ich bleibende Narben von dem Unfall davon getragen habe, konnte ich mich inzwischen von dem Schrecken erholen. <span class=\"Apple-converted-space\">\u00a0<\/span><\/p>\n<p>&nbsp;<\/p>\n<p>Bei Sneha\u2019s Care sind wir ungef\u00e4hr 170 Hunde mit verschiedenen Problemen und unsere Pflege kostet viel. Weil hier viele Hunde auf sich gestellt auf der Stra\u00dfe leben m\u00fcssen, k\u00f6nnen die Menschen sich einfach einen passenden Stra\u00dfenhund aussuchen \u2013 und das sind meist gesunde, zutrauliche, h\u00fcbsche Welpen. In ein Tierheim muss daf\u00fcr niemand fahren. Ich werde daher dauerhaft im Tierheim leben m\u00fcssen.<span class=\"Apple-converted-space\">\u00a0<\/span><\/p>\n<p>&nbsp;<\/p>\n<p>Mit Lisa habe ich eine tolle Patin gefunden und freue mich dar\u00fcber sehr ! DANKE !<\/p>\n<p>\u2014\u2014\u2014\u2014\u2014\u2014\u2014\u2014\u2014<\/p>\n<p>Hello my name is Raja<\/p>\n<p>which means &#8222;king&#8220;. I am a survivor of a traffic accident where I was thrown several meters by the impact and hit the ground hard. My fur was stained red with the blood coming from my head wound. The people who found me couldn&#8217;t believe I was still breathing.<\/p>\n<p>I was rescued on 08\/24\/2022. The team took me unconscious to the shelter.<\/p>\n<p>I had several seizures but miraculously survived.<\/p>\n<p>Although I have permanent scars from the accident, I have recovered from the shock.<\/p>\n<p>At Sneha&#8217;s Care we are around 170 dogs with different problems and our care costs a lot. Because many dogs have to live on the streets here on their own, people can simply choose a suitable street dog &#8211; and these are usually healthy, pretty puppies. Nobody has to go to an animal shelter for this. I will therefore have to live permanently in the shelter.<\/p>\n<p>With Lisa I have found a great sponsor and I am very happy about it! THANKS !<\/p>\n<p>&nbsp;<\/p>\n<p>Bank Account Sneha's Care Deutschland e.V.<\/p>\n<p>Germany - Bank f\u00fcr Sozialwirtschaft<\/p>\n<p>IBAN: DE34 5502 0500 0001 6055 00 | BIC: BFSWDE33MNZ<\/p>","protected":false},"excerpt":{"rendered":"<p>Name: Raja<\/p>\n<p>Gender: Male<\/p>\n<p>Born: 2018<\/p>\n<p>Verstorben: August 2023<\/p>\n<p>Colour: white, brown<\/p>","protected":false},"featured_media":8822,"template":"","meta":[],"product_brand":[],"product_cat":[64],"product_tag":[],"class_list":{"0":"post-8821","1":"product","2":"type-product","3":"status-publish","4":"has-post-thumbnail","6":"product_cat-verstorben","8":"first","9":"instock","10":"shipping-taxable","11":"product-type-simple"},"_links":{"self":[{"href":"https:\/\/snehascare.de\/en\/wp-json\/wp\/v2\/product\/8821","targetHints":{"allow":["GET"]}}],"collection":[{"href":"https:\/\/snehascare.de\/en\/wp-json\/wp\/v2\/product"}],"about":[{"href":"https:\/\/snehascare.de\/en\/wp-json\/wp\/v2\/types\/product"}],"wp:featuredmedia":[{"embeddable":true,"href":"https:\/\/snehascare.de\/en\/wp-json\/wp\/v2\/media\/8822"}],"wp:attachment":[{"href":"https:\/\/snehascare.de\/en\/wp-json\/wp\/v2\/media?parent=8821"}],"wp:term":[{"taxonomy":"product_brand","embeddable":true,"href":"https:\/\/snehascare.de\/en\/wp-json\/wp\/v2\/product_brand?post=8821"},{"taxonomy":"product_cat","embeddable":true,"href":"https:\/\/snehascare.de\/en\/wp-json\/wp\/v2\/product_cat?post=8821"},{"taxonomy":"product_tag","embeddable":true,"href":"https:\/\/snehascare.de\/en\/wp-json\/wp\/v2\/product_tag?post=8821"}],"curies":[{"name":"wp","href":"https:\/\/api.w.org\/{rel}","templated":true}]}}