{"id":8794,"date":"2022-11-27T16:27:58","date_gmt":"2022-11-27T16:27:58","guid":{"rendered":"https:\/\/snehascare.de\/?post_type=product&#038;p=8794"},"modified":"2023-08-06T19:46:11","modified_gmt":"2023-08-06T19:46:11","slug":"princess-rajkumari","status":"publish","type":"product","link":"https:\/\/snehascare.de\/en\/hund\/princess-rajkumari\/","title":{"rendered":"Princess (Rajkumari)"},"content":{"rendered":"<p>Princess wurde im August 2023 adoptiert.<\/p>\n<p>&nbsp;<\/p>\n<p>Hallo mein Name ist Princess,<span class=\"Apple-converted-space\">\u00a0<\/span><\/p>\n<p>Ich lebte als Stra\u00dfenh\u00fcndin in Gwarko. Ich war auf der Suche nach Futter und streunte durch die Stra\u00dfen als mich ein Fahrzeug brutal erfasste. Ich wurde durch die Gegend geschleudert und dachte dies sei mein Ende. Ich hatte schreckliche Schmerzen. Mein linkes Ohr und Wange hatte ich verloren. Man konnte meine Z\u00e4hne, Zunge und Knochen sehen. Auch mein linker Vorderfu\u00df war verletzt.<span class=\"Apple-converted-space\">\u00a0<\/span><\/p>\n<p>&nbsp;<\/p>\n<p>Zu meinem Gl\u00fcck wurde Snehas Care informiert, so dass ich in das Tierheim gebracht wurde. Meine Wunden wurden sofort desinfiziert und mir wurden Verb\u00e4nde angelegt. Das Team tat alles um meine Schmerzen zu lindern und mein Leben zu retten.<span class=\"Apple-converted-space\">\u00a0<\/span><\/p>\n<p>&nbsp;<\/p>\n<p>Es wird lange dauern, bis meine Wunden verheilen. Aber ich habe wieder Appetit, denn ich m\u00f6chte leben und heilen. Am liebsten tr\u00e4ume ich auf dem Sofa im B\u00fcro des Tierheims von besseren Tagen. Dabei lasse ich mich nur ungern von den anderen Hunden st\u00f6ren. Deshalb wurde schon \u00fcberlegt, mich in Diva umzutaufen.<span class=\"Apple-converted-space\">\u00a0<\/span><\/p>\n<p>&nbsp;<\/p>\n<p>Bei Sneha\u2019s Care sind wir ungef\u00e4hr 170 Hunde mit verschiedenen Problemen und unsere Pflege kostet viel. Deshalb suche ich eine Patin\/einen Paten, denn ich geh\u00f6re zu den Hunden, die mit ihrer Behinderung keine Familie in Nepal mehr finden. Weil hier viele Hunde auf sich gestellt auf der Stra\u00dfe leben m\u00fcssen, k\u00f6nnen die Menschen sich einfach einen passenden Stra\u00dfenhund aussuchen \u2013 und das sind meist gesunde, h\u00fcbsche Welpen. In ein Tierheim muss daf\u00fcr niemand fahren. Ich werde daher dauerhaft im Tierheim leben m\u00fcssen.<span class=\"Apple-converted-space\">\u00a0<\/span><\/p>\n<p>&nbsp;<\/p>\n<p>Ich freue mich sehr, dass ich das Gl\u00fcck habe, mit Andrea eine tolle Patin gefunden zu haben ! Von Herzen danke !<\/p>\n<p>\u2014\u2014\u2014\u2014\u2014\u2014\u2014\u2014\u2014<\/p>\n<p>&nbsp;<\/p>\n<p>hello my name is princess<\/p>\n<p>I used to live as a street dog in Gwarko. I was looking for food and straying through the streets when a vehicle brutally hit me. I was thrown around and thought this was the end of me. I was in terrible pain. I had lost my left ear and cheek. You could see my teeth, tongue and bones. My left front foot was also injured.<\/p>\n<p>Luckily for me, Snehas Care was informed so I was taken to the shelter. My wounds were immediately disinfected and bandages applied. The team did everything they could to relieve my pain and save my life.<\/p>\n<p>It will take a long time for my wounds to heal. But I have an appetite again because I want to live and heal. My favorite thing to do is dream of better days on the sofa in the animal shelter&#8217;s office. I don&#8217;t like to be disturbed by the other dogs. That&#8217;s why they thought about changing my name to Diva.<\/p>\n<p>At Sneha&#8217;s Care we are around 170 dogs with different problems and our care costs a lot. That&#8217;s why I&#8217;m looking for a sponsor, because I&#8217;m one of the dogs that can no longer find a family in Nepal. Because many dogs have to live on the streets here on their own, people can simply choose a suitable street dog &#8211; and these are usually healthy, pretty puppies. Nobody has to go to an animal shelter for this. I will therefore have to live permanently in the shelter.<\/p>\n<p>I am very happy that I am lucky enough to have found a great sponsor in Andrea! Thank you from the bottom of my heart!<\/p>\n<p>&nbsp;<\/p>\n<p>Bank Account Sneha's Care Deutschland e.V.<\/p>\n<p>Germany - Bank f\u00fcr Sozialwirtschaft<\/p>\n<p>IBAN: DE34 5502 0500 0001 6055 00 | BIC: BFSWDE33MNZ<\/p>","protected":false},"excerpt":{"rendered":"<p>Gender: Female<\/p>\n<p>Geboren: ca. Ende 2021<\/p>\n<p>Colour: Black, brown<\/p>","protected":false},"featured_media":8795,"template":"","meta":[],"product_brand":[],"product_cat":[62],"product_tag":[],"class_list":{"0":"post-8794","1":"product","2":"type-product","3":"status-publish","4":"has-post-thumbnail","6":"product_cat-unkategorisiert","8":"first","9":"instock","10":"shipping-taxable","11":"product-type-simple"},"_links":{"self":[{"href":"https:\/\/snehascare.de\/en\/wp-json\/wp\/v2\/product\/8794","targetHints":{"allow":["GET"]}}],"collection":[{"href":"https:\/\/snehascare.de\/en\/wp-json\/wp\/v2\/product"}],"about":[{"href":"https:\/\/snehascare.de\/en\/wp-json\/wp\/v2\/types\/product"}],"wp:featuredmedia":[{"embeddable":true,"href":"https:\/\/snehascare.de\/en\/wp-json\/wp\/v2\/media\/8795"}],"wp:attachment":[{"href":"https:\/\/snehascare.de\/en\/wp-json\/wp\/v2\/media?parent=8794"}],"wp:term":[{"taxonomy":"product_brand","embeddable":true,"href":"https:\/\/snehascare.de\/en\/wp-json\/wp\/v2\/product_brand?post=8794"},{"taxonomy":"product_cat","embeddable":true,"href":"https:\/\/snehascare.de\/en\/wp-json\/wp\/v2\/product_cat?post=8794"},{"taxonomy":"product_tag","embeddable":true,"href":"https:\/\/snehascare.de\/en\/wp-json\/wp\/v2\/product_tag?post=8794"}],"curies":[{"name":"wp","href":"https:\/\/api.w.org\/{rel}","templated":true}]}}