{"id":8787,"date":"2022-11-14T19:55:05","date_gmt":"2022-11-14T19:55:05","guid":{"rendered":"https:\/\/snehascare.de\/?post_type=product&#038;p=8787"},"modified":"2024-05-12T20:02:22","modified_gmt":"2024-05-12T20:02:22","slug":"roger-whitey","status":"publish","type":"product","link":"https:\/\/snehascare.de\/en\/hund\/roger-whitey\/","title":{"rendered":"Roger (Whitey)"},"content":{"rendered":"<p>Hallo, meine Name ist Roger,<\/p>\n<p>&nbsp;<\/p>\n<p>Wie viele meiner Freunde im Tierheim wurde ich Opfer eines Verkehrsunfalls. Nach dem Unfall konnte ich meine Hinterbeine nicht mehr sp\u00fcren. Ich musste erst wieder lernen zu Laufen. Lange Zeit sah es so aus, als w\u00e4re dies ohne einen Rollstuhl nicht mehr m\u00f6glich. Aber das Team half mir, im wahrsten Sinne, wieder auf die Beine zu kommen. Auf der Stra\u00dfe verlor ich leider auch meine Mutter und meine Familie. Anfangs vermisste ich sie schmerzlich aber ich konnte auch im Tierheim eine Familie und Freunde finden, so dass ich mich nicht mehr einsam f\u00fchlen musste. Ich kann wieder Laufen und bin neugierig auf die Welt.<span class=\"Apple-converted-space\">\u00a0<\/span><\/p>\n<p>Ich danke Petra, die mich als Patin von meinen ersten Schritten an im Tierheim begleitet hat &#8211; DANKE!<span class=\"Apple-converted-space\">\u00a0<\/span><\/p>\n<p>&nbsp;<\/p>\n<p>\u2014\u2014\u2014\u2014\u2014\u2014\u2014\u2014<\/p>\n<p>Hello, my name is Roger,<\/p>\n<p>Like many of my friends at the shelter, I was the victim of a traffic accident. After the accident, I could no longer feel my hind legs. I had to learn to walk again. For a long time it looked as if this would no longer be possible without a wheelchair. But the team literally helped me get back on my feet. Unfortunately, I also lost my mother and my family on the road. At first I missed them sorely but I was able to find as well family and friends here at the shelter so I do not have to be alone anymore. I can walk again and am curious about the world.<\/p>\n<p>I thank Petra, who accompanied me as a sponsor from my first steps in the shelter &#8211; THANK YOU!<\/p>\n<p>&nbsp;<\/p>\n<p>Bank Account Sneha's Care Deutschland e.V.<\/p>\n<p>Germany - Bank f\u00fcr Sozialwirtschaft<\/p>\n<p>IBAN: DE34 5502 0500 0001 6055 00 | BIC: BFSWDE33MNZ<\/p>","protected":false},"excerpt":{"rendered":"<p>Name: Roger<\/p>\n<p>Geschlecht m\u00e4nnlich<\/p>\n<p>Geboren: Januar 2022<\/p>\n<p><span class=\"Apple-converted-space\">\u00a0<\/span>Farbe: Wei\u00df <span class=\"Apple-converted-space\">\u00a0<\/span><\/p>","protected":false},"featured_media":9037,"template":"","meta":[],"product_brand":[],"product_cat":[63],"product_tag":[],"class_list":{"0":"post-8787","1":"product","2":"type-product","3":"status-publish","4":"has-post-thumbnail","6":"product_cat-paten-gefunden","8":"first","9":"instock","10":"shipping-taxable","11":"product-type-simple"},"_links":{"self":[{"href":"https:\/\/snehascare.de\/en\/wp-json\/wp\/v2\/product\/8787","targetHints":{"allow":["GET"]}}],"collection":[{"href":"https:\/\/snehascare.de\/en\/wp-json\/wp\/v2\/product"}],"about":[{"href":"https:\/\/snehascare.de\/en\/wp-json\/wp\/v2\/types\/product"}],"wp:featuredmedia":[{"embeddable":true,"href":"https:\/\/snehascare.de\/en\/wp-json\/wp\/v2\/media\/9037"}],"wp:attachment":[{"href":"https:\/\/snehascare.de\/en\/wp-json\/wp\/v2\/media?parent=8787"}],"wp:term":[{"taxonomy":"product_brand","embeddable":true,"href":"https:\/\/snehascare.de\/en\/wp-json\/wp\/v2\/product_brand?post=8787"},{"taxonomy":"product_cat","embeddable":true,"href":"https:\/\/snehascare.de\/en\/wp-json\/wp\/v2\/product_cat?post=8787"},{"taxonomy":"product_tag","embeddable":true,"href":"https:\/\/snehascare.de\/en\/wp-json\/wp\/v2\/product_tag?post=8787"}],"curies":[{"name":"wp","href":"https:\/\/api.w.org\/{rel}","templated":true}]}}