{"id":8782,"date":"2022-11-14T19:21:18","date_gmt":"2022-11-14T19:21:18","guid":{"rendered":"https:\/\/snehascare.de\/?post_type=product&#038;p=8782"},"modified":"2022-11-17T18:57:59","modified_gmt":"2022-11-17T18:57:59","slug":"victor-ganesh","status":"publish","type":"product","link":"https:\/\/snehascare.de\/en\/hund\/victor-ganesh\/","title":{"rendered":"Victor (Ganesh)"},"content":{"rendered":"<p>Hallo, meine Name ist Victor oder auch Ganesh,<span class=\"Apple-converted-space\">\u00a0<\/span><\/p>\n<p>Pfoten gelten als eines der Hauptmerkmale bei Hunden und dieses Hauptmerkmal wurde mir weggeschnappt. Eine wirklich qualvolle Geschichte, in der meine Pfoten (Hinterbeine) von einem Lastwagen zerquetscht und abgerissen wurden und ich acht aufeinanderfolgende Tage auf der Stra\u00dfe zur\u00fcckgelassen so stark blutete, dass ich nur noch wenige Atemz\u00fcge hatte. Ich bin meinem Finder dankbar, der<span class=\"Apple-converted-space\">\u00a0 <\/span>Sneha\u2019s Care informierte und so erm\u00f6glichte, dass ich gerettet wurde.<\/p>\n<p>&nbsp;<\/p>\n<p>Meinen Namen Victor erhielt ich, weil ich in diesem kritischen Zustand \u00fcberlebt und meinen Tod besiegt habe. Leider werde ich nicht wie andere Hunde normal laufen k\u00f6nnen, aber ich lebe in Frieden und habe keine Angst, wieder so etwas erleben zu m\u00fcssen. Ich mag zwar keine Pfoten mehr haben, aber daf\u00fcr ein gro\u00dfes Herz, dass sich nach Zuneigung sehnt.<\/p>\n<p>&nbsp;<\/p>\n<p>Mit Petra habe ich eine liebe Patin gefunden, die nicht das sieht, was mir fehlt, sondern das, was mich besonders macht. Danke von Herzen !<\/p>\n<p>&nbsp;<\/p>\n<p>\u2014\u2014\u2014\u2014\u2014\u2014\u2014\u2014<\/p>\n<p>Hello, my name is Victor or Ganesh,<\/p>\n<p>Paws are considered one of the main features in dogs and that main feature has been snatched from me. A truly agonizing story where my paws(hind-limbs) were crushed and torn-off by a truck and I was left in the streets for eight consecutive days bleeding to an extent that I only had a few breaths left. I am grateful to my finder who informed Sneha&#8217;s Care and made it possible for me to be rescued.<\/p>\n<p>I was given my name Victor for surviving in this critical condition and conquering my death. Unfortunately I will not be able to walk normally like other dogs, but I live in peace and I am not afraid of having to experience something like this again. I may no longer have paws, but I have a big heart that longs for affection.<\/p>\n<p>&nbsp;<\/p>\n<p>In Petra I have found a dear sponsor who doesn&#8217;t see what I miss, but what makes me special. Thank you from the bottom of my heart!<\/p>\n<p>&nbsp;<\/p>\n<p>Bank Account Sneha's Care Deutschland e.V.<\/p>\n<p>Germany - Bank f\u00fcr Sozialwirtschaft<\/p>\n<p>IBAN: DE34 5502 0500 0001 6055 00 | BIC: BFSWDE33MNZ<\/p>","protected":false},"excerpt":{"rendered":"<p>Name: Victor (Ganesh)<\/p>\n<p>Geschlecht m\u00e4nnlich<\/p>\n<p>Born: 2020<\/p>\n<p><span class=\"Apple-converted-space\">\u00a0<\/span>Farbe: Wei\u00df und Schwarz<span class=\"Apple-converted-space\">\u00a0<\/span><\/p>","protected":false},"featured_media":8783,"template":"","meta":[],"product_brand":[],"product_cat":[63],"product_tag":[],"class_list":{"0":"post-8782","1":"product","2":"type-product","3":"status-publish","4":"has-post-thumbnail","6":"product_cat-paten-gefunden","8":"first","9":"instock","10":"shipping-taxable","11":"product-type-simple"},"_links":{"self":[{"href":"https:\/\/snehascare.de\/en\/wp-json\/wp\/v2\/product\/8782","targetHints":{"allow":["GET"]}}],"collection":[{"href":"https:\/\/snehascare.de\/en\/wp-json\/wp\/v2\/product"}],"about":[{"href":"https:\/\/snehascare.de\/en\/wp-json\/wp\/v2\/types\/product"}],"wp:featuredmedia":[{"embeddable":true,"href":"https:\/\/snehascare.de\/en\/wp-json\/wp\/v2\/media\/8783"}],"wp:attachment":[{"href":"https:\/\/snehascare.de\/en\/wp-json\/wp\/v2\/media?parent=8782"}],"wp:term":[{"taxonomy":"product_brand","embeddable":true,"href":"https:\/\/snehascare.de\/en\/wp-json\/wp\/v2\/product_brand?post=8782"},{"taxonomy":"product_cat","embeddable":true,"href":"https:\/\/snehascare.de\/en\/wp-json\/wp\/v2\/product_cat?post=8782"},{"taxonomy":"product_tag","embeddable":true,"href":"https:\/\/snehascare.de\/en\/wp-json\/wp\/v2\/product_tag?post=8782"}],"curies":[{"name":"wp","href":"https:\/\/api.w.org\/{rel}","templated":true}]}}