{"id":8763,"date":"2022-08-26T20:56:37","date_gmt":"2022-08-26T20:56:37","guid":{"rendered":"https:\/\/snehascare.de\/?post_type=product&#038;p=8763"},"modified":"2023-08-13T13:24:19","modified_gmt":"2023-08-13T13:24:19","slug":"dev","status":"publish","type":"product","link":"https:\/\/snehascare.de\/en\/hund\/dev\/","title":{"rendered":"Dev"},"content":{"rendered":"<p>IN GEDENKEN AN UNSEREN DEV<\/p>\n<p>&nbsp;<\/p>\n<p>Hallo mein Name ist Dev,<span class=\"Apple-converted-space\">\u00a0<\/span><\/p>\n<p>&nbsp;<\/p>\n<p>ich wurde am 10. Juni 2022 von Sneha\u2019s Care Team gerettet. Da ich als Stier keine Milch geben kann, war ich f\u00fcr meine Besitzer wertlos. Deswegen setzten sie mich auf den Stra\u00dfen von Sanepa aus. Ich musste mich von Abfall, den ich auf den Stra\u00dfen fand, ern\u00e4hren. Als w\u00e4re mein Leben nicht schon hart genug gewesen, wurde ich eines Tages auch noch angefahren und mein linkes Hinterbein verletzt. Ich hatte schreckliche Schmerzen und schrie, so dass Menschen auf mich aufmerksam wurden. Deswegen wurde ich auf den Lebenshof von Sneha\u2019s Care gebracht, wo ich medizinisch versorgt werden konnte. Ich bin froh, dass es den Lebenshof auch f\u00fcr Tiere wie mich gibt. Hier erhalte ich frisches Futter, Medikamente, Impfungen und alles was ich brauche, um gesund, gl\u00fccklich und ohne Ausbeutung zu leben.<\/p>\n<p>Mein Lieblingsplatz zum Grasen ist das Feld in der N\u00e4he des Flusses.<span class=\"Apple-converted-space\">\u00a0<\/span><\/p>\n<p>&nbsp;<\/p>\n<p>Bei Sneha&#8217;s Care leben nicht nur Hunde im Tierheim, sondern auch Ziegen, Schweine, B\u00fcffel und K\u00fche wie ich auf unserem Lebenshof. Sneha\u2018s Care m\u00f6chte ein Zuhause f\u00fcr alle Tiere in Not sein.<span class=\"Apple-converted-space\">\u00a0<\/span><\/p>\n<p>&nbsp;<\/p>\n<p>Ich freue mich sehr, dass ich mit Guido einen lieben Paten gefunden habe &#8211; DANKE !<\/p>\n<p>\u2014\u2014\u2014\u2014-<\/p>\n<p>Hello my name is Dev,<\/p>\n<p>I was rescued by Sneha&#8217;s Care Team on June 10, 2022. As a Taurus, unable to give milk, I was worthless to my previous owners. That&#8217;s why they dumped me on the streets of Sanepa. I had to feed myself from rubbish I found on the streets were I was hit by a car one day. My left hind leg was badly injured. I was in pain and screamed, attracting people&#8217;s attention. So I was brought to the Sneha&#8217;s Care farm where I could receive medical care. Here I get fresh food, medicine, vaccinations and everything I need to live a healthy and happy life. My favorite place to graze is the field near the river.<\/p>\n<p>At Sneha&#8217;s Care there are dogs living at the shelter, but also goats, pigs, buffalo and cows like me on our farm. Sneha&#8217;s Care wants to be a home for all animals in need.<\/p>\n<p>The shelter is in need of donations to be able to care for me and the other animals here. So I&#8217;m looking for a dear sponsor who has a heart for me.<\/p>\n<p>I am very happy that I have found a dear sponsor in Guido &#8211; THANK YOU!<\/p>\n<p>Bank Account Sneha's Care Deutschland e.V.<\/p>\n<p>Germany - Bank f\u00fcr Sozialwirtschaft<\/p>\n<p>IBAN: DE34 5502 0500 0001 6055 00 | BIC: BFSWDE33MNZ<\/p>","protected":false},"excerpt":{"rendered":"<p>Gender: Male<\/p>\n<p>Born: 2020<\/p>\n<p>Verstorben: 2023<\/p>\n<p>Colour: Black and white<\/p>\n<p>&nbsp;<\/p>","protected":false},"featured_media":8764,"template":"","meta":[],"product_brand":[],"product_cat":[64],"product_tag":[],"class_list":{"0":"post-8763","1":"product","2":"type-product","3":"status-publish","4":"has-post-thumbnail","6":"product_cat-verstorben","8":"first","9":"instock","10":"shipping-taxable","11":"product-type-simple"},"_links":{"self":[{"href":"https:\/\/snehascare.de\/en\/wp-json\/wp\/v2\/product\/8763","targetHints":{"allow":["GET"]}}],"collection":[{"href":"https:\/\/snehascare.de\/en\/wp-json\/wp\/v2\/product"}],"about":[{"href":"https:\/\/snehascare.de\/en\/wp-json\/wp\/v2\/types\/product"}],"wp:featuredmedia":[{"embeddable":true,"href":"https:\/\/snehascare.de\/en\/wp-json\/wp\/v2\/media\/8764"}],"wp:attachment":[{"href":"https:\/\/snehascare.de\/en\/wp-json\/wp\/v2\/media?parent=8763"}],"wp:term":[{"taxonomy":"product_brand","embeddable":true,"href":"https:\/\/snehascare.de\/en\/wp-json\/wp\/v2\/product_brand?post=8763"},{"taxonomy":"product_cat","embeddable":true,"href":"https:\/\/snehascare.de\/en\/wp-json\/wp\/v2\/product_cat?post=8763"},{"taxonomy":"product_tag","embeddable":true,"href":"https:\/\/snehascare.de\/en\/wp-json\/wp\/v2\/product_tag?post=8763"}],"curies":[{"name":"wp","href":"https:\/\/api.w.org\/{rel}","templated":true}]}}