{"id":8757,"date":"2022-08-21T12:26:39","date_gmt":"2022-08-21T12:26:39","guid":{"rendered":"https:\/\/snehascare.de\/?post_type=product&#038;p=8757"},"modified":"2025-06-03T17:50:19","modified_gmt":"2025-06-03T17:50:19","slug":"simi","status":"publish","type":"product","link":"https:\/\/snehascare.de\/en\/hund\/simi\/","title":{"rendered":"Simi"},"content":{"rendered":"<h3 data-start=\"150\" data-end=\"191\"><strong data-start=\"154\" data-end=\"191\">In liebevoller Erinnerung an Simi<\/strong><\/h3>\n<p data-start=\"193\" data-end=\"258\">Unsere sanfte Simi hat uns am 2. Juni 2025 f\u00fcr immer verlassen.<\/p>\n<p data-start=\"260\" data-end=\"690\">Simi war eine ruhige, weise H\u00fcndin, die viele Jahre im Shelter verbracht hat \u2013 geliebt, umsorgt und mit einem ganz besonderen Platz in unseren Herzen. Nach ihrer schweren Zeit auf der Stra\u00dfe konnte sie sich bei Sneha\u2019s Care vollst\u00e4ndig von ihrer Hautkrankheit erholen und endlich zur Ruhe kommen. Sie verbrachte ihre Tage am liebsten im Schatten oder in der Sonne, immer etwas abseits vom Trubel, und genoss die stillen Momente.<\/p>\n<p data-start=\"692\" data-end=\"846\">Dank ihrer Patin Andrea war Simi nie allein. Diese liebevolle Unterst\u00fctzung hat ihr Leben nachhaltig gepr\u00e4gt \u2013 daf\u00fcr m\u00f6chten wir von Herzen Danke sagen.<\/p>\n<p data-start=\"848\" data-end=\"934\">Simi bleibt unvergessen. Sie war ein Teil unserer Familie und wird es immer bleiben.<\/p>\n<hr data-start=\"936\" data-end=\"939\" \/>\n<h3 data-start=\"941\" data-end=\"973\"><strong data-start=\"945\" data-end=\"973\">In loving memory of Simi<\/strong><\/h3>\n<p data-start=\"975\" data-end=\"1019\">Our gentle Simi left us on June 2nd, 2025.<\/p>\n<p data-start=\"1021\" data-end=\"1412\">Simi was a calm and wise soul who spent many years at the shelter \u2013 loved, cared for, and with a very special place in our hearts. After her difficult time on the streets, she was able to fully recover from her skin disease at Sneha\u2019s Care and finally find peace. She loved to spend her days in the shade or sun, always a little away from the hustle and bustle, enjoying the quiet moments.<\/p>\n<p data-start=\"1414\" data-end=\"1558\">Thanks to her sponsor Andrea, Simi was never alone. This kind support made a lasting difference in her life \u2013 we are deeply grateful for that.<\/p>\n<p data-start=\"1560\" data-end=\"1636\" data-is-last-node=\"\" data-is-only-node=\"\">Simi will never be forgotten. She was part of our family and always will be.<\/p>\n<p>&nbsp;<\/p>\n<hr \/>\n<p>&nbsp;<\/p>\n<p>&nbsp;<\/p>\n<p>Hallo lieber Mensch,<span class=\"Apple-converted-space\">\u00a0<\/span><\/p>\n<p>&nbsp;<\/p>\n<p>Ich bin Simi und geh\u00f6re zu den \u00e4lteren Hunden des Tierheims. Bevor ich als Stra\u00dfenhund leben musste, geh\u00f6rte ich einer Familie, die sich um mich k\u00fcmmerte. Dann entwickelte ich eine schmerzliche Hautkrankheit und wurde mit etwa einem Jahr ausgesetzt. Ich wusste nicht, wie ich auf der Stra\u00dfe \u00fcberleben sollte. Wo ich Nahrung oder Unterschlupft finden sollte. Mein Zustand verschlimmerte sich von Tag zu Tag. Am 04.12.2016 wurde ich zu meinem Gl\u00fcck in das Tierheim gebracht und erhielt Medikamente, Pflege und F\u00fcrsorge und konnte mich so von der Hautkrankheit vollst\u00e4ndig erholen.<span class=\"Apple-converted-space\">\u00a0<\/span><\/p>\n<p>&nbsp;<\/p>\n<p>Ich bleibe gerne in meiner gewohnten Umgebung und halte mich von Rangeleien meiner Hundefreunde lieber fern. Ich freue mich immer \u00fcber ein ruhiges Pl\u00e4tzchen in der Sonne, wo ich Ruhe und W\u00e4rme genie\u00dfen kann. <span class=\"Apple-converted-space\">\u00a0<\/span><\/p>\n<p>&nbsp;<\/p>\n<p>Bei Sneha\u2019s Care sind wir ungef\u00e4hr 170 Hunde mit verschiedenen Problemen und unsere Pflege kostet viel. Deshalb suche ich eine Patin\/einen Paten, denn ich geh\u00f6re zu den Hunden, die keine Familie in Nepal mehr finden. Weil hier viele Hunde auf sich gestellt auf der Stra\u00dfe leben m\u00fcssen, k\u00f6nnen die Menschen sich einfach einen passenden Stra\u00dfenhund aussuchen \u2013 und das sind meist gesunde, h\u00fcbsche Welpen. In ein Tierheim muss daf\u00fcr niemand fahren. Ich werde daher dauerhaft im Tierheim leben m\u00fcssen.<\/p>\n<p><span class=\"Apple-converted-space\">\u00a0<\/span><\/p>\n<p>Mit Andrea habe ich meine Patin gefunden &#8211; ich freue mich sehr &#8211; vielen lieben Dank!<\/p>\n<p>&nbsp;<\/p>\n<p>\u2014\u2014\u2014\u2014\u2014\u2014\u2014\u2014\u2014<\/p>\n<p>&nbsp;<\/p>\n<p>Hello dear human,<\/p>\n<p>I&#8217;m Simi and I&#8217;m one of the older dogs at the shelter. Before I had to live as a street dog, I belonged to a family who took care of me. Then I developed a painful skin condition and was abandoned when I was about a year old. I didn&#8217;t know how to survive on the streets. Where to find food or shelter. My condition worsened day by day. Luckily, on December 4th, 2016 I was taken to the shelter and received medication, care and attention and was able to fully recover from the skin disease.<\/p>\n<p>I like to stay in my familiar surroundings and prefer to stay away from my canine friends&#8216; fights. I&#8217;m always happy about a quiet spot in the sun, where I can enjoy peace and warmth.<\/p>\n<p>At Sneha&#8217;s Care we are around 170 dogs with different problems and our care costs a lot. That&#8217;s why I&#8217;m looking for a sponsor, because I&#8217;m one of the dogs that can no longer find a family in Nepal. Because many dogs have to live on the streets here on their own, people can simply choose a suitable street dog &#8211; and these are usually healthy, pretty puppies. Nobody has to go to an animal shelter for this. I will therefore have to live permanently in the shelter.<\/p>\n<p>You will receive a sponsorship certificate and regular updates about my development, as well as a tax-effective donation receipt. The sponsorship can of course be terminated at any time. If you have any questions, please contact the team.<\/p>\n<p>I have found my dear sponsor with Andrea &#8211; I am very happy &#8211; thank you very much!<\/p>\n<p>&nbsp;<\/p>\n<p>Bank Account Sneha's Care Deutschland e.V.<\/p>\n<p>Germany - Bank f\u00fcr Sozialwirtschaft<\/p>\n<p>IBAN: DE34 5502 0500 0001 6055 00 | BIC: BFSWDE33MNZ<\/p>","protected":false},"excerpt":{"rendered":"<p>Gender: Female<\/p>\n<p>Born: 2015<\/p>\n<p>Verstorben: 02.06.2025<\/p>\n<p>Colour: White<\/p>","protected":false},"featured_media":8758,"template":"","meta":[],"product_brand":[],"product_cat":[64],"product_tag":[],"class_list":{"0":"post-8757","1":"product","2":"type-product","3":"status-publish","4":"has-post-thumbnail","6":"product_cat-verstorben","8":"first","9":"instock","10":"shipping-taxable","11":"product-type-simple"},"_links":{"self":[{"href":"https:\/\/snehascare.de\/en\/wp-json\/wp\/v2\/product\/8757","targetHints":{"allow":["GET"]}}],"collection":[{"href":"https:\/\/snehascare.de\/en\/wp-json\/wp\/v2\/product"}],"about":[{"href":"https:\/\/snehascare.de\/en\/wp-json\/wp\/v2\/types\/product"}],"wp:featuredmedia":[{"embeddable":true,"href":"https:\/\/snehascare.de\/en\/wp-json\/wp\/v2\/media\/8758"}],"wp:attachment":[{"href":"https:\/\/snehascare.de\/en\/wp-json\/wp\/v2\/media?parent=8757"}],"wp:term":[{"taxonomy":"product_brand","embeddable":true,"href":"https:\/\/snehascare.de\/en\/wp-json\/wp\/v2\/product_brand?post=8757"},{"taxonomy":"product_cat","embeddable":true,"href":"https:\/\/snehascare.de\/en\/wp-json\/wp\/v2\/product_cat?post=8757"},{"taxonomy":"product_tag","embeddable":true,"href":"https:\/\/snehascare.de\/en\/wp-json\/wp\/v2\/product_tag?post=8757"}],"curies":[{"name":"wp","href":"https:\/\/api.w.org\/{rel}","templated":true}]}}