{"id":8753,"date":"2022-08-20T18:37:14","date_gmt":"2022-08-20T18:37:14","guid":{"rendered":"https:\/\/snehascare.de\/?post_type=product&#038;p=8753"},"modified":"2024-12-14T18:26:41","modified_gmt":"2024-12-14T18:26:41","slug":"mearu","status":"publish","type":"product","link":"https:\/\/snehascare.de\/en\/hund\/mearu\/","title":{"rendered":"Mearu"},"content":{"rendered":"<p><strong>Hallo, ich bin Mearu!<\/strong><\/p>\n<p>&nbsp;<\/p>\n<p>Ich lebte bis zum 24.11.2017 in der Gegend von Sunakothi. An diesem Tag wurde das Team von Sneha\u2019s Care auf mich aufmerksam, weil mir ein Tumor zu schaffen machte. Der Tumor sa\u00df an meinem Bauch und verursachte starke Schmerzen. Zum Gl\u00fcck konnte ich ins Tierheim gebracht werden, wo ich operiert wurde und der Tumor entfernt werden konnte.<\/p>\n<p>&nbsp;<\/p>\n<p>Ich geh\u00f6re schon zu den \u00e4lteren Hunden im Tierheim, aber das h\u00e4lt mich nicht davon ab, voller Energie zu sein! Ich liebe es, Besucher zu begr\u00fc\u00dfen und mit meinen Hundekumpels zu spielen.<\/p>\n<p>&nbsp;<\/p>\n<p>Dank der gro\u00dfz\u00fcgigen Unterst\u00fctzung von Angela habe ich jetzt eine Patin, die mir hilft, meinen Alltag im Tierheim noch sch\u00f6ner zu gestalten. Mit ihrer Hilfe bekomme ich die n\u00f6tige Pflege und Aufmerksamkeit, die ich brauche, um mich weiterhin gut zu entwickeln.<\/p>\n<p>&nbsp;<\/p>\n<p>Bei Sneha\u2019s Care leben rund 170 Hunde mit unterschiedlichen Problemen. Unsere Pflege kostet viel, und da viele Hunde auf der Stra\u00dfe in Nepal leben m\u00fcssen, k\u00f6nnen sich die Menschen oft einfach einen gesunden Stra\u00dfenhund aussuchen \u2013 meist junge, h\u00fcbsche Welpen. Deshalb werde ich vermutlich dauerhaft im Tierheim leben m\u00fcssen.<\/p>\n<p>&nbsp;<\/p>\n<p>Trotzdem freue ich mich jeden Tag und bin dankbar f\u00fcr die liebe Unterst\u00fctzung von Angela, die mir hilft, in Geborgenheit und Sicherheit zu leben.<\/p>\n<p>&nbsp;<\/p>\n<p>Eure Mearu<\/p>\n<p>&nbsp;<\/p>\n<p>\u2014\u2014\u2014\u2014\u2014\u2014\u2014\u2014\u2014<\/p>\n<p>&nbsp;<\/p>\n<p><strong>Hello, I\u2019m Mearu!<\/strong><\/p>\n<p>I lived in the Sunakothi area until November 24th, 2017. That day, the team from Sneha\u2019s Care came to my rescue after they were informed that I was suffering from a tumor. The tumor was located on my belly, and it caused me a lot of pain. Luckily, I was brought to the shelter, where I underwent surgery, and the tumor was successfully removed.<\/p>\n<p>Although I\u2019m one of the older dogs at the shelter, I\u2019m still full of energy! I love greeting visitors and playing with my dog friends.<\/p>\n<p>Thanks to the generous support of Angela, I now have a sponsor who helps make my life at the shelter a bit brighter. With her help, I receive the care and attention I need to continue to thrive.<\/p>\n<p>At Sneha\u2019s Care, there are about 170 dogs with various needs. Our care costs a lot, and because many dogs in Nepal must fend for themselves on the streets, people can often choose a healthy street dog\u2014usually young, cute puppies. That\u2019s why I will likely stay at the shelter long-term.<\/p>\n<p>Despite this, I\u2019m happy every day and deeply grateful for Angela\u2019s loving support, which allows me to live in safety and comfort.<\/p>\n<p>Yours, Mearu<\/p>\n<p>&nbsp;<\/p>\n<p>&nbsp;<\/p>\n<p>&nbsp;<\/p>\n<p>Bank Account Sneha's Care Deutschland e.V.<\/p>\n<p>Germany - Bank f\u00fcr Sozialwirtschaft<\/p>\n<p>IBAN: DE34 5502 0500 0001 6055 00 | BIC: BFSWDE33MNZ<\/p>","protected":false},"excerpt":{"rendered":"<p>Gender: Female<\/p>\n<p>Born: 2015<\/p>\n<p>Colour: Brown<\/p>","protected":false},"featured_media":8754,"template":"","meta":[],"product_brand":[],"product_cat":[63],"product_tag":[],"class_list":{"0":"post-8753","1":"product","2":"type-product","3":"status-publish","4":"has-post-thumbnail","6":"product_cat-paten-gefunden","8":"first","9":"instock","10":"shipping-taxable","11":"product-type-simple"},"_links":{"self":[{"href":"https:\/\/snehascare.de\/en\/wp-json\/wp\/v2\/product\/8753","targetHints":{"allow":["GET"]}}],"collection":[{"href":"https:\/\/snehascare.de\/en\/wp-json\/wp\/v2\/product"}],"about":[{"href":"https:\/\/snehascare.de\/en\/wp-json\/wp\/v2\/types\/product"}],"wp:featuredmedia":[{"embeddable":true,"href":"https:\/\/snehascare.de\/en\/wp-json\/wp\/v2\/media\/8754"}],"wp:attachment":[{"href":"https:\/\/snehascare.de\/en\/wp-json\/wp\/v2\/media?parent=8753"}],"wp:term":[{"taxonomy":"product_brand","embeddable":true,"href":"https:\/\/snehascare.de\/en\/wp-json\/wp\/v2\/product_brand?post=8753"},{"taxonomy":"product_cat","embeddable":true,"href":"https:\/\/snehascare.de\/en\/wp-json\/wp\/v2\/product_cat?post=8753"},{"taxonomy":"product_tag","embeddable":true,"href":"https:\/\/snehascare.de\/en\/wp-json\/wp\/v2\/product_tag?post=8753"}],"curies":[{"name":"wp","href":"https:\/\/api.w.org\/{rel}","templated":true}]}}