{"id":8748,"date":"2022-08-20T17:02:39","date_gmt":"2022-08-20T17:02:39","guid":{"rendered":"https:\/\/snehascare.de\/?post_type=product&#038;p=8748"},"modified":"2026-02-16T11:28:33","modified_gmt":"2026-02-16T11:28:33","slug":"tiger","status":"publish","type":"product","link":"https:\/\/snehascare.de\/en\/hund\/tiger\/","title":{"rendered":"Tiger"},"content":{"rendered":"<p>&nbsp;<\/p>\n<p>Hallo mein Name ist Tiger<span class=\"Apple-converted-space\">\u00a0<\/span><\/p>\n<p>&nbsp;<\/p>\n<p>Und ich lebe seit dem 23.06.2021 im Tierheim. Mein \u00dcberlebenswille brachte mich zu meinem Namen. Ich hatte einen schlimmen Verkehrsunfall in Tahachal und habe nur knapp \u00fcberlebt. Mein rechtes Vorderbein war mehrfach gebrochen, der Nerv meines linken Beines besch\u00e4digt. Beide Vorderbeine mussten amputiert werden, damit ich \u00fcberleben konnte. Um weitere Infektionen oder Hautprobleme zu verhindern, wurden meine Wunden t\u00e4glich ges\u00e4ubert und verbunden \u00fcber viele Monate. Weder ich noch das Team von Sneha\u2019s Care gaben mich auf. Inzwischen ist alles gut verheilt dank der medizinischen und menschlichen F\u00fcrsorge.<span class=\"Apple-converted-space\">\u00a0<\/span><\/p>\n<p>&nbsp;<\/p>\n<p>Und ich habe einen tollen Rollstuhl, der extra f\u00fcr mich gefertigt wurde. Darin f\u00fchle ich mich frei und kann wieder laufen. Trotz meiner Behinderung bin ich ein freundlicher und gl\u00fccklicher Hund und rolle voller Zuversicht durch das Tierheim. Viele bemitleiden mich, aber hier im Tierheim bin ich sicher und muss mich nicht von dem Abfall auf den Stra\u00dfen ern\u00e4hren, hungern oder frieren wie so viele Stra\u00dfenhunde. Hier habe ich liebe Menschen, die sich um mich k\u00fcmmern und viele Hundekumpels. Ich konzentriere mich auf das Positive um mich herum.<\/p>\n<p>&nbsp;<\/p>\n<p>Bei Sneha\u2019s Care sind wir ungef\u00e4hr 170 Hunde mit verschiedenen Problemen und unsere Pflege kostet viel. Weil hier viele Hunde auf sich gestellt auf der Stra\u00dfe leben m\u00fcssen, k\u00f6nnen die Menschen sich einfach einen passenden Stra\u00dfenhund aussuchen \u2013 und das sind meist gesunde, zutrauliche, h\u00fcbsche Welpen. In ein Tierheim muss daf\u00fcr niemand fahren. Ich werde vermutlich dauerhaft im Tierheim leben m\u00fcssen.<span class=\"Apple-converted-space\">\u00a0<\/span><\/p>\n<p>&nbsp;<\/p>\n<p>Ich bin froh und dankbar, dass ich mit Ute eine tolle Patin gefunden habe!<\/p>\n<p>&nbsp;<\/p>\n<p>Dein Tiger<\/p>\n<p>&nbsp;<\/p>\n<p>\u2014\u2014\u2014\u2014-<\/p>\n<p>Hello my name is Tiger<\/p>\n<p>And I&#8217;ve been living in the shelter since June 23, 2021. My will to survive brought me to my name. I was in a bad traffic accident in Tahachal and barely survived. My right front leg was broken several times and the nerve in my left leg was damaged. Both front legs had to be amputated in order for me to survive. To prevent further infection or skin problems, my wounds were cleaned and bandaged daily for many months. Neither I nor the team at Sneha&#8217;s Care gave up on me. In the meantime everything has healed well thanks to the medical and human care.<\/p>\n<p>And I have a great wheelchair that was made especially for me. I feel free in it and can walk again. Despite my disability, I am a friendly and happy dog \u200b\u200band roll through the shelter with confidence. Many pity me, but here in the shelter I am safe and do not have to feed on the garbage on the streets, starve or freeze like so many street dogs. Here I have lovely people who take care of me and many dog \u200b\u200bbuddies. I focus on the positive around me.<\/p>\n<p>At Sneha\u2019s Care we are about 170 dogs with various problems and our care costs a lot. Because many dogs here have to live on the streets on their own, people can simply choose a suitable street dog &#8211; and these are usually healthy, trusting, pretty puppies. Nobody has to go to an animal shelter for this. I will probably have to live in an animal shelter permanently.<span class=\"Apple-converted-space\">\u00a0<\/span><\/p>\n<p>I am happy and grateful to have found a wonderful godmother in Ute!<\/p>\n<p>&nbsp;<\/p>\n<p>Your Tiger<\/p>\n<p>&nbsp;<\/p>\n<p>&nbsp;<\/p>","protected":false},"excerpt":{"rendered":"<p>Gender: Male<\/p>\n<p>Born: 2018<\/p>\n<p>Colour: Brown<\/p>","protected":false},"featured_media":8749,"template":"","meta":[],"product_brand":[],"product_cat":[63],"product_tag":[],"class_list":{"0":"post-8748","1":"product","2":"type-product","3":"status-publish","4":"has-post-thumbnail","6":"product_cat-paten-gefunden","8":"first","9":"instock","10":"shipping-taxable","11":"product-type-simple"},"_links":{"self":[{"href":"https:\/\/snehascare.de\/en\/wp-json\/wp\/v2\/product\/8748","targetHints":{"allow":["GET"]}}],"collection":[{"href":"https:\/\/snehascare.de\/en\/wp-json\/wp\/v2\/product"}],"about":[{"href":"https:\/\/snehascare.de\/en\/wp-json\/wp\/v2\/types\/product"}],"wp:featuredmedia":[{"embeddable":true,"href":"https:\/\/snehascare.de\/en\/wp-json\/wp\/v2\/media\/8749"}],"wp:attachment":[{"href":"https:\/\/snehascare.de\/en\/wp-json\/wp\/v2\/media?parent=8748"}],"wp:term":[{"taxonomy":"product_brand","embeddable":true,"href":"https:\/\/snehascare.de\/en\/wp-json\/wp\/v2\/product_brand?post=8748"},{"taxonomy":"product_cat","embeddable":true,"href":"https:\/\/snehascare.de\/en\/wp-json\/wp\/v2\/product_cat?post=8748"},{"taxonomy":"product_tag","embeddable":true,"href":"https:\/\/snehascare.de\/en\/wp-json\/wp\/v2\/product_tag?post=8748"}],"curies":[{"name":"wp","href":"https:\/\/api.w.org\/{rel}","templated":true}]}}