{"id":8746,"date":"2022-08-20T16:21:09","date_gmt":"2022-08-20T16:21:09","guid":{"rendered":"https:\/\/snehascare.de\/?post_type=product&#038;p=8746"},"modified":"2024-10-30T18:30:21","modified_gmt":"2024-10-30T18:30:21","slug":"home","status":"publish","type":"product","link":"https:\/\/snehascare.de\/en\/hund\/home\/","title":{"rendered":"Home"},"content":{"rendered":"<p>Hallo mein Name ist Home,<span class=\"Apple-converted-space\">\u00a0<\/span><\/p>\n<p>&nbsp;<\/p>\n<p>Ich wurde 2019 aus der Region Hattiban als kleiner Welpe gerettet. Ich war v\u00f6llig unterern\u00e4hrt und hatte schmerzliche Hautprobleme. Die Menschen mieden mich und scheuchten mich weg, als ich um Nahrung bettelte, weil ich so ungepflegt aussah. Bei Sneha\u2019s Care habe ich nun mein Zuhause gefunden. Deswegen auch mein Name. Hier f\u00fchle ich mich sicher und meine Hautprobleme sind l\u00e4ngst vergessen.<span class=\"Apple-converted-space\">\u00a0<\/span><\/p>\n<p>&nbsp;<\/p>\n<p>Da mich Menschen als Welpen immer verscheuchten, konnte ich nicht lernen zu vertrauen. Ich bin sehr sch\u00fcchtern und mag es nicht, wenn ich von Fremden angefasst werde. Ich brauche viel Zeit und Vertrauen, um mich sicher zu f\u00fchlen.<span class=\"Apple-converted-space\">\u00a0<\/span><\/p>\n<p>&nbsp;<\/p>\n<p>Bei Sneha\u2019s Care sind wir ungef\u00e4hr 170 Hunde mit verschiedenen Problemen und unsere Pflege kostet viel. Weil hier viele Hunde auf sich gestellt auf der Stra\u00dfe leben m\u00fcssen, k\u00f6nnen die Menschen sich einfach einen passenden Stra\u00dfenhund aussuchen \u2013 und das sind meist gesunde, zutrauliche, h\u00fcbsche Welpen. In ein Tierheim muss daf\u00fcr niemand fahren. Ich werde daher dauerhaft im Tierheim leben m\u00fcssen.<span class=\"Apple-converted-space\">\u00a0<\/span><\/p>\n<p>&nbsp;<\/p>\n<p>Ich habe mit Niclas einen wundervollen Paten gefunden &#8211; DANKE !<\/p>\n<p>\u2014\u2014\u2014\u2014\u2014\u2014\u2014\u2014\u2014<\/p>\n<p>Hello my name is Home,<\/p>\n<p>I was rescued from Hattiban region in 2019 as a little puppy. I was totally malnourished and had painful skin problems. People avoided me and shooed me away when I begged for food because I looked so unkempt. I have now found my home at Sneha&#8217;s Care. That\u2019s why my name is Home. I feel safe here and my skin problems are long forgotten.<\/p>\n<p>Because people always scared me away when I was a pup, I couldn&#8217;t learn to trust. I&#8217;m very shy and don&#8217;t like being touched by strangers. I need a lot of time and trust to feel safe.<\/p>\n<p>At Sneha&#8217;s Care we are around 170 dogs with different problems and our care costs a lot. Because many dogs have to live on the streets here on their own, people can simply choose a suitable street dog &#8211; and these are usually healthy, pretty puppies. Nobody has to go to an animal shelter for this. I will therefore have to live permanently in the shelter.<\/p>\n<p>I have found a wonderful sponsor in Niclas &#8211; THANK YOU!<\/p>\n<p>Bank Account Sneha's Care Deutschland e.V.<\/p>\n<p>Germany - Bank f\u00fcr Sozialwirtschaft<\/p>\n<p>IBAN: DE34 5502 0500 0001 6055 00 | BIC: BFSWDE33MNZ<\/p>","protected":false},"excerpt":{"rendered":"<p>Name: Home<\/p>\n<p>Gender: Male<\/p>\n<p>Born: 2019<\/p>\n<p>Colour: Black, brown<\/p>","protected":false},"featured_media":8747,"template":"","meta":[],"product_brand":[],"product_cat":[63],"product_tag":[],"class_list":{"0":"post-8746","1":"product","2":"type-product","3":"status-publish","4":"has-post-thumbnail","6":"product_cat-paten-gefunden","8":"first","9":"instock","10":"shipping-taxable","11":"product-type-simple"},"_links":{"self":[{"href":"https:\/\/snehascare.de\/en\/wp-json\/wp\/v2\/product\/8746","targetHints":{"allow":["GET"]}}],"collection":[{"href":"https:\/\/snehascare.de\/en\/wp-json\/wp\/v2\/product"}],"about":[{"href":"https:\/\/snehascare.de\/en\/wp-json\/wp\/v2\/types\/product"}],"wp:featuredmedia":[{"embeddable":true,"href":"https:\/\/snehascare.de\/en\/wp-json\/wp\/v2\/media\/8747"}],"wp:attachment":[{"href":"https:\/\/snehascare.de\/en\/wp-json\/wp\/v2\/media?parent=8746"}],"wp:term":[{"taxonomy":"product_brand","embeddable":true,"href":"https:\/\/snehascare.de\/en\/wp-json\/wp\/v2\/product_brand?post=8746"},{"taxonomy":"product_cat","embeddable":true,"href":"https:\/\/snehascare.de\/en\/wp-json\/wp\/v2\/product_cat?post=8746"},{"taxonomy":"product_tag","embeddable":true,"href":"https:\/\/snehascare.de\/en\/wp-json\/wp\/v2\/product_tag?post=8746"}],"curies":[{"name":"wp","href":"https:\/\/api.w.org\/{rel}","templated":true}]}}