{"id":8743,"date":"2022-08-19T19:03:52","date_gmt":"2022-08-19T19:03:52","guid":{"rendered":"https:\/\/snehascare.de\/?post_type=product&#038;p=8743"},"modified":"2025-05-10T17:18:23","modified_gmt":"2025-05-10T17:18:23","slug":"jack","status":"publish","type":"product","link":"https:\/\/snehascare.de\/en\/hund\/jack\/","title":{"rendered":"Jack"},"content":{"rendered":"<p>In liebevoller Erinnerung an Jack \ud83d\udda4<\/p>\n<p>Am 09. Mai 2025 hat unser lieber Jack f\u00fcr immer seine Augen geschlossen. Noch am Abend zuvor ging es ihm gut \u2013 er hat gefressen und wir hatten keinen Anlass zur Sorge. Doch ist er einfach nicht mehr aufgewacht. Ein pl\u00f6tzlicher Herzinfarkt hat ihn still und ohne Leid von uns genommen. Sein Verlust schmerzt sehr \u2013 Jack hinterl\u00e4sst eine gro\u00dfe L\u00fccke im Shelter und in unseren Herzen. \ud83d\udc94<\/p>\n<p>Wir danken seiner Patin Annette von Herzen f\u00fcr die liebevolle Begleitung. \ud83d\udc9b<\/p>\n<hr \/>\n<p class=\"\" data-start=\"49\" data-end=\"80\"><strong data-start=\"49\" data-end=\"80\">In loving memory of Jack \ud83d\udda4<\/strong><\/p>\n<p class=\"\" data-start=\"82\" data-end=\"343\">On May 9th, 2025, our dear Jack closed his eyes forever.<br data-start=\"138\" data-end=\"141\" \/>Just the evening before, he was doing well \u2013 he had eaten, and there was no reason for concern.<br data-start=\"236\" data-end=\"239\" \/>But the next morning he simply didn\u2019t wake up. A sudden heart attack took him quietly and without pain.<\/p>\n<p class=\"\" data-start=\"345\" data-end=\"434\">His loss hurts deeply \u2013 Jack leaves behind a big gap in the shelter and in our hearts. \ud83d\udc94<\/p>\n<p class=\"\" data-start=\"436\" data-end=\"527\">We thank his sponsor Annette from the bottom of our hearts for her loving companionship. \ud83d\udc9b<\/p>\n<p data-start=\"436\" data-end=\"527\">\n<p data-start=\"436\" data-end=\"527\">\n<p data-start=\"436\" data-end=\"527\">\n<hr \/>\n<p data-start=\"436\" data-end=\"527\">\n<p>Hallo,<span class=\"Apple-converted-space\">\u00a0<\/span><\/p>\n<p>&nbsp;<\/p>\n<p>Ich bin Jack und wurde 2017 in Khokana gerettet mit gerade einmal 3 Monaten. Als Gemeinschaftshund hatte ich eine schmerzliche Hautkrankheit entwickelt. Hier im Tierheim konnte ich dank Spenden behandelt werden und meine Haut erholte sich schnell.<span class=\"Apple-converted-space\">\u00a0<\/span><\/p>\n<p>&nbsp;<\/p>\n<p>Ich bin ein sehr freundlicher und gl\u00fccklicher Hund. Unsere Besucher und meine Hundekumpels mag ich sehr. Nur gro\u00dfen Hunden gehe ich lieber aus dem Weg.<span class=\"Apple-converted-space\">\u00a0 <\/span>Ich finde ja man muss mich einfach lieben und kann mich nur wundern, dass ich in all den Jahre nicht adoptiert wurde.<span class=\"Apple-converted-space\">\u00a0<\/span><\/p>\n<p>&nbsp;<\/p>\n<p>Bei Sneha\u2019s Care sind wir ungef\u00e4hr 170 Hunde mit verschiedenen Problemen und unsere Pflege kostet viel. Weil hier viele Hunde auf sich gestellt auf der Stra\u00dfe leben m\u00fcssen, k\u00f6nnen die Menschen sich einfach einen passenden Stra\u00dfenhund aussuchen \u2013 und das sind meist gesunde, h\u00fcbsche Welpen. In ein Tierheim muss daf\u00fcr niemand fahren. Ich werde daher dauerhaft im Tierheim leben m\u00fcssen.<span class=\"Apple-converted-space\">\u00a0<\/span><\/p>\n<p>&nbsp;<\/p>\n<p>Ich danke Annette von Herzen, die mich als Patenhund ausgew\u00e4hlt hat &#8211; DANKE!<\/p>\n<p>&nbsp;<\/p>\n<p>\u2014\u2014\u2014\u2014\u2014\u2014\u2014\u2014\u2014<\/p>\n<p>Hello,<\/p>\n<p>I&#8217;m Jack and I was rescued in Khokana in 2017 when I was just 3 months old. As a community dog, I had developed a painful skin condition. Thanks to donations, I was able to be treated here at the shelter and my skin recovered quickly.<\/p>\n<p>I am a very friendly and happy dog. I really like our visitors and my dog \u200b\u200bbuddies. I prefer to avoid big dogs. I think you just have to love me and I can only be surprised that I wasn&#8217;t adopted in all these years.<\/p>\n<p>At Sneha&#8217;s Care we are around 170 dogs with different problems and our care costs a lot. Because many dogs have to live on the streets here on their own, people can simply choose a suitable street dog &#8211; and these are usually healthy, pretty puppies. Nobody has to go to an animal shelter for this. I will therefore have to live permanently in the shelter.<\/p>\n<p>I would like to thank Annette from the bottom of my heart for choosing me as a sponsored dog &#8211; THANK YOU!<\/p>\n<p>&nbsp;<\/p>\n<p>Bank Account Sneha's Care Deutschland e.V.<\/p>\n<p>Germany - Bank f\u00fcr Sozialwirtschaft<\/p>\n<p>IBAN: DE34 5502 0500 0001 6055 00 | BIC: BFSWDE33MNZ<\/p>","protected":false},"excerpt":{"rendered":"<p>Name: Jack<\/p>\n<p>Gender: Male<\/p>\n<p>Born: 2017<\/p>\n<p>Verstorben: 09.05.2025<\/p>\n<p>Colour: Black, white, brown<\/p>","protected":false},"featured_media":8744,"template":"","meta":[],"product_brand":[],"product_cat":[64],"product_tag":[],"class_list":{"0":"post-8743","1":"product","2":"type-product","3":"status-publish","4":"has-post-thumbnail","6":"product_cat-verstorben","8":"first","9":"instock","10":"shipping-taxable","11":"product-type-simple"},"_links":{"self":[{"href":"https:\/\/snehascare.de\/en\/wp-json\/wp\/v2\/product\/8743","targetHints":{"allow":["GET"]}}],"collection":[{"href":"https:\/\/snehascare.de\/en\/wp-json\/wp\/v2\/product"}],"about":[{"href":"https:\/\/snehascare.de\/en\/wp-json\/wp\/v2\/types\/product"}],"wp:featuredmedia":[{"embeddable":true,"href":"https:\/\/snehascare.de\/en\/wp-json\/wp\/v2\/media\/8744"}],"wp:attachment":[{"href":"https:\/\/snehascare.de\/en\/wp-json\/wp\/v2\/media?parent=8743"}],"wp:term":[{"taxonomy":"product_brand","embeddable":true,"href":"https:\/\/snehascare.de\/en\/wp-json\/wp\/v2\/product_brand?post=8743"},{"taxonomy":"product_cat","embeddable":true,"href":"https:\/\/snehascare.de\/en\/wp-json\/wp\/v2\/product_cat?post=8743"},{"taxonomy":"product_tag","embeddable":true,"href":"https:\/\/snehascare.de\/en\/wp-json\/wp\/v2\/product_tag?post=8743"}],"curies":[{"name":"wp","href":"https:\/\/api.w.org\/{rel}","templated":true}]}}