{"id":8736,"date":"2022-08-19T18:22:52","date_gmt":"2022-08-19T18:22:52","guid":{"rendered":"https:\/\/snehascare.de\/?post_type=product&#038;p=8736"},"modified":"2024-12-15T18:19:03","modified_gmt":"2024-12-15T18:19:03","slug":"haku","status":"publish","type":"product","link":"https:\/\/snehascare.de\/en\/hund\/haku\/","title":{"rendered":"Haku"},"content":{"rendered":"<p>Hallo lieber Mensch!<span class=\"Apple-converted-space\">\u00a0<\/span><\/p>\n<p>&nbsp;<\/p>\n<p>Mein Name ist Haku, ich wurde am 11.02.2022 in Dolalghat von Sneha\u2019s Care gerettet. Ich wurde dort von einem Fahrzeug erfasst und mein Hinterbein schwerst verletzt. Am 13.02.2022 musste ich operiert werden, da mein Bein so schlimm verletzt war, dass es amputiert werden musste. Seitdem habe ich mich sehr gut erholt. Ich kann das Leben wieder in vollen Z\u00fcgen genie\u00dfen, dass ich nur drei Beine habe, st\u00f6rt mich dabei nicht.<span class=\"Apple-converted-space\">\u00a0<\/span><\/p>\n<p>&nbsp;<\/p>\n<p>Wer das Tierheim besucht, kann mich kaum \u00fcbersehen. Den gro\u00dfen schwarzen Hund, der mit seinem Schwanz wedelt und mit seinen drei Beinen auf dich zul\u00e4uft, ja das bin ich. Aber bitte hab keine Angst, auch wenn ich etwas unbeholfen wirke, so bin ich freundlich und will nur deine Liebe. Und davon ganz viel.<span class=\"Apple-converted-space\">\u00a0<\/span><\/p>\n<p>&nbsp;<\/p>\n<p>Bei Sneha\u2019s Care sind wir ungef\u00e4hr 170 Hunde mit verschiedenen Problemen und unsere Pflege kostet viel. Weil hier viele Hunde auf sich gestellt auf der Stra\u00dfe leben m\u00fcssen, k\u00f6nnen die Menschen sich einfach einen passenden Stra\u00dfenhund aussuchen \u2013 und das sind meist gesunde, h\u00fcbsche Welpen. In ein Tierheim muss daf\u00fcr niemand fahren. Ich werde daher dauerhaft im Tierheim leben m\u00fcssen.<span class=\"Apple-converted-space\">\u00a0<\/span><\/p>\n<p>&nbsp;<\/p>\n<p>Ich habe das gro\u00dfe Gl\u00fcck mit Brit eine tolle Patin gefunden zu haben und sage ganz herzlich Danke an Zazie, die unser Gl\u00fcck vermittelt hat.<\/p>\n<p>&nbsp;<\/p>\n<p>\u2014\u2014\u2014\u2014\u2014\u2014\u2014\u2014\u2014\u2014<\/p>\n<p>Hello dear human!<\/p>\n<p>My name is Haku, I was rescued by Sneha&#8217;s Care on 02.11.2022 in Dolalghat. I was hit by a vehicle there and my hind leg was severely injured. On February 13th, 2022 I had to have an operation because my leg was injured so badly that it had to be amputated. Since then I have recovered very well. I can enjoy life to the fullest again, the fact that I only have three legs doesn&#8217;t bother me.<\/p>\n<p>Whoever visits the shelter can hardly miss me. The big black dog that wags its tail and runs towards you with its three legs, yes that&#8217;s me. But please don&#8217;t be afraid, even if I seem a bit awkward, I&#8217;m friendly and just want your love. And a lot of that.<\/p>\n<p>At Sneha&#8217;s Care we are around 170 dogs with different problems and our care costs a lot. Because many dogs have to live on the streets here on their own, people can simply choose a suitable street dog &#8211; and these are usually healthy, pretty puppies. Nobody has to go to an animal shelter for this. I will therefore have to live permanently in the shelter.<\/p>\n<p>I&#8217;m very fortunate to have found a great sponsor in Brit and I&#8217;d like to say a big thank you to Zazie, who brought us together.<\/p>\n<p>&nbsp;<\/p>\n<p>&nbsp;<\/p>\n<p>Bank Account Sneha's Care Deutschland e.V.<\/p>\n<p>Germany - Bank f\u00fcr Sozialwirtschaft<\/p>\n<p>IBAN: DE34 5502 0500 0001 6055 00 | BIC: BFSWDE33MNZ<\/p>","protected":false},"excerpt":{"rendered":"<p>Name: Haku<\/p>\n<p>Geschlecht: M\u00e4nnlich<span class=\"Apple-converted-space\">\u00a0<\/span><\/p>\n<p>Born: 2017<\/p>\n<p>Colour: black <span class=\"Apple-converted-space\">\u00a0<\/span><\/p>","protected":false},"featured_media":8737,"template":"","meta":[],"product_brand":[],"product_cat":[63],"product_tag":[],"class_list":{"0":"post-8736","1":"product","2":"type-product","3":"status-publish","4":"has-post-thumbnail","6":"product_cat-paten-gefunden","8":"first","9":"instock","10":"shipping-taxable","11":"product-type-simple"},"_links":{"self":[{"href":"https:\/\/snehascare.de\/en\/wp-json\/wp\/v2\/product\/8736","targetHints":{"allow":["GET"]}}],"collection":[{"href":"https:\/\/snehascare.de\/en\/wp-json\/wp\/v2\/product"}],"about":[{"href":"https:\/\/snehascare.de\/en\/wp-json\/wp\/v2\/types\/product"}],"wp:featuredmedia":[{"embeddable":true,"href":"https:\/\/snehascare.de\/en\/wp-json\/wp\/v2\/media\/8737"}],"wp:attachment":[{"href":"https:\/\/snehascare.de\/en\/wp-json\/wp\/v2\/media?parent=8736"}],"wp:term":[{"taxonomy":"product_brand","embeddable":true,"href":"https:\/\/snehascare.de\/en\/wp-json\/wp\/v2\/product_brand?post=8736"},{"taxonomy":"product_cat","embeddable":true,"href":"https:\/\/snehascare.de\/en\/wp-json\/wp\/v2\/product_cat?post=8736"},{"taxonomy":"product_tag","embeddable":true,"href":"https:\/\/snehascare.de\/en\/wp-json\/wp\/v2\/product_tag?post=8736"}],"curies":[{"name":"wp","href":"https:\/\/api.w.org\/{rel}","templated":true}]}}