{"id":8695,"date":"2022-06-11T15:20:36","date_gmt":"2022-06-11T15:20:36","guid":{"rendered":"https:\/\/snehascare.de\/?post_type=product&#038;p=8695"},"modified":"2024-01-19T22:41:32","modified_gmt":"2024-01-19T22:41:32","slug":"durga","status":"publish","type":"product","link":"https:\/\/snehascare.de\/en\/hund\/durga\/","title":{"rendered":"Durga"},"content":{"rendered":"<p><b>Abschied von Durga<\/b><\/p>\n<p>\ud83d\udc94 Wir verabschieden uns mit schwerem Herzen von unserer Durga, deren Name f\u00fcr Mut und St\u00e4rke steht. So haben wir sie als \u00dcberlebende der Staupeerkrankung kennen und lieben gelernt als sie im April 2022 nach einem Unfall zu uns kam.<span class=\"Apple-converted-space\">\u00a0<\/span><\/p>\n<p>Gestern Morgen ging es Durga noch gut. Das Team bemerkte jedoch im Laufe des Tages, dass sich ihr Zustand ver\u00e4nderte und verschlimmerte. Sie wurde sofort in eine Klinik gebracht, wo eine Vergiftung festgestellt wurde, aufgrund derer sie verstarb. Wir sind zutiefst geschockt und untersuchen den Vorfall.<\/p>\n<p>Nach nepalesischer Tradition wurde ihr die letzte Ehre erwiesen. \ud83c\udf08 Run free Durga \ud83c\udf08<\/p>\n<p>Wir danken Andrea, die sie als Patin begleitet hat. \ud83d\udc99<\/p>\n<p>&nbsp;<\/p>\n<p>&#8212;&#8212;&#8212;&#8212;&#8212;&#8212;&#8212;&#8212;<\/p>\n<p>Hallo mein Name ist Durga,<\/p>\n<p>&nbsp;<\/p>\n<p>Ich wurde nach einer hinduistischen G\u00f6ttin benannt, mein Name steht f\u00fcr St\u00e4rke und Mut. Was laut den Menschen hier auch meinen Charakter wiederspiegelt.<span class=\"Apple-converted-space\">\u00a0 <\/span>Ich bin \u00dcberlebende der Staupe, einer hoch ansteckenden Viruserkrankung. Ich hatte auch ein gebrochenes Bein und leide an einem halbseitigen Gesichtskrampf, einer St\u00f6rung des Nervensystems ist. Ich wurde am 4. April 2022 von einem Tierfreund dem Tierheim gemeldet und anschlie\u00dfend von Sneha\u2019s Care Team in das Tierheim gebracht. Auf den Stra\u00dfen h\u00e4tte ich so nicht \u00fcberleben k\u00f6nnen.<span class=\"Apple-converted-space\">\u00a0<\/span><\/p>\n<p>&nbsp;<\/p>\n<p>Mit Staupe zu k\u00e4mpfen war sehr hart. Fr\u00fcher zuckte ich st\u00e4ndig und sch\u00fcttelte beim Gehen immer den Kopf. Mit meinen gebrochenen Beinen war auch das Gehen schwierig. Ich habe mich von der Staupe erholt und es geht mir viel besser als zuvor. Ich habe viel durchgemacht und trotz allem, was mir passiert ist, bleibe ich immer noch stark und freundlich und sehe die Welt in einem positiven Licht.<span class=\"Apple-converted-space\">\u00a0<\/span><\/p>\n<p>&nbsp;<\/p>\n<p>Bei Sneha&#8217;s Care sind wir ungef\u00e4hr 170 Hunde mit verschiedenen Problemen und unsere Pflege kostet viel. Deshalb suche ich eine Patin\/einen Paten, denn ich geh\u00f6re zu den Hunden, die keine Familie in Nepal mehr finden. Weil hier viele Hunde auf sich gestellt auf der Stra\u00dfe leben m\u00fcssen, k\u00f6nnen die Menschen sich einfach einen passenden Stra\u00dfenhund aussuchen \u2013 und das sind meist gesunde, h\u00fcbsche Welpen. In ein Tierheim muss daf\u00fcr niemand fahren. Ich werde daher dauerhaft im Tierheim leben m\u00fcssen.<span class=\"Apple-converted-space\">\u00a0<\/span><\/p>\n<p>&nbsp;<\/p>\n<p>Mit Andrea habe ich eine liebe Patin gefunden und freue mich dar\u00fcber sehr ! Dankesch\u00f6n !<\/p>\n<p>\u2014\u2014\u2014\u2014-<\/p>\n<p>Hello my name is Durga,<\/p>\n<p>I was named after a Hindu goddess, my name represents strength and courage. Which, according to the people here, also reflects my character. I am a survivor of distemper, a highly contagious viral disease. I also had a broken leg and suffer from hemifacial spasm which is a nervous system disorder. I was reported to the shelter by an animal friend on April 4th 2022 and then taken to the shelter by Sneha&#8217;s Care Team. I couldn&#8217;t have survived on the streets like that.<\/p>\n<p>Fighting distemper was very hard. I used to twitch all the time and shake my head while walking. With my broken legs, walking was also difficult. I have recovered from distemper and am doing much better than before. I&#8217;ve been through a lot and despite everything that&#8217;s happened to me, I still remain strong and kind and see the world in a positive light.<\/p>\n<p>At Sneha&#8217;s Care we are around 170 dogs with various problems and our care costs a lot. That is why I am looking for a sponsor, because I am one of those dogs that, due to their age, can no longer find a family in Nepal. Because many dogs here have to live on their own on the street, people can simply choose a suitable street dog &#8211; and these are mostly healthy, beautiful puppies. Nobody has to go to an animal shelter for this. I will have to live permanently at the animal shelter.<\/p>\n<p>I have found a dear sponsor in Andrea and I am very happy about it! Thanks very much !<\/p>\n<p>Bank Account Sneha's Care Deutschland e.V.<\/p>\n<p>Germany - Bank f\u00fcr Sozialwirtschaft<\/p>\n<p>IBAN: DE34 5502 0500 0001 6055 00 | BIC: BFSWDE33MNZ<\/p>","protected":false},"excerpt":{"rendered":"<p>Gender: Female<\/p>\n<p>Born:<span class=\"Apple-converted-space\">\u00a0 <\/span>2019<\/p>\n<p>Verstorben: 16.01.2024<\/p>\n<p>Colour: Brown<\/p>","protected":false},"featured_media":8696,"template":"","meta":[],"product_brand":[],"product_cat":[64],"product_tag":[],"class_list":{"0":"post-8695","1":"product","2":"type-product","3":"status-publish","4":"has-post-thumbnail","6":"product_cat-verstorben","8":"first","9":"instock","10":"shipping-taxable","11":"product-type-simple"},"_links":{"self":[{"href":"https:\/\/snehascare.de\/en\/wp-json\/wp\/v2\/product\/8695","targetHints":{"allow":["GET"]}}],"collection":[{"href":"https:\/\/snehascare.de\/en\/wp-json\/wp\/v2\/product"}],"about":[{"href":"https:\/\/snehascare.de\/en\/wp-json\/wp\/v2\/types\/product"}],"wp:featuredmedia":[{"embeddable":true,"href":"https:\/\/snehascare.de\/en\/wp-json\/wp\/v2\/media\/8696"}],"wp:attachment":[{"href":"https:\/\/snehascare.de\/en\/wp-json\/wp\/v2\/media?parent=8695"}],"wp:term":[{"taxonomy":"product_brand","embeddable":true,"href":"https:\/\/snehascare.de\/en\/wp-json\/wp\/v2\/product_brand?post=8695"},{"taxonomy":"product_cat","embeddable":true,"href":"https:\/\/snehascare.de\/en\/wp-json\/wp\/v2\/product_cat?post=8695"},{"taxonomy":"product_tag","embeddable":true,"href":"https:\/\/snehascare.de\/en\/wp-json\/wp\/v2\/product_tag?post=8695"}],"curies":[{"name":"wp","href":"https:\/\/api.w.org\/{rel}","templated":true}]}}