{"id":8693,"date":"2022-06-11T14:55:37","date_gmt":"2022-06-11T14:55:37","guid":{"rendered":"https:\/\/snehascare.de\/?post_type=product&#038;p=8693"},"modified":"2023-08-13T12:39:19","modified_gmt":"2023-08-13T12:39:19","slug":"bhairav","status":"publish","type":"product","link":"https:\/\/snehascare.de\/en\/hund\/bhairav\/","title":{"rendered":"Bhairav"},"content":{"rendered":"<p>Nicht mehr im Shelter<\/p>\n<p>&nbsp;<\/p>\n<p>Hallo mein Name ist Bhairav,<\/p>\n<p>&nbsp;<\/p>\n<p>am 12. M\u00e4rz 2022 \u00fcberfuhr mich ein Fahrzeug, wodurch ein Nerv dauerhaft gesch\u00e4digt wurde, was zu einer L\u00e4hmung f\u00fchrte. Ich hatte am R\u00fccken eine offene, stark schmerzende Wunde. Sneha\u2019s Care Team brachte mich in das Tierheim, wo sie sofort mit meiner Behandlung begannen.<\/p>\n<p>&nbsp;<\/p>\n<p>Meine Wunden sind gut verheilt, aber ich kann nicht mehr alleine gehen. Ich brauche ein bisschen Unterst\u00fctzung und benutze einen Rollstuhl, um mit meinen pelzigen Freunden herumzulaufen und zu spielen. Das Team von Sneha\u2019s Care versorgt mich kontinuierlich mit Medikamenten und Therapie und ich m\u00f6chte mir gar nicht vorstellen, was passiert w\u00e4re, wenn ich nicht gerettet worden w\u00e4re. Ich bin den Menschen dankbar, die sich so gut um mich k\u00fcmmern. Ich freue mich \u00fcber jeden Besucher sehr, der mir Aufmerksamkeit und Zuneigung schenkt. F\u00fcr viele mag mein Leben als behinderter Hund nicht lebenswert sein, aber es ist lebenswert &#8211; f\u00fcr mich!<span class=\"Apple-converted-space\">\u00a0<\/span><\/p>\n<p>&nbsp;<\/p>\n<p>Bei Sneha&#8217;s Care sind wir ungef\u00e4hr 170 Hunde mit verschiedenen Problemen und unsere Pflege kostet viel. Deshalb suche ich eine Patin\/einen Paten, denn ich geh\u00f6re zu den Hunden, die keine Familie in Nepal mehr finden. Weil hier viele Hunde auf sich gestellt auf der Stra\u00dfe leben m\u00fcssen, k\u00f6nnen die Menschen sich einfach einen passenden Stra\u00dfenhund aussuchen \u2013 und das sind meist gesunde, h\u00fcbsche Welpen. In ein Tierheim muss daf\u00fcr niemand fahren. Ich werde daher dauerhaft im Tierheim leben m\u00fcssen.<span class=\"Apple-converted-space\">\u00a0<\/span><\/p>\n<p>&nbsp;<\/p>\n<p>M\u00f6chtest du meine Patin\/mein Pate werden?<\/p>\n<p>&nbsp;<\/p>\n<p>Du erh\u00e4ltst eine Patenschaftsurkunde sowie regelm\u00e4\u00dfig ein Update \u00fcber meine Entwicklung, au\u00dferdem eine steuerlich wirksame Spendenbescheinigung. Die Patenschaft kann nat\u00fcrlich jederzeit beendet werden. Bei R\u00fcckfragen das Team gerne kontaktieren.<\/p>\n<p>\u2014\u2014\u2014\u2014-<\/p>\n<p>Hello my name is Bhairav,<\/p>\n<p>on March 12, 2022 I was run over by a vehicle, permanently damaging a nerve resulting in paralysis. I had an open, very painful wound on my back. Sneha&#8217;s Care Team took me to the shelter where they immediately started my treatment.<\/p>\n<p>My wounds have healed well, but I can no longer walk on my own. I need a bit of assistance and use a wheelchair to walk and play with my furry friends. The Sneha&#8217;s Care team provides me with constant medication and therapy and I can&#8217;t imagine what would have happened if I hadn&#8217;t been rescued. I am grateful to the people who take such good care of me. I am very happy about every visitor who gives me attention and affection. For many my life as a disabled dog may not be worth living, but it is worth living &#8211; for me!<\/p>\n<p>At Sneha&#8217;s Care we are around 170 dogs with various problems and our care costs a lot. That is why I am looking for a sponsor, because I am one of those dogs that, due to their age, can no longer find a family in Nepal. Because many dogs here have to live on their own on the street, people can simply choose a suitable street dog &#8211; and these are mostly healthy, beautiful puppies. Nobody has to go to an animal shelter for this. I will have to live permanently at the animal shelter.<\/p>\n<p>Would you like to be my sponsor?<\/p>\n<p>You will receive a sponsorship certificate and regular updates on my development, as well as a tax-effective donation receipt. The sponsorship can of course be terminated at any time. If you have any questions, please contact the team.<\/p>\n\n<div class=\"wpcf7 no-js\" id=\"wpcf7-f8095-o1\" lang=\"de-DE\" dir=\"ltr\" data-wpcf7-id=\"8095\">\n<div class=\"screen-reader-response\"><p role=\"status\" aria-live=\"polite\" aria-atomic=\"true\"><\/p> <ul><\/ul><\/div>\n<form action=\"\/en\/wp-json\/wp\/v2\/product\/8693#wpcf7-f8095-o1\" method=\"post\" class=\"wpcf7-form init\" aria-label=\"Kontaktformular\" novalidate=\"novalidate\" data-status=\"init\" data-trp-original-action=\"\/en\/wp-json\/wp\/v2\/product\/8693#wpcf7-f8095-o1\">\n<fieldset class=\"hidden-fields-container\"><input type=\"hidden\" name=\"_wpcf7\" value=\"8095\" \/><input type=\"hidden\" name=\"_wpcf7_version\" value=\"6.1\" \/><input type=\"hidden\" name=\"_wpcf7_locale\" value=\"de_DE\" \/><input type=\"hidden\" name=\"_wpcf7_unit_tag\" value=\"wpcf7-f8095-o1\" \/><input type=\"hidden\" name=\"_wpcf7_container_post\" value=\"0\" \/><input type=\"hidden\" name=\"_wpcf7_posted_data_hash\" value=\"\" \/>\n<\/fieldset>\n<h2>Yes, I want do be a sponsor!<\/h2>\n\n<span class=\"wpcf7-form-control-wrap\" data-name=\"radio-729\"><span class=\"wpcf7-form-control wpcf7-radio\"><span class=\"wpcf7-list-item first\"><input type=\"radio\" name=\"radio-729\" value=\"Dazu zahle ich 50 Euro im Monat f\u00fcr\" checked=\"checked\" \/><span class=\"wpcf7-list-item-label\">I pay 50 Euros per Month for:<\/span><\/span><span class=\"wpcf7-list-item last\"><input type=\"radio\" name=\"radio-729\" value=\"Ich werde Jahrespate und zahle 200 Euro einmalig f\u00fcr\" \/><span class=\"wpcf7-list-item-label\">I will become an annual sponsor and pay 200 Euros one-time for:<\/span><\/span><\/span><\/span>\n<\/br>\n\n<label>Name of the Animal (Required)\n    <span class=\"wpcf7-form-control-wrap\" data-name=\"tiername\"><input size=\"40\" maxlength=\"400\" class=\"wpcf7-form-control wpcf7-text\" aria-invalid=\"false\" value=\"\" type=\"text\" name=\"tiername\" \/><\/span> <\/label>\n\n<label>Surename (Required)\n    <span class=\"wpcf7-form-control-wrap\" data-name=\"lastname\"><input size=\"40\" maxlength=\"400\" class=\"wpcf7-form-control wpcf7-text wpcf7-validates-as-required\" aria-required=\"true\" aria-invalid=\"false\" value=\"\" type=\"text\" name=\"lastname\" \/><\/span> <\/label>\n\n<label>First Name (Required)\n    <span class=\"wpcf7-form-control-wrap\" data-name=\"firstname\"><input size=\"40\" maxlength=\"400\" class=\"wpcf7-form-control wpcf7-text wpcf7-validates-as-required\" aria-required=\"true\" aria-invalid=\"false\" value=\"\" type=\"text\" name=\"firstname\" \/><\/span> <\/label>\n\n<label> Street, Number (Required)\n    <span class=\"wpcf7-form-control-wrap\" data-name=\"address1\"><input size=\"40\" maxlength=\"400\" class=\"wpcf7-form-control wpcf7-text wpcf7-validates-as-required\" aria-required=\"true\" aria-invalid=\"false\" value=\"\" type=\"text\" name=\"address1\" \/><\/span> <\/label>\n\n<label> Postcode (Required)\n    <span class=\"wpcf7-form-control-wrap\" data-name=\"address2\"><input size=\"40\" maxlength=\"400\" class=\"wpcf7-form-control wpcf7-text wpcf7-validates-as-required\" aria-required=\"true\" aria-invalid=\"false\" value=\"\" type=\"text\" name=\"address2\" \/><\/span> <\/label>\n\n<label> City (Required)\n    <span class=\"wpcf7-form-control-wrap\" data-name=\"address3\"><input size=\"40\" maxlength=\"400\" class=\"wpcf7-form-control wpcf7-text wpcf7-validates-as-required\" aria-required=\"true\" aria-invalid=\"false\" value=\"\" type=\"text\" name=\"address3\" \/><\/span> <\/label>\n\n<label> Country (Required)\n    <span class=\"wpcf7-form-control-wrap\" data-name=\"address4\"><input size=\"40\" maxlength=\"400\" class=\"wpcf7-form-control wpcf7-text wpcf7-validates-as-required\" aria-required=\"true\" aria-invalid=\"false\" value=\"\" type=\"text\" name=\"address4\" \/><\/span> <\/label>\n\n<label> Mailadress (Required)\n    <span class=\"wpcf7-form-control-wrap\" data-name=\"email\"><input size=\"40\" maxlength=\"400\" class=\"wpcf7-form-control wpcf7-email wpcf7-validates-as-required wpcf7-text wpcf7-validates-as-email\" aria-required=\"true\" aria-invalid=\"false\" value=\"\" type=\"email\" name=\"email\" \/><\/span> <\/label>\n\n<label>I am giving a sponsorship as a gift. Please enter the name of the recipient here. \n    <span class=\"wpcf7-form-control-wrap\" data-name=\"pate\"><input size=\"40\" maxlength=\"400\" class=\"wpcf7-form-control wpcf7-text\" aria-invalid=\"false\" value=\"\" type=\"text\" name=\"pate\" \/><\/span> <\/label>\n<\/br>\n<h2> Direct debit mandate <\/h2>\n\n<span class=\"wpcf7-form-control-wrap\" data-name=\"einzugsermaechtigung-checkbox\"><span class=\"wpcf7-form-control wpcf7-acceptance\"><span class=\"wpcf7-list-item\"><label><input type=\"checkbox\" name=\"einzugsermaechtigung-checkbox\" value=\"1\" aria-invalid=\"false\" \/><span class=\"wpcf7-list-item-label\">I authorise Sneha's Care e.V. to debit my bank account with the amount due until further notice.<\/span><\/label><\/span><\/span><\/span>\n<label> Name Account holder (Required) \n    <span class=\"wpcf7-form-control-wrap\" data-name=\"kontoinhaber\"><input size=\"40\" maxlength=\"400\" class=\"wpcf7-form-control wpcf7-text wpcf7-validates-as-required\" aria-required=\"true\" aria-invalid=\"false\" value=\"\" type=\"text\" name=\"kontoinhaber\" \/><\/span> <\/label>\n<label> IBAN Number (Required) \n    <span class=\"wpcf7-form-control-wrap\" data-name=\"iban\"><input size=\"40\" maxlength=\"400\" class=\"wpcf7-form-control wpcf7-text wpcf7-validates-as-required\" aria-required=\"true\" aria-invalid=\"false\" value=\"\" type=\"text\" name=\"iban\" \/><\/span> <\/label>\n<label> BIC Number (Required) \n    <span class=\"wpcf7-form-control-wrap\" data-name=\"bic\"><input size=\"40\" maxlength=\"400\" class=\"wpcf7-form-control wpcf7-text wpcf7-validates-as-required\" aria-required=\"true\" aria-invalid=\"false\" value=\"\" type=\"text\" name=\"bic\" \/><\/span> <\/label>\n<label> Name of the Bank (Required)\n    <span class=\"wpcf7-form-control-wrap\" data-name=\"kreditinstitut\"><input size=\"40\" maxlength=\"400\" class=\"wpcf7-form-control wpcf7-text wpcf7-validates-as-required\" aria-required=\"true\" aria-invalid=\"false\" value=\"\" type=\"text\" name=\"kreditinstitut\" \/><\/span> <\/label>\n<\/br>\n\n<p>We use a secure SSL certificate to encrypt the information you send to us.<\/p>\n<p>By using this form, you consent to the storage and processing of your data by this website.<\/p>\n<button class=\"wpcf7-form-control wpcf7-submit qodef-button qodef-size--normal qodef-type--filled qodef-m\" type=\"submit\"><span class=\"qodef-m-text\">Send<\/span><\/button><div class=\"wpcf7-response-output\" aria-hidden=\"true\"><\/div>\n<input type=\"hidden\" name=\"trp-form-language\" value=\"en\"\/><\/form>\n<\/div>\n\n<p>&nbsp;<\/p>\n<p>Bank Account Sneha's Care Deutschland e.V.<\/p>\n<p>Germany - Bank f\u00fcr Sozialwirtschaft<\/p>\n<p>IBAN: DE34 5502 0500 0001 6055 00 | BIC: BFSWDE33MNZ<\/p>","protected":false},"excerpt":{"rendered":"<p>Gender: Male<\/p>\n<p>Born:<span class=\"Apple-converted-space\">\u00a0 <\/span>2019<\/p>\n<p>Colour: Black, brown<\/p>","protected":false},"featured_media":8694,"template":"","meta":[],"product_brand":[],"product_cat":[62],"product_tag":[],"class_list":{"0":"post-8693","1":"product","2":"type-product","3":"status-publish","4":"has-post-thumbnail","6":"product_cat-unkategorisiert","8":"first","9":"instock","10":"shipping-taxable","11":"purchasable","12":"product-type-simple"},"_links":{"self":[{"href":"https:\/\/snehascare.de\/en\/wp-json\/wp\/v2\/product\/8693","targetHints":{"allow":["GET"]}}],"collection":[{"href":"https:\/\/snehascare.de\/en\/wp-json\/wp\/v2\/product"}],"about":[{"href":"https:\/\/snehascare.de\/en\/wp-json\/wp\/v2\/types\/product"}],"wp:featuredmedia":[{"embeddable":true,"href":"https:\/\/snehascare.de\/en\/wp-json\/wp\/v2\/media\/8694"}],"wp:attachment":[{"href":"https:\/\/snehascare.de\/en\/wp-json\/wp\/v2\/media?parent=8693"}],"wp:term":[{"taxonomy":"product_brand","embeddable":true,"href":"https:\/\/snehascare.de\/en\/wp-json\/wp\/v2\/product_brand?post=8693"},{"taxonomy":"product_cat","embeddable":true,"href":"https:\/\/snehascare.de\/en\/wp-json\/wp\/v2\/product_cat?post=8693"},{"taxonomy":"product_tag","embeddable":true,"href":"https:\/\/snehascare.de\/en\/wp-json\/wp\/v2\/product_tag?post=8693"}],"curies":[{"name":"wp","href":"https:\/\/api.w.org\/{rel}","templated":true}]}}