{"id":8691,"date":"2022-06-11T14:32:49","date_gmt":"2022-06-11T14:32:49","guid":{"rendered":"https:\/\/snehascare.de\/?post_type=product&#038;p=8691"},"modified":"2025-05-03T17:18:26","modified_gmt":"2025-05-03T17:18:26","slug":"rupak","status":"publish","type":"product","link":"https:\/\/snehascare.de\/en\/hund\/rupak\/","title":{"rendered":"Rupak"},"content":{"rendered":"<p>VERMITTELT NACH BELGIEN 5\/ 2025<\/p>\n<p>&nbsp;<\/p>\n<p>Hallo mein Name ist Rupak,<\/p>\n<p>&nbsp;<\/p>\n<p>Ich war gerade zwei Monate alt, als ich Opfer eines Verkehrsunfalls wurde. Das Team von Sneha\u2019s Care rettet mich zum Gl\u00fcck am 11.04.2022 und brachte mich in das Tierheim. Mit meinen Verletzungen h\u00e4tte ich nicht \u00fcberlebt. Bei dem Aufprall wurde mein Augapfel so schwer verletzt, so dass ich jetzt nur noch ein funktionierendes Auge habe. Auch wenn ich vielleicht nur ein Auge habe, sehe ich die Welt mit so viel Liebe und Hoffnung. Menschen mag ich sehr und schenke unseren Besuchern meine Liebe und Zuneigung.<span class=\"Apple-converted-space\">\u00a0<\/span><\/p>\n<p>&nbsp;<\/p>\n<p>Bei Sneha&#8217;s Care sind wir ungef\u00e4hr 170 Hunde mit verschiedenen Problemen und unsere Pflege kostet viel. Deshalb suche ich eine Patin\/einen Paten, denn ich geh\u00f6re zu den Hunden, die keine Familie in Nepal mehr finden. Weil hier viele Hunde auf sich gestellt auf der Stra\u00dfe leben m\u00fcssen, k\u00f6nnen die Menschen sich einfach einen passenden Stra\u00dfenhund aussuchen \u2013 und das sind meist gesunde, h\u00fcbsche Welpen. In ein Tierheim muss daf\u00fcr niemand fahren. Ich werde daher dauerhaft im Tierheim leben m\u00fcssen.<span class=\"Apple-converted-space\">\u00a0<\/span><\/p>\n<p>&nbsp;<\/p>\n<p>Mit Nina habe ich eine wundervoll Patin gefunden &#8211; daf\u00fcr bin ich dankbar &#8211; Danke!<\/p>\n<p>\u2014\u2014\u2014\u2014-<\/p>\n<p>Hello my name is Rupak,<\/p>\n<p>I was just two months old when I was the victim of a traffic accident. Luckily, Sneha&#8217;s Care team rescued me on April 11, 2022 and brought me to the shelter. I would not have survived with my injuries. My eyeball was badly injured. Even though I may only have one eye, I see the world with so much love and hope. I like people very much and give our visitors my love and affection.<\/p>\n<p>At Sneha&#8217;s Care we are around 170 dogs with various problems and our care costs a lot. That is why I am looking for a sponsor, because I am one of those dogs that, due to their age, can no longer find a family in Nepal. Because many dogs here have to live on their own on the street, people can simply choose a suitable street dog &#8211; and these are mostly healthy, beautiful puppies. Nobody has to go to an animal shelter for this. I will have to live permanently at the animal shelter.<\/p>\n<p>With Nina I have found a wonderful sponsor &#8211; I am grateful for that &#8211; thank you!<\/p>\n<p>Bank Account Sneha's Care Deutschland e.V.<\/p>\n<p>Germany - Bank f\u00fcr Sozialwirtschaft<\/p>\n<p>IBAN: DE34 5502 0500 0001 6055 00 | BIC: BFSWDE33MNZ<\/p>","protected":false},"excerpt":{"rendered":"<p>Gender: Male<\/p>\n<p>Born:<span class=\"Apple-converted-space\">\u00a0 <\/span>ca. Februar 2022<\/p>\n<p>Farbe: schwarz und wei\u00df<\/p>","protected":false},"featured_media":8692,"template":"","meta":[],"product_brand":[],"product_cat":[62],"product_tag":[],"class_list":{"0":"post-8691","1":"product","2":"type-product","3":"status-publish","4":"has-post-thumbnail","6":"product_cat-unkategorisiert","8":"first","9":"instock","10":"shipping-taxable","11":"product-type-simple"},"_links":{"self":[{"href":"https:\/\/snehascare.de\/en\/wp-json\/wp\/v2\/product\/8691","targetHints":{"allow":["GET"]}}],"collection":[{"href":"https:\/\/snehascare.de\/en\/wp-json\/wp\/v2\/product"}],"about":[{"href":"https:\/\/snehascare.de\/en\/wp-json\/wp\/v2\/types\/product"}],"wp:featuredmedia":[{"embeddable":true,"href":"https:\/\/snehascare.de\/en\/wp-json\/wp\/v2\/media\/8692"}],"wp:attachment":[{"href":"https:\/\/snehascare.de\/en\/wp-json\/wp\/v2\/media?parent=8691"}],"wp:term":[{"taxonomy":"product_brand","embeddable":true,"href":"https:\/\/snehascare.de\/en\/wp-json\/wp\/v2\/product_brand?post=8691"},{"taxonomy":"product_cat","embeddable":true,"href":"https:\/\/snehascare.de\/en\/wp-json\/wp\/v2\/product_cat?post=8691"},{"taxonomy":"product_tag","embeddable":true,"href":"https:\/\/snehascare.de\/en\/wp-json\/wp\/v2\/product_tag?post=8691"}],"curies":[{"name":"wp","href":"https:\/\/api.w.org\/{rel}","templated":true}]}}