{"id":8682,"date":"2022-06-07T18:57:34","date_gmt":"2022-06-07T18:57:34","guid":{"rendered":"https:\/\/snehascare.de\/?post_type=product&#038;p=8682"},"modified":"2022-08-09T18:28:38","modified_gmt":"2022-08-09T18:28:38","slug":"romi","status":"publish","type":"product","link":"https:\/\/snehascare.de\/en\/hund\/romi\/","title":{"rendered":"Romi (Kunti)"},"content":{"rendered":"<p>Liebe Romi,<\/p>\n<p>wir verabschieden uns mit schwerem Herzen von unserer tapferen und freundlichen Romi. Wir werden deine neugierige, freundliche Art sehr vermissen. Leider bist du so pl\u00f6tzlich von uns gegangen aufgrund deiner Nierenprobleme.<\/p>\n<p>&nbsp;<\/p>\n<p>Wir hoffen, du kommst gut \u00fcber die Regenbogenbr\u00fccke und bist auf der anderen Seite frei und kannst endlich wieder durch gr\u00fcne Wiesen toben.<\/p>\n<p>&nbsp;<\/p>\n<p>Du fehlst!<\/p>\n<hr \/>\n<p>Dear Romi,<\/p>\n<p>we say goodby with a heavy heart to our brave and friendly Romi. We will miss your curious, friendly personality very much. Unfortunately you left us so suddenly because of your kidney problems.<\/p>\n<p>&nbsp;<\/p>\n<p>We hope you cross the rainbow bridge safely and you are free on the other side and can finally romp through green meadows again.<\/p>\n<p>&nbsp;<\/p>\n<p>We miss you!<\/p>\n<hr \/>\n<p>&nbsp;<\/p>\n<p>&nbsp;<\/p>\n<p>Hallo mein Name ist Romi,<\/p>\n<p>&nbsp;<\/p>\n<p>Ich wurde von meinen vorigen Besitzern auf den Stra\u00dfen von Bhaisipati ausgesetzt aufgrund meiner Hautkrankheit. Ich verstand nat\u00fcrlich nicht, dass sie mich absichtlich zur\u00fcckgelassen hatten und irrte durch die Stra\u00dfen in der Hoffnung, meine Besitzer wieder zu finden. Hungrig und mit f\u00fcrchterlich juckender Haut. Ich wusste nicht, wie ich auf den Stra\u00dfen Essen oder Unterschlupf finden sollte. Mein Zustand verschlimmerte sich Tag f\u00fcr Tag. Am 05.05.2022 wurde ich von Sneha\u2019s Care Team gerettet. Sie brachten mich in das Tierheim, wo ich wegen meiner Hautkrankheit behandelt wurde. Mit den notwendigen Medikamenten erhole ich mich wieder und meine entz\u00fcndete Haut h\u00f6rt der Vergangenheit an. Ich liebe es durch den Au\u00dfenbereich des Tierheims zu streifen und genie\u00dfe die Ruhe eines schattigen Pl\u00e4tzchens. Ich freue mich \u00fcber Besucher, denn ich habe viel Liebe zu geben.<span class=\"Apple-converted-space\">\u00a0<\/span><\/p>\n<p>&nbsp;<\/p>\n<p>Bei Sneha&#8217;s Care sind wir ungef\u00e4hr 170 Hunde mit verschiedenen Problemen und unsere Pflege kostet viel. Deshalb suche ich eine Patin\/einen Paten, denn ich geh\u00f6re zu den Hunden, die aufgrund ihres Alters keine Familie in Nepal mehr finden. Weil hier viele Hunde auf sich gestellt auf der Stra\u00dfe leben m\u00fcssen, k\u00f6nnen die Menschen sich einfach einen passenden Stra\u00dfenhund aussuchen \u2013 und das sind meist gesunde, h\u00fcbsche Welpen. In ein Tierheim muss daf\u00fcr niemand fahren. Ich werde daher dauerhaft im Tierheim leben m\u00fcssen.<span class=\"Apple-converted-space\">\u00a0<\/span><\/p>\n<p>&nbsp;<\/p>\n<p>&nbsp;<\/p>\n<p>\u2014\u2014\u2014\u2014-<\/p>\n<p>Hello my name is Romi,<\/p>\n<p>I was abandoned on the streets of Bhaisipati by my previous owners due to my skin disease. Of course I didn&#8217;t understand that they had left me behind on purpose and wandered the streets hoping to find my owners again. Hungry and with terribly itchy skin. I didn&#8217;t know how to find food or shelter on the streets. My condition worsened day by day. On May 5th, 2022 I was rescued by Sneha&#8217;s Care Team. They took me to the shelter where I received medical treatment. With the necessary medication I am recovering and my inflamed skin is a thing of the past. I love to roam the outdoor area of the shelter and enjoy the peace of a shady spot. I welcome visitors because I have a lot of love to give.<\/p>\n<p>At Sneha&#8217;s Care we are around 170 dogs with various problems and our care costs a lot. That is why I am looking for a sponsor, because I am one of those dogs that, due to their age, can no longer find a family in Nepal. Because many dogs here have to live on their own on the street, people can simply choose a suitable street dog &#8211; and these are mostly healthy, beautiful puppies. Nobody has to go to an animal shelter for this. I will have to live permanently at the animal shelter.<\/p>\n<p>&nbsp;<\/p>\n<p>Bank Account Sneha's Care Deutschland e.V.<\/p>\n<p>Germany - Bank f\u00fcr Sozialwirtschaft<\/p>\n<p>IBAN: DE34 5502 0500 0001 6055 00 | BIC: BFSWDE33MNZ<\/p>","protected":false},"excerpt":{"rendered":"<p>Gender: Female<\/p>\n<p>Born: 2015<\/p>\n<p>Verstorben: August 2022<\/p>\n<p>Farbe: brown\/schwarz<\/p>","protected":false},"featured_media":8683,"template":"","meta":[],"product_brand":[],"product_cat":[64],"product_tag":[],"class_list":{"0":"post-8682","1":"product","2":"type-product","3":"status-publish","4":"has-post-thumbnail","6":"product_cat-verstorben","8":"first","9":"instock","10":"shipping-taxable","11":"product-type-simple"},"_links":{"self":[{"href":"https:\/\/snehascare.de\/en\/wp-json\/wp\/v2\/product\/8682","targetHints":{"allow":["GET"]}}],"collection":[{"href":"https:\/\/snehascare.de\/en\/wp-json\/wp\/v2\/product"}],"about":[{"href":"https:\/\/snehascare.de\/en\/wp-json\/wp\/v2\/types\/product"}],"wp:featuredmedia":[{"embeddable":true,"href":"https:\/\/snehascare.de\/en\/wp-json\/wp\/v2\/media\/8683"}],"wp:attachment":[{"href":"https:\/\/snehascare.de\/en\/wp-json\/wp\/v2\/media?parent=8682"}],"wp:term":[{"taxonomy":"product_brand","embeddable":true,"href":"https:\/\/snehascare.de\/en\/wp-json\/wp\/v2\/product_brand?post=8682"},{"taxonomy":"product_cat","embeddable":true,"href":"https:\/\/snehascare.de\/en\/wp-json\/wp\/v2\/product_cat?post=8682"},{"taxonomy":"product_tag","embeddable":true,"href":"https:\/\/snehascare.de\/en\/wp-json\/wp\/v2\/product_tag?post=8682"}],"curies":[{"name":"wp","href":"https:\/\/api.w.org\/{rel}","templated":true}]}}