{"id":8652,"date":"2022-06-04T19:26:52","date_gmt":"2022-06-04T19:26:52","guid":{"rendered":"https:\/\/snehascare.de\/?post_type=product&#038;p=8652"},"modified":"2022-11-21T19:31:17","modified_gmt":"2022-11-21T19:31:17","slug":"ram","status":"publish","type":"product","link":"https:\/\/snehascare.de\/en\/hund\/ram\/","title":{"rendered":"Ram"},"content":{"rendered":"<p><strong>Erinnerung an Ram\u00a0<\/strong><\/p>\n<p>Mit schwerem Herzen verabschieden wir uns von unserem Ram, der uns so unerwartet verlassen hat. Du warst viel zu jung, um zu gehen. Wir tr\u00f6sten uns mit dem Gedanken, dass du nicht leiden musstest. Deine sch\u00fcchterne, sanfte und doch neugierige Art wird uns sehr fehlen. Wir hoffen, du bist an einem besseren Ort, wieder vereint mit deinem Bruder.<\/p>\n<p>Wir w\u00fcnschen dir eine gute Reise \u00fcber die Regenbogenbr\u00fccke, wo dein Bruder und hoffentlich viele Leckerlies und gr\u00fcne Wiesen auf dich warten !<\/p>\n<p>Du fehlst !<\/p>\n<p>Wir danken Corinna, die dich auf deinem viel zu kurzen Weg in unserer Welt als Patin begleitet hat!<\/p>\n<hr \/>\n<p>In memory of Ram<\/p>\n<p>With a broken heart we say goodbye to our Ram, who left us so unexpectedly. You were way too young to go. We comfort ourselves with the thought that you did not had to suffer. We will miss your shy, gentle and yet curious nature very much. We hope you are in a better place, reunited with your brother.<\/p>\n<p>We wish you a good journey over the rainbow bridge, where your brother and hopefully lots of treats and green meadows are waiting for you!<\/p>\n<p>We miss you !<\/p>\n<p>We thank Corinna, who accompanied you as a sponsor on your much too short path in our world!<\/p>\n<p>&nbsp;<\/p>\n<hr \/>\n<p>&nbsp;<\/p>\n<p>Hallo mein Name ist Ram,<\/p>\n<p>&nbsp;<\/p>\n<p>benannt nach dem hinduistischen Gott. Ich habe auch einen\u00a0Bruder, der mir zum Verwechseln \u00e4hnlich sieht, deswegen trage ich ein rotes Halsband. Wenn ihr mich fragt, bin ich nat\u00fcrlich der s\u00fc\u00dfere von uns beiden. Ich bin zwar sehr sch\u00fcchtern, liebe es aber mit Kindern zu spielen. In Kirtipur habe ich mit meiner Mutter und meinem Bruder gelebt. Ich wurde getreten und verjagt und eine schlimme Hautkrankheit machte mir zu schaffen. Von Tag zu Tag wurde ich schw\u00e4cher. Auf der Stra\u00dfe h\u00e4tte ich nicht \u00fcberlebt. Sneha\u2019s Care nahm mich im Tierheim auf, gaben mir einen sicheren Ort, Nahrung und Medikamente, die meine Hautkrankheit und die Schmerzen linderten. Ich f\u00fchle mich wie neugeboren.<span class=\"Apple-converted-space\">\u00a0<\/span><\/p>\n<p>&nbsp;<\/p>\n<p>Bei Sneha&#8217;s Care sind wir ungef\u00e4hr 170 Hunde mit verschiedenen Problemen und unsere Pflege kostet viel. Deshalb suche ich eine Patin\/einen Paten, denn ich geh\u00f6re zu den Hunden, die aufgrund ihres \u00c4u\u00dferen keine Familie in Nepal mehr finden. Weil hier viele Hunde auf sich gestellt auf der Stra\u00dfe leben m\u00fcssen, k\u00f6nnen die Menschen sich einfach einen passenden Stra\u00dfenhund aussuchen \u2013 und das sind meist gesunde, h\u00fcbsche Welpen. In ein Tierheim muss daf\u00fcr niemand fahren. Ich werde daher dauerhaft im Tierheim leben m\u00fcssen.<span class=\"Apple-converted-space\">\u00a0<\/span><\/p>\n<p>&nbsp;<\/p>\n<p>Ich bin dankbar mit Corinna eine liebe Patin gefunden zu haben &#8211; DANKE!<\/p>\n<p>\u2014\u2014\u2014\u2014-<\/p>\n<p>Hello my name is Ram,<\/p>\n<p>Named after the Hindu god. I have one Brother who looks like me, that&#8217;s why I wear a red collar. Of course, if you ask me, I&#8217;m the cuter one. Although I am very shy, I love to play with children. In Kirtipur I lived with my mother and brother. I was kicked and chased away, and I developed a serious skin disease. Day by day I got weaker. I wouldn&#8217;t have survived on the street. Sneha&#8217;s Care took me into the shelter, gave me a safe place, food and medication that helped with my skin condition and pain. I feel newborn.<\/p>\n<p>At Sneha&#8217;s Care we are around 170 dogs with various problems and our care costs a lot. That is why I am looking for a sponsor, because I am one of those dogs that, due to their age, can no longer find a family in Nepal. Because many dogs here have to live on their own on the street, people can simply choose a suitable street dog &#8211; and these are mostly healthy, beautiful puppies. Nobody has to go to an animal shelter for this. I will have to live permanently at the animal shelter.<\/p>\n<p>I am grateful that I have found a dear sponsor with Corinna &#8211; THANK YOU!<\/p>\n<p class=\"p1\"><span class=\"s2\">Bank Account Sneha's Care Deutschland e.V.<\/span><\/p>\n<p class=\"p1\"><span class=\"s2\">Germany - Bank f\u00fcr Sozialwirtschaft<\/span><\/p>\n<p class=\"p1\"><span class=\"s2\">IBAN: DE34 5502 0500 0001 6055 00 | BIC: BFSWDE33MNZ<\/span><\/p>\n<p>&nbsp;<\/p>","protected":false},"excerpt":{"rendered":"<p>Gender: Male<\/p>\n<p>Born:<span class=\"Apple-converted-space\">\u00a0 <\/span>ca. M\u00e4rz 2022<\/p>\n<p>Verstorben: November 2022<\/p>\n<p>Colour: Brown<\/p>","protected":false},"featured_media":8653,"template":"","meta":[],"product_brand":[],"product_cat":[64],"product_tag":[],"class_list":{"0":"post-8652","1":"product","2":"type-product","3":"status-publish","4":"has-post-thumbnail","6":"product_cat-verstorben","8":"first","9":"instock","10":"shipping-taxable","11":"product-type-simple"},"_links":{"self":[{"href":"https:\/\/snehascare.de\/en\/wp-json\/wp\/v2\/product\/8652","targetHints":{"allow":["GET"]}}],"collection":[{"href":"https:\/\/snehascare.de\/en\/wp-json\/wp\/v2\/product"}],"about":[{"href":"https:\/\/snehascare.de\/en\/wp-json\/wp\/v2\/types\/product"}],"wp:featuredmedia":[{"embeddable":true,"href":"https:\/\/snehascare.de\/en\/wp-json\/wp\/v2\/media\/8653"}],"wp:attachment":[{"href":"https:\/\/snehascare.de\/en\/wp-json\/wp\/v2\/media?parent=8652"}],"wp:term":[{"taxonomy":"product_brand","embeddable":true,"href":"https:\/\/snehascare.de\/en\/wp-json\/wp\/v2\/product_brand?post=8652"},{"taxonomy":"product_cat","embeddable":true,"href":"https:\/\/snehascare.de\/en\/wp-json\/wp\/v2\/product_cat?post=8652"},{"taxonomy":"product_tag","embeddable":true,"href":"https:\/\/snehascare.de\/en\/wp-json\/wp\/v2\/product_tag?post=8652"}],"curies":[{"name":"wp","href":"https:\/\/api.w.org\/{rel}","templated":true}]}}