{"id":8649,"date":"2022-06-04T18:22:31","date_gmt":"2022-06-04T18:22:31","guid":{"rendered":"https:\/\/snehascare.de\/?post_type=product&#038;p=8649"},"modified":"2022-07-30T06:54:05","modified_gmt":"2022-07-30T06:54:05","slug":"sapana","status":"publish","type":"product","link":"https:\/\/snehascare.de\/en\/hund\/sapana\/","title":{"rendered":"Sapana"},"content":{"rendered":"<p>Hallo mein Name ist Sapana,<\/p>\n<p>&nbsp;<\/p>\n<p>Ich bin eine friedliche H\u00fcndin mit zwei S\u00f6hnen, die ich sehr liebe. Wir haben fr\u00fcher in der N\u00e4he von Kirtipur gelebt. Da wir immer wieder von Menschen bel\u00e4stigt und misshandelt wurden, f\u00fchle ich mich in der N\u00e4he von ihnen unwohl und bin sehr sch\u00fcchtern. Wir litten alle an einer schmerzlichen Hautkrankheit, hatten jeden Tag Hunger. Wir waren in einer sehr schlechten Verfassung. Auf der Stra\u00dfe h\u00e4tten wir nicht weiter \u00fcberleben k\u00f6nnen.<span class=\"Apple-converted-space\">\u00a0<\/span><\/p>\n<p>&nbsp;<\/p>\n<p>Zu unserem Gl\u00fcck wurden wir von Sneha\u2019s Care gefunden und aufgenommen. Endlich konnten wir Linderung erfahren. Endlich erhielten wir Essen und Medikamente. Meine Gesundheit und meine Hautprobleme haben sich verbessert. Hier kann ich sicher leben, ohne Hunger und st\u00e4ndige Schmerzen.<span class=\"Apple-converted-space\">\u00a0<\/span><\/p>\n<p>&nbsp;<\/p>\n<p>Bei Sneha&#8217;s Care sind wir ungef\u00e4hr 170 Hunde mit verschiedenen Problemen und unsere Pflege kostet viel. Deshalb suche ich eine Patin\/einen Paten, denn ich geh\u00f6re zu den Hunden, die aufgrund ihres Alters keine Familie in Nepal mehr finden. Weil hier viele Hunde auf sich gestellt auf der Stra\u00dfe leben m\u00fcssen, k\u00f6nnen die Menschen sich einfach einen passenden Stra\u00dfenhund aussuchen \u2013 und das sind meist gesunde, h\u00fcbsche Welpen. In ein Tierheim muss daf\u00fcr niemand fahren. Ich werde daher dauerhaft im Tierheim leben m\u00fcssen.<span class=\"Apple-converted-space\">\u00a0<\/span><\/p>\n<p>&nbsp;<\/p>\n<p>Mit Nevena habe ich eine liebe Patin gefunden und sage von Herzen DANKE.<\/p>\n<p>\u2014\u2014\u2014\u2014-<\/p>\n<p>Hello my name is Sapana,<\/p>\n<p>I am a peaceful dog with two sons who I love very much. We used to live near Kirtipur. Because we have always been harassed and abused by people, I feel uncomfortable around them and I am very shy. We all suffered from a painful skin disease and were hungry every day. We were in a very bad shape. We couldn&#8217;t have survived on the streets any longer.<\/p>\n<p>Luckily for us, Sneha&#8217;s Care found us. Finally we could experience relief. Finally we received food and medicine. My health and skin problems have improved. Here I can live safely, without hunger and constant pain.<\/p>\n<p>At Sneha&#8217;s Care we are around 170 dogs with various problems and our care costs a lot. That is why I am looking for a sponsor, because I am one of those dogs that, due to their age, can no longer find a family in Nepal. Because many dogs here have to live on their own on the street, people can simply choose a suitable street dog &#8211; and these are mostly healthy, beautiful puppies. Nobody has to go to an animal shelter for this. I will have to live permanently at the animal shelter.<\/p>\n<p>With Nevena I have found a dear sponsor and say THANK YOU from the bottom of my heart.<\/p>\n<p class=\"p1\"><span class=\"s1\">\u00a0<\/span><\/p>\n<p class=\"p1\"><span class=\"s2\">Bank Account Sneha's Care Deutschland e.V.<\/span><\/p>\n<p class=\"p1\"><span class=\"s2\">Germany - Bank f\u00fcr Sozialwirtschaft<\/span><\/p>\n<p class=\"p1\"><span class=\"s2\">IBAN: DE34 5502 0500 0001 6055 00 | BIC: BFSWDE33MNZ<\/span><\/p>","protected":false},"excerpt":{"rendered":"<p>Gender: Female<\/p>\n<p>Born:<span class=\"Apple-converted-space\">\u00a0 <\/span>ca. 2017\/2018<\/p>\n<p>Colour: Brown<\/p>","protected":false},"featured_media":8650,"template":"","meta":[],"product_brand":[],"product_cat":[63],"product_tag":[],"class_list":{"0":"post-8649","1":"product","2":"type-product","3":"status-publish","4":"has-post-thumbnail","6":"product_cat-paten-gefunden","8":"first","9":"instock","10":"shipping-taxable","11":"product-type-simple"},"_links":{"self":[{"href":"https:\/\/snehascare.de\/en\/wp-json\/wp\/v2\/product\/8649","targetHints":{"allow":["GET"]}}],"collection":[{"href":"https:\/\/snehascare.de\/en\/wp-json\/wp\/v2\/product"}],"about":[{"href":"https:\/\/snehascare.de\/en\/wp-json\/wp\/v2\/types\/product"}],"wp:featuredmedia":[{"embeddable":true,"href":"https:\/\/snehascare.de\/en\/wp-json\/wp\/v2\/media\/8650"}],"wp:attachment":[{"href":"https:\/\/snehascare.de\/en\/wp-json\/wp\/v2\/media?parent=8649"}],"wp:term":[{"taxonomy":"product_brand","embeddable":true,"href":"https:\/\/snehascare.de\/en\/wp-json\/wp\/v2\/product_brand?post=8649"},{"taxonomy":"product_cat","embeddable":true,"href":"https:\/\/snehascare.de\/en\/wp-json\/wp\/v2\/product_cat?post=8649"},{"taxonomy":"product_tag","embeddable":true,"href":"https:\/\/snehascare.de\/en\/wp-json\/wp\/v2\/product_tag?post=8649"}],"curies":[{"name":"wp","href":"https:\/\/api.w.org\/{rel}","templated":true}]}}